{"id":38971,"date":"2026-02-17T14:21:33","date_gmt":"2026-02-17T13:21:33","guid":{"rendered":"https:\/\/perfectvenue.eu\/?post_type=product&#038;p=38971"},"modified":"2026-02-17T14:19:23","modified_gmt":"2026-02-17T13:19:23","slug":"marriage-proposal-dubai-views","status":"publish","type":"product","link":"https:\/\/perfectvenue.eu\/fr\/product\/demande-en-mariage-a-dubai-avec-vue-sur-le-burj-al-arab-sur-la-plage-imbattable\/","title":{"rendered":"Demande en mariage \u00e0 Duba\u00ef avec vue sur le Burj Al Arab sur la plage &#8211; imbattable !"},"content":{"rendered":"<p><\/p>\n<p style=\"text-align: justify;\">Envie de surprendre l&rsquo;\u00e9lu(e) de votre c\u0153ur avec une demande en mariage \u00e0 Duba\u00ef avec vue sur le Burj Al Arab sur la plage? Eh bien, c&rsquo;est l&rsquo;id\u00e9al ! Vous pourrez vous agenouiller dans une magnifique crique, au c\u0153ur d&rsquo;une nature luxuriante et de cette atmosph\u00e8re luxueuse que seule Duba\u00ef offre. \u00c0 l&rsquo;aube comme au cr\u00e9puscule, cette ville ne d\u00e9\u00e7oit jamais.<\/p>\n<p style=\"text-align: justify;\">C&rsquo;est sans aucun doute le cadre id\u00e9al pour une demande en mariage, car chaque d\u00e9tail allie glamour et romantisme. Du sable blanc et des eaux cristallines \u00e0 l&rsquo;\u00e9clairage qui sublime la vue spectaculaire sur le Burj Al Arab.<\/p>\n<p style=\"text-align: justify;\">Le contraste entre la nature et l&rsquo;\u00e9l\u00e9gance unique de la ville rend le tout parfait. Vous pouvez y ajouter votre touche personnelle, comme un tapis rouge, un c\u0153ur fleuri g\u00e9ant, des lettres en bois \u00ab\u00a0Marry Me\u00a0\u00bb, des photos et tout ce qui vous passe par la t\u00eate\u00a0! Ainsi, votre demande en mariage \u00e0 Duba\u00ef, face au Burj Al Arab, sur la plage, sera encore plus m\u00e9morable.<\/p>\n<p style=\"text-align: justify;\">De plus, apr\u00e8s avoir dit \u00ab\u00a0oui\u00a0\u00bb, vous pourrez d\u00eener dans un restaurant gastronomique ou m\u00eame faire un pique-nique romantique aux chandelles en ville, berc\u00e9(e) par la douce brise marine et la musique. Cela cr\u00e9era une atmosph\u00e8re paisible, impr\u00e9gn\u00e9e de la beaut\u00e9 du paysage, et votre partenaire se sentira v\u00e9ritablement privil\u00e9gi\u00e9 lors de cet \u00e9v\u00e9nement m\u00e9morable.<\/p>\n<p style=\"text-align: justify;\">Cette demande en mariage \u00e0 Duba\u00ef, avec vue sur le Burj Al Arab et la plage, sera sans aucun doute une histoire que vous raconterez tous les deux avec tendresse et affection. Alors n&rsquo;h\u00e9sitez plus\u00a0!<\/p>\n<h3 style=\"text-align: justify;\">Ce qui est inclus dans votre demande en mariage \u00e0 Duba\u00ef avec vue sur le Burj Al Arab sur la plage :<\/h3>\n<ul style=\"text-align: justify;\">\n<li style=\"font-weight: 400;\" aria-level=\"1\">Photographe<\/li>\n<li style=\"font-weight: 400;\" aria-level=\"1\">D\u00e9coration de base<\/li>\n<li style=\"font-weight: 400;\" aria-level=\"1\">Organisation de la demande en mariage<\/li>\n<\/ul>\n<p style=\"text-align: justify;\"><strong>Prix : sur demande<\/strong><\/p>\n<h3 style=\"text-align: justify;\">Vous pouvez ajouter :<\/h3>\n<ul style=\"text-align: justify;\">\n<li style=\"font-weight: 400;\" aria-level=\"1\">Vid\u00e9o<\/li>\n<li style=\"font-weight: 400;\" aria-level=\"1\">Bouquet de fleurs<\/li>\n<li style=\"font-weight: 400;\" aria-level=\"1\">D\u00eener pour deux<\/li>\n<li style=\"font-weight: 400;\" aria-level=\"1\">Musique live (guitare ou violon)<\/li>\n<li style=\"font-weight: 400;\" aria-level=\"1\">Transport<\/li>\n<li style=\"font-weight: 400;\" aria-level=\"1\">D\u00e9coration sur mesure<\/li>\n<li style=\"font-weight: 400;\" aria-level=\"1\">Configurez-le comme vous le souhaitez\u00a0!<\/li>\n<\/ul>\n<h3 style=\"text-align: justify;\">Facilit\u00e9 de paiement<\/h3>\n<p style=\"text-align: justify;\">Vous n&rsquo;avez pas besoin de payer la totalit\u00e9 du prix de votre f\u00eate de fian\u00e7ailles \u00e0 Duba\u00ef avec vue sur le Burj Al Arab et la plage. Il vous suffit de verser un acompte et de r\u00e9gler le solde le jour J.<\/p>\n<p style=\"text-align: justify;\">Pas d&rsquo;inqui\u00e9tude, vivez votre nouvelle vie avec style\u00a0!<\/p>\n<p style=\"text-align: justify;\">*Les frais ne sont pas remboursables en cas d&rsquo;annulation de l&rsquo;\u00e9v\u00e9nement, quelle qu&rsquo;en soit la raison.<\/p>\n<p><\/p>","protected":false},"excerpt":{"rendered":"<p style=\"text-align: justify;\">Ce forfait demande en mariage \u00e0 Duba\u00ef avec vue sur le Burj Al Arab et la plage, offre un cadre romantique et luxueux, cr\u00e9ant une exp\u00e9rience unique pour d\u00e9clarer votre amour. <strong>Tarifs sur demande. R\u00e9servation obligatoire.<\/strong><\/p>\n","protected":false},"featured_media":41121,"comment_status":"open","ping_status":"closed","template":"","meta":{"_mo_disable_npp":""},"product_brand":[],"product_cat":[3003],"product_tag":[3385,3383,3384],"class_list":{"0":"post-38971","1":"product","2":"type-product","3":"status-publish","4":"has-post-thumbnail","6":"product_cat-marriage-proposal-packages-in-europe","7":"product_tag-dubai-proposal","8":"product_tag-3383","9":"product_tag-3384","11":"first","12":"instock","13":"taxable","14":"shipping-taxable","15":"product-type-simple"},"_links":{"self":[{"href":"https:\/\/perfectvenue.eu\/fr\/wp-json\/wp\/v2\/product\/38971","targetHints":{"allow":["GET"]}}],"collection":[{"href":"https:\/\/perfectvenue.eu\/fr\/wp-json\/wp\/v2\/product"}],"about":[{"href":"https:\/\/perfectvenue.eu\/fr\/wp-json\/wp\/v2\/types\/product"}],"replies":[{"embeddable":true,"href":"https:\/\/perfectvenue.eu\/fr\/wp-json\/wp\/v2\/comments?post=38971"}],"wp:featuredmedia":[{"embeddable":true,"href":"https:\/\/perfectvenue.eu\/fr\/wp-json\/wp\/v2\/media\/41121"}],"wp:attachment":[{"href":"https:\/\/perfectvenue.eu\/fr\/wp-json\/wp\/v2\/media?parent=38971"}],"wp:term":[{"taxonomy":"product_brand","embeddable":true,"href":"https:\/\/perfectvenue.eu\/fr\/wp-json\/wp\/v2\/product_brand?post=38971"},{"taxonomy":"product_cat","embeddable":true,"href":"https:\/\/perfectvenue.eu\/fr\/wp-json\/wp\/v2\/product_cat?post=38971"},{"taxonomy":"product_tag","embeddable":true,"href":"https:\/\/perfectvenue.eu\/fr\/wp-json\/wp\/v2\/product_tag?post=38971"}],"curies":[{"name":"wp","href":"https:\/\/api.w.org\/{rel}","templated":true}]}}