{"id":39048,"date":"2026-03-09T10:10:08","date_gmt":"2026-03-09T09:10:08","guid":{"rendered":"https:\/\/perfectvenue.eu\/?post_type=product&#038;p=39048"},"modified":"2026-03-30T04:29:05","modified_gmt":"2026-03-30T03:29:05","slug":"proposal-in-dubai-on-a-boat-with-flowers","status":"publish","type":"product","link":"https:\/\/perfectvenue.eu\/fr\/product\/demande-en-mariage-a-dubai-bateau-fleurs\/","title":{"rendered":"Demande en mariage \u00e0 Duba\u00ef sur un bateau fleuri. L&rsquo;originalit\u00e9 flotte!"},"content":{"rendered":"<p><\/p>\n<p style=\"text-align: justify;\">Vous \u00eates attir\u00e9 par Duba\u00ef, mais vous ne savez pas comment faire votre demande? Quoi de mieux qu&rsquo;une demande en mariage \u00e0 Duba\u00ef sur un bateau fleuri ? C&rsquo;est une alternative qui allie glamour et luxe \u00e0 parts \u00e9gales. De plus, vous pouvez r\u00e9server \u00e0 certaines heures, voire toute la journ\u00e9e!<\/p>\n<p style=\"text-align: justify;\">Le bateau, d\u00e9cor\u00e9 de compositions florales aux tons blanc, rose et rouge, \u00e9voque l&rsquo;\u00e9l\u00e9gance et la d\u00e9licatesse. Des p\u00e9tales de rose ornent la surface, cr\u00e9ant un chemin qui invite le couple \u00e0 s&rsquo;immerger dans un moment empreint de romantisme. La brise marine caresse doucement l&rsquo;eau, tandis que la vue sur Duba\u00ef s&rsquo;\u00e9blouit au loin, se refl\u00e9tant sur l&rsquo;eau et ajoutant une touche de magie au paysage.<\/p>\n<p style=\"text-align: justify;\">Pour compl\u00e9ter l&rsquo;exp\u00e9rience, un photographe professionnel est inclus pour immortaliser chaque instant: la location du bateau, la d\u00e9coration florale de base et l&rsquo;organisation de la demande en mariage \u00e0 Duba\u00ef sur un bateau fleuri. Ensuite, le couple peut c\u00e9l\u00e9brer l&rsquo;\u00e9v\u00e9nement avec une coupe de champagne sur le pont, profitant de la vue spectaculaire et des souvenirs de cette soir\u00e9e unique.<\/p>\n<p style=\"text-align: justify;\">Cette demande en mariage allie luxe, romantisme et \u00e9l\u00e9gance, cr\u00e9ant un souvenir inoubliable et marquant le d\u00e9but d&rsquo;une nouvelle \u00e9tape, faite d&rsquo;amour et de r\u00eaves \u00e0 r\u00e9aliser. Alors, n&rsquo;attendez plus et faites de votre demande en mariage \u00e0 Duba\u00ef sur un bateau fleuri un succ\u00e8s garanti!<\/p>\n<h3 style=\"text-align: justify;\">Ce qui est inclus dans votre demande en mariage \u00e0 Duba\u00ef sur un bateau fleuri:<\/h3>\n<ul>\n<li>Photographe<\/li>\n<li>Location du bateau<\/li>\n<li>Composition florale<\/li>\n<li>Organisation de la demande en mariage<\/li>\n<\/ul>\n<p><strong>Prix\u00a0: sur demande<\/strong><\/p>\n<h3>Options suppl\u00e9mentaires\u00a0:<\/h3>\n<ul>\n<li>Vid\u00e9o<\/li>\n<li>Bouquet de fleurs<\/li>\n<li>D\u00eener pour deux<\/li>\n<li>Musique live (guitare ou violon)<\/li>\n<li>Transport<\/li>\n<li>D\u00e9coration personnalis\u00e9e<\/li>\n<li>Configurez votre mariage comme vous le souhaitez!<\/li>\n<\/ul>\n<h3>Paiement facile<\/h3>\n<p style=\"text-align: justify;\">Il n&rsquo;est pas n\u00e9cessaire de payer la totalit\u00e9 du montant pour une demande en mariage \u00e0 Duba\u00ef sur un bateau fleuri. Il vous suffit de r\u00e9server \u00e0 l&rsquo;avance et de r\u00e9gler le solde le jour J.<\/p>\n<p style=\"text-align: justify;\">D\u00e9tendez-vous et vivez votre nouvelle vie avec classe\u00a0!<\/p>\n<p style=\"text-align: justify;\">*Les frais ne sont pas remboursables en cas d&rsquo;annulation de l&rsquo;\u00e9v\u00e9nement, quelle qu&rsquo;en soit la raison.<\/p>\n<p><\/p>","protected":false},"excerpt":{"rendered":"<p style=\"text-align: justify;\">Ce forfait demande en mariage \u00e0 Duba\u00ef sur un bateau fleuri offre un cadre romantique et luxueux, pour une exp\u00e9rience unique. <strong>Prix sur demande. R\u00e9servation obligatoire.<\/strong><\/p>\n","protected":false},"featured_media":41278,"comment_status":"open","ping_status":"closed","template":"","meta":{"_mo_disable_npp":""},"product_brand":[],"product_cat":[3003],"product_tag":[3312,3313],"class_list":{"0":"post-39048","1":"product","2":"type-product","3":"status-publish","4":"has-post-thumbnail","6":"product_cat-marriage-proposal-packages-in-europe","7":"product_tag-pedida-de-mano-en-dubai-en-una-barca-con-flores","8":"product_tag-pedida-de-mano-en-dubai-en-una-barca-con-flores-2026","10":"first","11":"instock","12":"taxable","13":"shipping-taxable","14":"product-type-simple"},"_links":{"self":[{"href":"https:\/\/perfectvenue.eu\/fr\/wp-json\/wp\/v2\/product\/39048","targetHints":{"allow":["GET"]}}],"collection":[{"href":"https:\/\/perfectvenue.eu\/fr\/wp-json\/wp\/v2\/product"}],"about":[{"href":"https:\/\/perfectvenue.eu\/fr\/wp-json\/wp\/v2\/types\/product"}],"replies":[{"embeddable":true,"href":"https:\/\/perfectvenue.eu\/fr\/wp-json\/wp\/v2\/comments?post=39048"}],"wp:featuredmedia":[{"embeddable":true,"href":"https:\/\/perfectvenue.eu\/fr\/wp-json\/wp\/v2\/media\/41278"}],"wp:attachment":[{"href":"https:\/\/perfectvenue.eu\/fr\/wp-json\/wp\/v2\/media?parent=39048"}],"wp:term":[{"taxonomy":"product_brand","embeddable":true,"href":"https:\/\/perfectvenue.eu\/fr\/wp-json\/wp\/v2\/product_brand?post=39048"},{"taxonomy":"product_cat","embeddable":true,"href":"https:\/\/perfectvenue.eu\/fr\/wp-json\/wp\/v2\/product_cat?post=39048"},{"taxonomy":"product_tag","embeddable":true,"href":"https:\/\/perfectvenue.eu\/fr\/wp-json\/wp\/v2\/product_tag?post=39048"}],"curies":[{"name":"wp","href":"https:\/\/api.w.org\/{rel}","templated":true}]}}