{"id":39067,"date":"2026-02-18T12:44:26","date_gmt":"2026-02-18T11:44:26","guid":{"rendered":"https:\/\/perfectvenue.eu\/?post_type=product&#038;p=39067"},"modified":"2026-02-20T12:48:14","modified_gmt":"2026-02-20T11:48:14","slug":"marriage-proposal-venice-music","status":"publish","type":"product","link":"https:\/\/perfectvenue.eu\/fr\/product\/une-demande-en-mariage-a-venise-en-gondole-avec-musique-un-moment-de-cinema\/","title":{"rendered":"Une demande en mariage \u00e0 Venise en gondole avec musique : un moment de cin\u00e9ma"},"content":{"rendered":"<p><\/p>\n<p style=\"text-align: justify;\">Faire sa demande en mariage \u00e0 Venise en gondole avec musique live est une exp\u00e9rience qui allie la magie de la ville \u00e0 une atmosph\u00e8re digne des histoires d&rsquo;amour les plus romantiques. Imaginez-vous d\u00e9clarer votre flamme au son d&rsquo;un violon au bord des canaux, cr\u00e9ant un moment aussi intime qu&rsquo;inoubliable.<\/p>\n<p style=\"text-align: justify;\">La demande en mariage a lieu dans une gondole priv\u00e9e, d\u00e9cor\u00e9e avec go\u00fbt et d\u00e9licatesse, de fleurs fra\u00eeches et de coussins \u00e9l\u00e9gants. Pendant le trajet, vous d\u00e9couvrirez des lieux embl\u00e9matiques comme le pont du Rialto et la basilique Santa Maria della Salute. \u00c0 votre arriv\u00e9e au pont, le gondolier s&rsquo;arr\u00eatera pour que vous puissiez faire votre demande et cr\u00e9er le moment parfait pour votre partenaire.<\/p>\n<p style=\"text-align: justify;\">Vous pouvez choisir parmi diff\u00e9rents styles musicaux\u00a0: d&rsquo;une s\u00e9r\u00e9nade classique avec accord\u00e9on et voix, \u00e0 un duo voix et guitare, ou, pour une musique plus classique, au violon. Le r\u00e9pertoire s&rsquo;adapte \u00e0 l&rsquo;humeur et aux go\u00fbts du couple, garantissant que chaque note accompagne le moment pr\u00e9cis o\u00f9 la grande question est pos\u00e9e.<\/p>\n<p style=\"text-align: justify;\">De plus, un photographe professionnel suivra discr\u00e8tement le voyage depuis une autre gondole afin de capturer l&rsquo;\u00e9motion et la beaut\u00e9 de l&rsquo;instant sans interrompre l&rsquo;exp\u00e9rience, laissant un souvenir visuel de ce moment unique.<\/p>\n<p style=\"text-align: justify;\">Cette proposition est parfaite pour les couples qui r\u00eavent d&rsquo;un cadre \u00e9l\u00e9gant, empreint de romantisme, avec une touche artistique et musicale qui sublime le tout. Venise, avec son histoire, sa lumi\u00e8re et sa beaut\u00e9, est le cadre id\u00e9al pour commencer une nouvelle vie \u00e0 deux.<\/p>\n<p style=\"text-align: justify;\">N&rsquo;oubliez pas que cette exp\u00e9rience est soumise \u00e0 disponibilit\u00e9 et n\u00e9cessite une r\u00e9servation \u00e0 l&rsquo;avance, car les gondoles avec musiciens sont tr\u00e8s demand\u00e9es. Tout est con\u00e7u pour que ce moment tant attendu soit parfait.<\/p>\n<p style=\"text-align: justify;\">Offrez \u00e0 votre histoire d&rsquo;amour une bande-son inoubliable. D\u00e9clarez votre flamme en gondole \u00e0 travers Venise, tandis que la musique enveloppe chaque seconde d&rsquo;un souvenir \u00e9ternel.<\/p>\n<h3 style=\"text-align: justify;\">Ce qui est inclus dans votre demande en mariage \u00e0 Venise<span style=\"font-family: Hanken; font-size: 1.5rem;\"> en gondole avec musique:<\/span><\/h3>\n<ul style=\"text-align: justify;\">\n<li aria-level=\"1\">Balade priv\u00e9e de 30 minutes en gondole<\/li>\n<li aria-level=\"1\">Photographe<\/li>\n<li aria-level=\"1\">Musique live<\/li>\n<li aria-level=\"1\">Bouquet de roses<\/li>\n<li aria-level=\"1\">Organisation d&rsquo;une demande en mariage<\/li>\n<\/ul>\n<p style=\"text-align: justify;\"><strong>Prix : sur demande<\/strong><\/p>\n<h3 style=\"text-align: justify;\">Vous pouvez ajouter :<\/h3>\n<ul style=\"text-align: justify;\">\n<li style=\"font-weight: 400;\" aria-level=\"1\">Vid\u00e9o<\/li>\n<li style=\"font-weight: 400;\" aria-level=\"1\">D\u00e9coration personnalis\u00e9e<\/li>\n<li style=\"font-weight: 400;\" aria-level=\"1\">Livraison<\/li>\n<li style=\"font-weight: 400;\" aria-level=\"1\">Configurez-la comme vous le souhaitez\u00a0!<\/li>\n<\/ul>\n<h3 style=\"text-align: justify;\">Facilit\u00e9 de paiement<\/h3>\n<p style=\"text-align: justify;\">Oui ! Vous n&rsquo;\u00eates pas oblig\u00e9 de payer la totalit\u00e9 du prix de votre croisi\u00e8re en gondole \u00e0 Venise. Il vous suffit de verser un acompte et de r\u00e9gler le solde le jour de l&rsquo;\u00e9v\u00e9nement.<\/p>\n<p style=\"text-align: justify;\">Pratique !<\/p>\n<p style=\"text-align: justify;\">*Les frais ne sont pas remboursables en cas d&rsquo;annulation de l&rsquo;\u00e9v\u00e9nement, quelle qu&rsquo;en soit la raison.<\/p>\n<p><\/p>","protected":false},"excerpt":{"rendered":"<p style=\"text-align: justify;\">Une demande en mariage \u00e0 Venise en gondole avec musique, une demande en mariage tr\u00e8s sp\u00e9ciale le long du canal le plus c\u00e9l\u00e8bre du monde. <strong>Prix\u00a0: sur demande. R\u00e9servation obligatoire.<\/strong><\/p>\n","protected":false},"featured_media":41216,"comment_status":"open","ping_status":"closed","template":"","meta":{"_mo_disable_npp":""},"product_brand":[],"product_cat":[3003],"product_tag":[3334,3330,3335],"class_list":{"0":"post-39067","1":"product","2":"type-product","3":"status-publish","4":"has-post-thumbnail","6":"product_cat-marriage-proposal-packages-in-europe","7":"product_tag-pedida-de-mano-en-venecia","8":"product_tag-pedida-de-mano-en-venecia-en-gondola","9":"product_tag-pedida-de-mano-en-venecia-en-gondola-con-musica","11":"first","12":"instock","13":"taxable","14":"shipping-taxable","15":"product-type-simple"},"_links":{"self":[{"href":"https:\/\/perfectvenue.eu\/fr\/wp-json\/wp\/v2\/product\/39067","targetHints":{"allow":["GET"]}}],"collection":[{"href":"https:\/\/perfectvenue.eu\/fr\/wp-json\/wp\/v2\/product"}],"about":[{"href":"https:\/\/perfectvenue.eu\/fr\/wp-json\/wp\/v2\/types\/product"}],"replies":[{"embeddable":true,"href":"https:\/\/perfectvenue.eu\/fr\/wp-json\/wp\/v2\/comments?post=39067"}],"wp:featuredmedia":[{"embeddable":true,"href":"https:\/\/perfectvenue.eu\/fr\/wp-json\/wp\/v2\/media\/41216"}],"wp:attachment":[{"href":"https:\/\/perfectvenue.eu\/fr\/wp-json\/wp\/v2\/media?parent=39067"}],"wp:term":[{"taxonomy":"product_brand","embeddable":true,"href":"https:\/\/perfectvenue.eu\/fr\/wp-json\/wp\/v2\/product_brand?post=39067"},{"taxonomy":"product_cat","embeddable":true,"href":"https:\/\/perfectvenue.eu\/fr\/wp-json\/wp\/v2\/product_cat?post=39067"},{"taxonomy":"product_tag","embeddable":true,"href":"https:\/\/perfectvenue.eu\/fr\/wp-json\/wp\/v2\/product_tag?post=39067"}],"curies":[{"name":"wp","href":"https:\/\/api.w.org\/{rel}","templated":true}]}}