{"id":39073,"date":"2026-02-20T10:21:42","date_gmt":"2026-02-20T09:21:42","guid":{"rendered":"https:\/\/perfectvenue.eu\/?post_type=product&#038;p=39073"},"modified":"2026-02-20T10:21:47","modified_gmt":"2026-02-20T09:21:47","slug":"marriage-proposal-venice-video","status":"publish","type":"product","link":"https:\/\/perfectvenue.eu\/fr\/product\/une-demande-en-mariage-en-video-a-venise-en-gondole-une-histoire-qui-perdure\/","title":{"rendered":"Une demande en mariage en vid\u00e9o \u00e0 Venise en gondole : une histoire qui perdure."},"content":{"rendered":"<p>Imaginez une demande en mariage en vid\u00e9o \u00e0 Venise en gondole et accompagn\u00e9e d&rsquo;une s\u00e9r\u00e9nade en direct le long des canaux. Voil\u00e0 l&rsquo;essence m\u00eame de cette demande : une demande unique alliant le charme v\u00e9nitien \u00e0 l&rsquo;art musical et \u00e0 la valeur \u00e9ternelle d&rsquo;un souvenir audiovisuel.<\/p>\n<p>L&rsquo;exp\u00e9rience commence \u00e0 bord d&rsquo;une gondole priv\u00e9e, soigneusement d\u00e9cor\u00e9e de fleurs, de d\u00e9tails \u00e9l\u00e9gants et d&rsquo;une atmosph\u00e8re intime cr\u00e9\u00e9e pour ce moment privil\u00e9gi\u00e9. Pendant la balade, vous visiterez des lieux embl\u00e9matiques comme le Grand Canal, le Pont aux Pieds Nus, ou des recoins moins fr\u00e9quent\u00e9s o\u00f9 r\u00e8gnent silence et magie.<\/p>\n<p>Un musicien (violoniste, accord\u00e9oniste ou m\u00eame un petit duo) vous accompagnera avec une s\u00e9lection de m\u00e9lodies romantiques qui s&rsquo;harmoniseront avec chaque \u00e9motion du voyage. La musique cr\u00e9e non seulement une atmosph\u00e8re inoubliable, mais donne \u00e9galement le rythme parfait \u00e0 ce \u00ab\u00a0veux-tu m&rsquo;\u00e9pouser\u00a0?\u00bb qui restera grav\u00e9 \u00e0 jamais dans votre m\u00e9moire.<\/p>\n<p>Et ce moment pr\u00e9cis sera immortalis\u00e9 par un vid\u00e9aste professionnel, qui vous suivra discr\u00e8tement depuis une autre gondole ou des points strat\u00e9giques de la ville. Sans perturber l&rsquo;exp\u00e9rience, ils immortaliseront avec sensibilit\u00e9 chaque geste, chaque sourire et chaque seconde du voyage. Une vid\u00e9o personnalis\u00e9e, mont\u00e9e ult\u00e9rieurement, capture \u00e0 la fois l&rsquo;environnement et les \u00e9motions ressenties.<\/p>\n<p>Choisissez le moment id\u00e9al\u00a0: une promenade au coucher du soleil, admirant les reflets dor\u00e9s du soleil sur l&rsquo;eau, ou une nuit paisible illumin\u00e9e par les lumi\u00e8res des palais v\u00e9nitiens. Tout est con\u00e7u pour vous offrir une exp\u00e9rience aussi r\u00e9aliste que cin\u00e9matographique.<\/p>\n<p>Ce mariage est parfait pour ceux qui recherchent un moment intime, romantique et inoubliable. Venise, avec son atmosph\u00e8re suspendue dans le temps, est l&rsquo;endroit id\u00e9al pour cr\u00e9er un souvenir aussi \u00e9ternel que votre amour.<\/p>\n<p>Veuillez noter que cette exp\u00e9rience n\u00e9cessite une r\u00e9servation \u00e0 l&rsquo;avance, car le musicien et le vid\u00e9aste doivent coordonner l&rsquo;itin\u00e9raire et les d\u00e9tails personnalis\u00e9s de la gondole. Tout est soigneusement organis\u00e9, chaque d\u00e9tail \u00e9tant soign\u00e9 pour que tout se d\u00e9roule naturellement et parfaitement.<\/p>\n<p>Donnez \u00e0 votre histoire d&rsquo;amour sa propre bande-son et une impression durable. Une demande en mariage \u00e0 Venise, avec musique live et vid\u00e9o, c&rsquo;est bien plus qu&rsquo;un simple oui : c&rsquo;est le d\u00e9but d&rsquo;une histoire vraiment racont\u00e9e.<\/p>\n<h3>Ce qui est inclus dans votre demande en mariage en vid\u00e9o \u00e0 Venise en gondole:<\/h3>\n<ul>\n<li aria-level=\"1\">Balade priv\u00e9e en gondole de 30 minutes<\/li>\n<li aria-level=\"1\">Vid\u00e9aste (1 heure)<\/li>\n<li aria-level=\"1\">Musique live<\/li>\n<li aria-level=\"1\">Bouquet de roses<\/li>\n<li aria-level=\"1\">Organisation de la demande en mariage<\/li>\n<\/ul>\n<p><strong>Prix : sur demande<\/strong><\/p>\n<h3>Vous pouvez ajouter:<\/h3>\n<ul>\n<li style=\"font-weight: 400;\" aria-level=\"1\">Photographe<\/li>\n<li aria-level=\"1\">D\u00e9coration sur mesure<\/li>\n<li aria-level=\"1\">Livraison<\/li>\n<li aria-level=\"1\">Configurez-la comme vous le souhaitez\u00a0!<\/li>\n<\/ul>\n<h3>Facilit\u00e9 de paiement<\/h3>\n<p>Oui ! Vous n&rsquo;\u00eates pas oblig\u00e9 de payer la totalit\u00e9 du prix de votre demande en mariage en vid\u00e9o \u00e0 Venise en gondole . Il vous suffit de verser un acompte et de r\u00e9gler le solde le jour de l&rsquo;\u00e9v\u00e9nement.<\/p>\n<p>Pratique !<\/p>\n<p>*Les frais ne sont pas remboursables en cas d&rsquo;annulation de l&rsquo;\u00e9v\u00e9nement, quelle qu&rsquo;en soit la raison.<\/p>","protected":false},"excerpt":{"rendered":"<p>Une demande en mariage en gondole \u00e0 Venise avec vid\u00e9o, une proposition tr\u00e8s sp\u00e9ciale le long du canal le plus c\u00e9l\u00e8bre du monde. <strong>Prix\u00a0: sur demande. R\u00e9servation obligatoire.<\/strong><\/p>\n","protected":false},"featured_media":41182,"comment_status":"open","ping_status":"closed","template":"","meta":{"_mo_disable_npp":""},"product_brand":[],"product_cat":[3003],"product_tag":[3340,3339,3341],"class_list":{"0":"post-39073","1":"product","2":"type-product","3":"status-publish","4":"has-post-thumbnail","6":"product_cat-marriage-proposal-packages-in-europe","7":"product_tag-pedida-de-mano-en-venecia-en-una-gondola","8":"product_tag-pedida-de-mano-en-venecia-en-una-gondola-con-video","9":"product_tag-pedida-de-mano-en-venecia-en-una-gondola-con-video-2026","11":"first","12":"instock","13":"taxable","14":"shipping-taxable","15":"product-type-simple"},"_links":{"self":[{"href":"https:\/\/perfectvenue.eu\/fr\/wp-json\/wp\/v2\/product\/39073","targetHints":{"allow":["GET"]}}],"collection":[{"href":"https:\/\/perfectvenue.eu\/fr\/wp-json\/wp\/v2\/product"}],"about":[{"href":"https:\/\/perfectvenue.eu\/fr\/wp-json\/wp\/v2\/types\/product"}],"replies":[{"embeddable":true,"href":"https:\/\/perfectvenue.eu\/fr\/wp-json\/wp\/v2\/comments?post=39073"}],"wp:featuredmedia":[{"embeddable":true,"href":"https:\/\/perfectvenue.eu\/fr\/wp-json\/wp\/v2\/media\/41182"}],"wp:attachment":[{"href":"https:\/\/perfectvenue.eu\/fr\/wp-json\/wp\/v2\/media?parent=39073"}],"wp:term":[{"taxonomy":"product_brand","embeddable":true,"href":"https:\/\/perfectvenue.eu\/fr\/wp-json\/wp\/v2\/product_brand?post=39073"},{"taxonomy":"product_cat","embeddable":true,"href":"https:\/\/perfectvenue.eu\/fr\/wp-json\/wp\/v2\/product_cat?post=39073"},{"taxonomy":"product_tag","embeddable":true,"href":"https:\/\/perfectvenue.eu\/fr\/wp-json\/wp\/v2\/product_tag?post=39073"}],"curies":[{"name":"wp","href":"https:\/\/api.w.org\/{rel}","templated":true}]}}