{"id":39079,"date":"2026-02-20T13:03:07","date_gmt":"2026-02-20T12:03:07","guid":{"rendered":"https:\/\/perfectvenue.eu\/?post_type=product&#038;p=39079"},"modified":"2026-02-21T11:05:18","modified_gmt":"2026-02-21T10:05:18","slug":"marriage-proposal-venice-exclusive","status":"publish","type":"product","link":"https:\/\/perfectvenue.eu\/fr\/product\/an-exclusive-marriage-proposal-in-venice-on-a-gondola-an-unforgettable-surprise\/","title":{"rendered":"Une demande en mariage exclusive \u00e0 Venise en gondole : une surprise inoubliable."},"content":{"rendered":"<p><\/p>\n<p style=\"text-align: justify;\">Ce forfait vous propose une demande en mariage exclusive \u00e0 Venise en gondole. Ajoutez de la musique live, une demande en mariage film\u00e9e et une pluie de p\u00e9tales depuis un pont, et vous obtiendrez une demande en mariage inoubliable.<\/p>\n<p style=\"text-align: justify;\">L&rsquo;exp\u00e9rience commence par une balade priv\u00e9e en gondole sur les canaux les plus pittoresques de la ville. L&rsquo;ambiance est soign\u00e9e\u00a0: d\u00e9corations florales, bougies et coussins moelleux. \u00c0 bord, un musicien joue des m\u00e9lodies romantiques tandis que vous naviguez entre les palais v\u00e9nitiens historiques.<\/p>\n<p style=\"text-align: justify;\">Au cours du voyage, vous visiterez des lieux embl\u00e9matiques comme le pont du Rialto et la basilique Santa Maria della Salute, ainsi que des canaux plus isol\u00e9s, o\u00f9 r\u00e8gne la tranquillit\u00e9 et l&rsquo;intimit\u00e9. L&rsquo;excursion est suivie par un vid\u00e9aste professionnel qui, depuis un autre bateau ou \u00e0 des points strat\u00e9giques de la ville, enregistre chaque d\u00e9tail sans intervenir, garantissant un souvenir \u00e9mouvant et authentique.<\/p>\n<p style=\"text-align: justify;\">Mais le moment le plus pr\u00e9cieux arrive lorsque la gondole s&rsquo;approche du pont o\u00f9 la demande en mariage aura lieu. L\u00e0, une surprise soigneusement pr\u00e9par\u00e9e vous attend\u00a0: dix personnes, strat\u00e9giquement positionn\u00e9es sur le pont, jetteront des p\u00e9tales de roses au moment m\u00eame o\u00f9 la grande demande sera pos\u00e9e. Cette pluie de fleurs enveloppe la sc\u00e8ne d&rsquo;une atmosph\u00e8re magique et provoque une \u00e9motion indescriptible.<\/p>\n<p style=\"text-align: justify;\">Tout a \u00e9t\u00e9 con\u00e7u pour rendre ce moment inoubliable\u00a0: de la musique d&rsquo;accompagnement au montage vid\u00e9o final, qui comprendra des images du voyage, des sons en direct et la r\u00e9action spontan\u00e9e \u00e0 la demande en mariage.<\/p>\n<p style=\"text-align: justify;\">Cette exp\u00e9rience est con\u00e7ue pour ceux qui r\u00eavent d&rsquo;une demande en mariage alliant romantisme, surprise, beaut\u00e9 visuelle et \u00e9motion authentique. Venise devient ainsi le cadre id\u00e9al pour entamer un nouveau chapitre avec un geste spectaculaire.<\/p>\n<p style=\"text-align: justify;\">Une r\u00e9servation est indispensable pour coordonner tous les \u00e9l\u00e9ments\u00a0: la gondole d\u00e9cor\u00e9e, le musicien, le vid\u00e9aste et les participants \u00e0 la surprise florale. Chaque d\u00e9tail est personnalis\u00e9 selon votre histoire, votre style et vos pr\u00e9f\u00e9rences pour que tout se d\u00e9roule parfaitement.<\/p>\n<p style=\"text-align: justify;\">Faites de votre demande en mariage un souvenir inoubliable. Gondole, musique, vid\u00e9o et p\u00e9tales flottant dans l&rsquo;air\u2026 \u00c0 Venise, tout est possible en mati\u00e8re d&rsquo;amour.<\/p>\n<h3 style=\"text-align: justify;\">Ce qui est inclus dans votre demande en mariage exclusive \u00e0 Venise en gondole:<\/h3>\n<ul style=\"text-align: justify;\">\n<li aria-level=\"1\">Balade priv\u00e9e en gondole de 30 minutes<\/li>\n<li aria-level=\"1\">Vid\u00e9aste (1 heure)<\/li>\n<li aria-level=\"1\">Musique live<\/li>\n<li aria-level=\"1\">Banni\u00e8re avec citation personnalis\u00e9e (affich\u00e9e sur le pont)<\/li>\n<li aria-level=\"1\">10 personnes sur le pont + p\u00e9tales de roses<\/li>\n<li aria-level=\"1\">Bouquet de roses<\/li>\n<li aria-level=\"1\">Organisation de la demande en mariage<\/li>\n<\/ul>\n<p style=\"text-align: justify;\"><strong>Prix : sur demande<\/strong><\/p>\n<h3 style=\"text-align: justify;\">Vous pouvez ajouter :<\/h3>\n<ul style=\"text-align: justify;\">\n<li style=\"font-weight: 400;\" aria-level=\"1\">Photographe<\/li>\n<li style=\"font-weight: 400;\" aria-level=\"1\">D\u00e9coration sur mesure<\/li>\n<li style=\"font-weight: 400;\" aria-level=\"1\">Livraison<\/li>\n<li style=\"font-weight: 400;\" aria-level=\"1\">Configurez-la comme vous le souhaitez\u00a0!<\/li>\n<\/ul>\n<h3 style=\"text-align: justify;\">Facilit\u00e9 de paiement<\/h3>\n<p style=\"text-align: justify;\">Oui ! Vous n&rsquo;avez pas besoin de payer la totalit\u00e9 du prix de votre demande en mariage exclusive \u00e0 Venise en gondole. Il vous suffit de verser un acompte et de r\u00e9gler le solde le jour de l&rsquo;\u00e9v\u00e9nement.<\/p>\n<p style=\"text-align: justify;\">Pratique !<\/p>\n<p style=\"text-align: justify;\">*Les frais ne sont pas remboursables en cas d&rsquo;annulation de l&rsquo;\u00e9v\u00e9nement, quelle qu&rsquo;en soit la raison.<\/p>\n<p><\/p>","protected":false},"excerpt":{"rendered":"<p style=\"text-align: justify;\">Une demande en mariage exclusive en gondole \u00e0 Venise est une exp\u00e9rience tr\u00e8s sp\u00e9ciale pour votre partenaire le long des canaux les plus c\u00e9l\u00e8bres du monde.<strong> Prix\u00a0: sur demande. R\u00e9servation obligatoire.<\/strong><\/p>\n","protected":false},"featured_media":41223,"comment_status":"open","ping_status":"closed","template":"","meta":{"_mo_disable_npp":""},"product_brand":[],"product_cat":[3003],"product_tag":[3334,3330,3333],"class_list":{"0":"post-39079","1":"product","2":"type-product","3":"status-publish","4":"has-post-thumbnail","6":"product_cat-marriage-proposal-packages-in-europe","7":"product_tag-pedida-de-mano-en-venecia","8":"product_tag-pedida-de-mano-en-venecia-en-gondola","9":"product_tag-pedida-de-mano-en-venecia-exclusiva-en-una-gondola","11":"first","12":"instock","13":"taxable","14":"shipping-taxable","15":"purchasable","16":"product-type-simple"},"_links":{"self":[{"href":"https:\/\/perfectvenue.eu\/fr\/wp-json\/wp\/v2\/product\/39079","targetHints":{"allow":["GET"]}}],"collection":[{"href":"https:\/\/perfectvenue.eu\/fr\/wp-json\/wp\/v2\/product"}],"about":[{"href":"https:\/\/perfectvenue.eu\/fr\/wp-json\/wp\/v2\/types\/product"}],"replies":[{"embeddable":true,"href":"https:\/\/perfectvenue.eu\/fr\/wp-json\/wp\/v2\/comments?post=39079"}],"wp:featuredmedia":[{"embeddable":true,"href":"https:\/\/perfectvenue.eu\/fr\/wp-json\/wp\/v2\/media\/41223"}],"wp:attachment":[{"href":"https:\/\/perfectvenue.eu\/fr\/wp-json\/wp\/v2\/media?parent=39079"}],"wp:term":[{"taxonomy":"product_brand","embeddable":true,"href":"https:\/\/perfectvenue.eu\/fr\/wp-json\/wp\/v2\/product_brand?post=39079"},{"taxonomy":"product_cat","embeddable":true,"href":"https:\/\/perfectvenue.eu\/fr\/wp-json\/wp\/v2\/product_cat?post=39079"},{"taxonomy":"product_tag","embeddable":true,"href":"https:\/\/perfectvenue.eu\/fr\/wp-json\/wp\/v2\/product_tag?post=39079"}],"curies":[{"name":"wp","href":"https:\/\/api.w.org\/{rel}","templated":true}]}}