{"id":11137,"date":"2017-04-18T08:16:34","date_gmt":"2017-04-18T05:16:34","guid":{"rendered":"https:\/\/perfectvenue.eu\/?page_id=11137"},"modified":"2025-09-09T16:03:18","modified_gmt":"2025-09-09T15:03:18","slug":"about-us","status":"publish","type":"page","link":"https:\/\/perfectvenue.eu\/it\/chi-siamo\/","title":{"rendered":"Chi siamo"},"content":{"rendered":"<p><\/p>\n<p style=\"text-align: justify;\" data-start=\"116\" data-end=\"578\">Perfect Venue \u00e8 il marketplace di riferimento per le destinazioni di nozze pi\u00f9 esclusive d\u2019Europa. Siamo specializzati nella selezione accurata di location di prestigio per coppie esigenti che desiderano un palcoscenico straordinario per la loro celebrazione. Dai maestosi castelli e palazzi storici alle tenute private e ville sul mare, ogni spazio presente sulla nostra piattaforma \u00e8 scelto per la sua eleganza, il suo patrimonio e la sua qualit\u00e0 senza pari.<\/p>\n<p style=\"text-align: justify;\" data-start=\"580\" data-end=\"899\">Con esperienza in matrimoni di destinazione e multiculturali, ci rivolgiamo a una clientela internazionale che apprezza la raffinatezza, la privacy e un servizio impeccabile. La nostra missione \u00e8 quella di connettere le coppie con location straordinarie che superino ogni aspettativa e incarnino il lusso senza tempo.<\/p>\n<p style=\"text-align: justify;\" data-start=\"901\" data-end=\"1096\">In Perfect Venue comprendiamo che un matrimonio \u00e8 molto pi\u00f9 di un evento: \u00e8 un\u2019eredit\u00e0. Per questo ci impegniamo affinch\u00e9 si svolga in un contesto tanto straordinario quanto l\u2019occasione stessa.<\/p>\n<p><\/p>","protected":false},"excerpt":{"rendered":"<p>Perfect Venue \u00e8 il marketplace di riferimento per le destinazioni di nozze pi\u00f9 esclusive d\u2019Europa. Siamo specializzati nella selezione accurata di location di prestigio per coppie esigenti che desiderano un palcoscenico straordinario per la loro celebrazione. Dai maestosi castelli e palazzi storici alle tenute private e ville sul mare, ogni spazio presente sulla nostra piattaforma [&hellip;]<\/p>\n","protected":false},"author":1,"featured_media":0,"parent":0,"menu_order":0,"comment_status":"closed","ping_status":"closed","template":"","meta":{"_mo_disable_npp":"","footnotes":""},"class_list":["post-11137","page","type-page","status-publish","hentry"],"_links":{"self":[{"href":"https:\/\/perfectvenue.eu\/it\/wp-json\/wp\/v2\/pages\/11137","targetHints":{"allow":["GET"]}}],"collection":[{"href":"https:\/\/perfectvenue.eu\/it\/wp-json\/wp\/v2\/pages"}],"about":[{"href":"https:\/\/perfectvenue.eu\/it\/wp-json\/wp\/v2\/types\/page"}],"author":[{"embeddable":true,"href":"https:\/\/perfectvenue.eu\/it\/wp-json\/wp\/v2\/users\/1"}],"replies":[{"embeddable":true,"href":"https:\/\/perfectvenue.eu\/it\/wp-json\/wp\/v2\/comments?post=11137"}],"version-history":[{"count":0,"href":"https:\/\/perfectvenue.eu\/it\/wp-json\/wp\/v2\/pages\/11137\/revisions"}],"wp:attachment":[{"href":"https:\/\/perfectvenue.eu\/it\/wp-json\/wp\/v2\/media?parent=11137"}],"curies":[{"name":"wp","href":"https:\/\/api.w.org\/{rel}","templated":true}]}}