{"id":11146,"date":"2017-04-18T08:18:13","date_gmt":"2017-04-18T05:18:13","guid":{"rendered":"https:\/\/perfectvenue.eu\/?page_id=11146"},"modified":"2019-01-16T20:11:18","modified_gmt":"2019-01-16T19:11:18","slug":"privacy-policy","status":"publish","type":"page","link":"https:\/\/perfectvenue.eu\/it\/privacy-policy\/","title":{"rendered":"Politica Sulla Protezione dei Dati Personali"},"content":{"rendered":"<p><\/p>\n<p style=\"text-align: justify;\">La presente Politica sulla protezione dei dati personali disciplina l&#8217;accesso e l\u2019utilizzo dei servizi offerti sul Sito da parte degli Utenti in qualit\u00e0 di titolari di dati personali suscettibili di protezione ai sensi delle normative vigenti in materia di protezione dei dati personali. PerfectueVenue.eu garantisce l\u2019adempimento integrale delle normative vigenti in materia di protezione dei dati personali e degli obblighi di riservatezza propri della sua attivit\u00e0.<\/p>\n<p style=\"text-align: justify;\">1. Titolare del trattamento Si informa che il Titolare del trattamento dei suoi dati personali \u00e8 la ditta Perfect Venue Finder. (di seguito, \u201cPerfectVenue.eu\u201d), con sede legale in Calle Teruel, 3, 28231, Las Rozas, Madrid (Espa\u00f1a) con posta elettronica info@perfectvenue.eu, \u00e8 il Responsabile del Tratamento dei sui dati personali.<\/p>\n<p style=\"text-align: justify;\">2. PerfectVenue.eu in qualit\u00e0 di Responsabile del trattamento PerfectVenue.eu agisce in qualit\u00e0 di Responsabile del trattamento in relazione ai seguenti servizi e ad altri eventualmente disponibili in futuro: Lista degli invitati Immagini pubblicate dagli Utenti \u2013 Real Wedding Dati del coniuge dell\u2019utente. Informazioni di contatto dei professionisti fornite dagli utenti nell\u2019ambito di una recensione. Dati degli utenti usati dai professionisti nell\u2019ambito dell\u2019uso, da parte degli stessi, degli strumenti forniti da PerfectVenue.eu. Dati degli invitati degli utenti che utilizzano i sevizi di liste di nozze e di wedding site. Contenuti apportati attraverso la Community L\u2019Utente e consumatore finale (sposo\/sposa), rimane il Titolare del trattamento dei dati personali forniti con motivo dei servizi prestati da PerfectVenue.eu, e come tale \u00e8 obbligato ad adempiere le normative vigenti in materia di protezione dei dati personali, ad ottenere il consenso informato degli interessati al trattamento dei loro dati personali e a fornire tutte le garanzie necessarie per il trattamento dei dati personali. L\u2019Utente rimane in ogni momento responsabile per le immagini pubblicate e i dati personali inseriti sul Sito. Salvo e impregiudicato quanto sopra, PerfectVenue.eu si riserva il diritto di ritirare eventuali Contenuti illeciti o illegali. PerfectVenue.eu tratter\u00e0 i dati secondo le clausole contrattuali tipo stabilite dalla Comissione Europea.<\/p>\n<p style=\"text-align: justify;\">3. Categorie di dati personali trattati I dati personali oggetto del trattamento sono i dati personali forniti dall&#8217;Utente a PerfectVenue.eu al momento della compilazione del modulo di registrazione on-line, attraverso i social network, attraverso il Servizio clienti o con qualsiasi altro mezzo consentito (chat, telefono, e-mail). In caso di utilizzo di social network, risulta di applicazione la politica sulla privacy ivi stabilita caso per caso. Le categorie di dati che PerfectVenue.eu \u00e8 autorizzata ad ottenere sono le seguenti: Utenti consumatori finali (sposi\/spose\/invitati\/invitate): Dati identificativi: nome, cognome, immagine, documento di identit\u00e0, nome utente nei social network (nome e cognome, in caso di accesso o interazione attraverso un social network). Dati di contatto: numero di telefono, indirizzo e-mail, domicilio, nome utente nei social network (nome e cognome, in caso di accesso o interazione attraverso un social network). Dati personali: data di nascita, luogo di nascita, nazionalit\u00e0, sesso. Dati economico-finanziari: dati bancari (se necessari). Utenti professionali Dati identificativi: Nome e cognome. Dati di contatto lavorativi: numero di telefono, indirizzo e-mail, domicilio professionale. Dati commerciali: ragione sociale e attivit\u00e0. Dati inclusi nella scheda\/profilo del professionista. Al momento della registrazione, l&#8217;Utente prende atto e accetta che le sue fotografie e il suo profilo di utente siano resi pubblicamente visibili al resto degli Utenti su PerfectVenue.eu oltre che sui vari motori di ricerca su Internet. Qualora i dati personali dell&#8217;utente vengano raccolti attraverso un social network, la politica della privacy applicabile deve essere quella stabilita da detto particolare social network.<\/p>\n<p style=\"text-align: justify;\">4. Carattere obbligatorio o facoltativo delle informazioni fornite dall\u2019Utente e veridicit\u00e0 dei dati I campi contrassegnati da un asterisco (*) nel modulo di registrazione da compilare a cura dell&#8217;Utente sono necessari per dar seguito alla sua richiesta, essendo facoltativo l&#8217;inserimento dei dati in tutti gli altri campi. Per quanto riguarda i dati forniti con qualsiasi altro mezzo, al momento del loro trattamento PerfectVenue.eu \u00e8, inoltre, tenuta a indicare agli Utenti l&#8217;obbligatoriet\u00e0 o meno del corrispondente inserimento. L&#8217;Utente garantisce che i dati personali forniti a PerfectVenue.eu sono veritieri e aggiornati, impegnandosi a comunicare qualsiasi modifica degli stessi, essendo l&#8217;Utente l\u2019unico responsabile in caso di inesattezza o falsit\u00e0 dei dati forniti per eventuali danni e perdite cagionati a PerfectVenue.eu o a terzi con motivo dell&#8217;utilizzo dei servizi offerti daPerfectVenue.eu. PerfectVenue.eu a sua volta dichiara che i dati personali ricavati sono in ogni momento adeguati, pertinenti e commisurati rispetto all\u2019ambito, alle finalit\u00e0 specifiche e alla natura dei servizi prestati.<\/p>\n<p style=\"text-align: justify;\">5. Finalit\u00e0 e basi giuridiche del trattamento I dati degli Utenti forniti a PerfectVenue.eu con qualsiasi mezzo allo scopo di consentirle la prestazione dei servizi richiesti sono ottenuti per le seguenti finalit\u00e0: assistere gli Utenti nella ricerca rapida e facile di aziende che offrono servizi e prodotti associati a eventi nuziali filtrandoli per provincia, settore di attivit\u00e0, tipo di servizio e localit\u00e0; pubblicizzare i servizi e i prodotti delle aziende dedite alla celebrazione di eventi nuziali mediante la creazione di schede contenenti i relativi dati di contatto, ubicazione, descrizione dei servizi e\/o prodotti e fotografie, se del caso; favorire il contatto, inviando richieste di informazioni per e-mail, moduli e numeri telefonici, tra le aziende che annunciano i loro prodotti o servizi sul Sito e gli Utenti interessati; facilitare agli Utenti la creazione di un profilo di utente accessibile al resto di Utenti del Sito; fornire agli Utenti tutte le informazioni necessarie per la celebrazione dei loro eventi nuziali con articoli e consigli pubblicati sul Sito; creazione e partecipazione alla Community del Sito, a cui tutti gli Utenti, registrati o meno, possono accedere; prestare agli Utenti un servizio di assistenza nella pianificazione di eventi nuziali, consistente nella fornitura di consulenza e supporto nella localizzazione e selezione di fornitori per l&#8217;organizzazione di eventi nuziali; detto servizio viene fornito tramite contatto telefonico tra PerfectVenue.eu e gli Utenti e l\u2019invio di richieste di informazioni, per conto degli Utenti e con il loro consenso informato, ai fornitori di beni e servizi suggeriti da PerfectVenue.eu agli Utenti; mantenere una comunicazione fluida e dinamica con gli Utenti con qualsiasi mezzo, incluso attraverso i social network e le applicazioni di messaggistica istantanea. In questi casi, salva e impregiudicata l&#8217;applicazione della presente Politica sulla protezione dei dati personali di PerfectVenue.eu, risulta altres\u00ec di applicazione la politica sulla privacy dei social network o delle applicazioni di messaggistica istantanea in questione. Si raccomanda di leggere attentamente le pertinenti informative sulla privacy contenenti tali politiche; registrazione di chiamate telefoniche per motivi di qualit\u00e0 del servizio e monitoraggio della risoluzione di richieste di assistenza. PerfectVenue.eu \u00e8 autorizzata a trattare i dati personali degli Utenti per le finalit\u00e0 summenzionate allo scopo di adempiere ai propri obblighi contrattuali derivanti da richieste inoltrate dagli Utenti. I dati personali degli Utenti forniti a PerfectVenue.eu con qualsiasi mezzo vengono raccolti, inoltre, per le seguenti finalit\u00e0: analisi dei dati per scopi formativi e\/o statistici; attivit\u00e0 fondamentali di analisi del contenuto delle informazioni fornite ed elaborazione di profili destinati alla corretta gestione delle attivit\u00e0 e dei servizi forniti da PerfectVenue.eu; registrazione di chiamate telefoniche per motivi di qualit\u00e0 del servizio e monitoraggio della risoluzione di richieste di assistenza. PerfectVenue.eu \u00e8 autorizzata a trattare i dati personali degli Utenti per le finalit\u00e0 di cui sopra al sussistere un interesse legittimo di PerfectVenue.eu, espressamente riconosciuto dalle normative vigenti in materia di protezione dei dati personali, alla corretta prestazione del servizio. In aggiunta, i dati personali degli Utenti forniti a PerfectVenue.eu con qualsiasi mezzo vengono ulteriormente raccolti per le seguenti finalit\u00e0: invio di comunicazioni elettroniche promozionali e informative sui servizi prestati dalle aziende con cui PerfectVenue.eu mantiene accordi commerciali (incluse comunicazioni commerciali proprie, di Utenti professionali e terzi), inerenti al settore degli eventi nuziali o a esigenze o interessi degli sposi in procinto di organizzare detti eventi, data la natura e l\u2019oggetto dei servizi prestati da PerfectVenue.eu. Agli effetti della presente Informativa, per prodotti o servizi inerenti al settore degli eventi nuziali si intendono tutti i prodotti e i servizi presenti e futuri inclusi sul Sito, nonch\u00e9 qualsiasi genere di prodotto, servizio o campagna specificamente destinato a eventi nuziali. PerfectVenue.eu ha facolt\u00e0 di inviare dette comunicazioni elettroniche promozionali per l\u2019intera vigenza del rapporto tra Utente e PerfectVenue.eu, sempre e quando l\u2019Utente non manifesti il contrario. PerfectVenue.eu mette a disposizione due meccanismi per mezzo dei quali gli Utenti che cos\u00ec lo richiedano possono modificare o disattivare questi servizi in modo semplice, rapido e gratuito: (i) dal menu \u201cUtente\u201d, disattivando l&#8217;opzione \u201cInvio\u201d nella sottosezione \u201cNotifiche\u201d contenuta nella sezione \u201cIl mio account\u201d, oppure (II) seguendo le istruzioni indicate in fondo al testo di tutte le comunicazioni elettroniche. PerfectVenue.eu \u00e8 autorizzata a trattare i dati personali degli Utenti per le finalit\u00e0 di cui sopra, come espressamente riconosciuto dalla legislazione vigente, (i) qualora l&#8217;Utente abbia prestato il suo consenso e\/o (ii) qualora le informazioni inviate siano inerenti a prodotti e servizi simili a quelli oggetto di vendite o negoziazioni anteriori, a condizione che l&#8217;Utente non abbia optato per smettere di ricevere tali comunicazioni.<\/p>\n<p style=\"text-align: justify;\">6. Decisioni automatizzate PerfectVenue.eu dichiara di non adottare decisioni suscettibili di influenzare l&#8217;Utente basate esclusivamente sul trattamento automatizzato dei suoi dati personali. Tutti i processi decisionali associati alle finalit\u00e0 del trattamento sopra descritte si eseguono con l\u2019intervento umano.<\/p>\n<p style=\"text-align: justify;\">7. Trasferimento di dati personali a terzi Data la natura del servizio, allo scopo di adempiere ai propri obblighi derivanti dalla prestazione dei servizi contrattati, PerfectVenue.eu ha facolt\u00e0 di condividere i dati personali degli Utenti con tutti i destinatari indicati nel primo paragrafo della sezione 5. La base giuridica che legittima PerfectVenue.eu al trasferimento dei dati personali risiede nell&#8217;adempimento dei propri obblighi contrattuali. PerfectVenue.eu ha facolt\u00e0, inoltre, di trasferire i dati personali degli Utenti ai seguenti destinatari e per le ragioni indicate a continuazione: pubbliche autorit\u00e0, per l&#8217;adempimento degli obblighi di legge ai quali PerfectVenue.eu \u00e8 soggetta con motivo della sua attivit\u00e0; fornitori che necessitano l&#8217;accesso ai dati personali degli Utenti per la prestazione dei servizi contrattati da PerfectVenue.eu, e con i quali PerfectVenue.eu ha sottoscritto i patti di riservatezza e i contratti di trattamento di dati personali necessari e imposti dalle normative vigenti per proteggere la privacy degli Utenti. PerfectVenue.eu si impegna a informare tempestivamente l\u2019Utente in caso di futuri trasferimenti di dati personali.<\/p>\n<p style=\"text-align: justify;\">8. Trasferimenti internazionali di dati personali Contestualmente, PerfectVenue.eu informa gli Utenti di aver contrattato i servizi di fornitori di tecnologie situati in paesi che non dispongono di norme equivalenti a quelle europee (&#8220;Paesi terzi&#8221;). Tali fornitori hanno sottoscritto con PerfectVenue.eu gli accordi di riservatezza e i contratti di incarico al trattamento dei dati richiesti dalle normative vigenti ai fornitori di tecnologie con sede in paesi terzi, applicando le garanzie e le tutele necessarie per preservare la privacy degli Utenti. Per ulteriori informazioni sulle garanzie in materia di trasferimenti internazionali dei dati personali, si prega di contattare PerfectVenue.eu all\u2019indirizzo e-mail: info@perfectvenue.eu<\/p>\n<p style=\"text-align: justify;\">9. Periodo di conservazione PerfectVenue.eu ha facolt\u00e0 di conservare i dati personali dell&#8217;Utente per l\u2019intera vigenza del rapporto con PerfectVenue.eu e, una volta estinto tale rapporto e indipendentemente dalla causa, fino allo scadere dei termini di prescrizione legalmente applicabili in relazione alle finalit\u00e0 e all\u2019interesse legittimo per il trattamento dei suoi dati personali. Una volta estinto il rapporto, PerfectVenue.eu ha facolt\u00e0 di proseguire l\u2019ulteriore trattamento dei dati personali esclusivamente allo scopo di certificare l&#8217;adempimento dei propri obblighi legali o contrattuali. Una volta decorsi detti termini di prescrizione, i dati personali dell\u2019Utente devono essere eliminati definitivamente o, in alternativa, anonimizzati. Qualora l&#8217;Utente richieda la disdetta del Servizio, PerfectVenue.eu si impegna a procedervi cancellando dal Sito la foto del profilo e dei dati identificativi dell&#8217;Utente (nome, cognome e indirizzo e-mail), con facolt\u00e0 di mantenere il resto dei Contenuti pubblicati dall&#8217;Utente sul Sito.<\/p>\n<p style=\"text-align: justify;\">10. Esercizio dei diritti degli interessati e reclami L&#8217;Utente ha facolt\u00e0 di esercitare i propri diritti di accesso, rettifica, cancellazione, portabilit\u00e0, limitazione del trattamento e\/o opposizione al trattamento. Tali diritti sono esercitabili modificando opportunamente le proprie impostazioni del Sito. In caso di problemi per l&#8217;effettivo esercizio online dei propri diritti o per qualsiasi tipo di dubbio o controversia insorgente sulla nostra Politica sulla protezione dei dati personali, \u00e8 possibile rivolgersi direttamente a Perfect Venue Finder (Unipersonal) (PerfectVenue.eu) \u2013 Calle Teruel, 3, 28231, Las Rozas, Madrid o all\u2019indirizzo e-mail: info@perfectvenue.eu menzionando nell\u2019oggetto il diritto da esercitare.<\/p>\n<p style=\"text-align: justify;\">11. Dati personali di minori L\u2019inserimento sul Sito dei dati personali di minori e, in particolare, della loro immagine, implica l\u2019obbligo dell&#8217;Utente responsabile di tale inserimento di dichiarare espressamente e senza riserve: di essere il legittimo titolare dei diritti necessari per disporre dei dati personali e dell&#8217;immagine del minore; che l&#8217;inserimento dei suddetti dati non pregiudica in alcun modo il minore n\u00e9 viola alcuno dei suoi diritti; e di manlevare e tenere indenne PerfectVenue.eu da ogni possibile reclamo o pretesa a tale titolo, assumendosi l\u2019Utente responsabile di tale inserimento la piena responsabilit\u00e0 derivante da tale reclamo o pretesa.<\/p>\n<p style=\"text-align: justify;\">12. Sicurezza dei trattamenti PerfectVenue.eu rende noto agli Utenti di aver adottato le misure tecniche e organizzative adeguate stabilite dalle normative vigenti, per garantire la sicurezza dei dati personali ed evitare la loro distruzione, perdita, modifica, divulgazione non autorizzata o accesso, tenuto conto dello stato dell\u2019arte, della natura dei dati personali custoditi e dei rischi ai quali sono esposti.<\/p>\n<p style=\"text-align: justify;\">13. Cookie e indirizzi IP L\u2019Utente acconsente all\u2019uso di marcatori temporanei (cookie) e al monitoraggio degli indirizzi IP. Il sistema di analisi del traffico sul nostro Sito utilizza i cookie e il monitoraggio di indirizzi IP, onde permettere la raccolta di dati a fini statistici, come data della prima visita, numero di visite, data dell&#8217;ultima visita, URL e dominio di provenienza, navigatore utilizzato e risoluzione dello schermo. Ciononostante, se cos\u00ec lo desidera, l\u2019Utente ha la possibilit\u00e0 di disattivare e\/o eliminare questi cookie seguendo le istruzioni del proprio navigatore Internet.<\/p>\n<p style=\"text-align: justify;\">14. Contatto \u00c8 possibile contattare PerfectVenue.eu all\u2019indirizzo e-mail o all\u2019indirizzo postale pubblicati sopra, oppure chiamando il numero telefonico indicato nelle Note legali. In caso di chiamate telefoniche, PerfectVenue.eu avvisa l\u2019Utente che la conversazione potr\u00e0 essere registrata per motivi di qualit\u00e0 del servizio e di monitoraggio della risoluzione di richieste di assistenza.<\/p>\n<p><\/p>","protected":false},"excerpt":{"rendered":"<p>Perfect Venue Website Limited: Ci impegniamo a proteggere e rispettare la tua privacy.<\/p>\n","protected":false},"author":1,"featured_media":0,"parent":0,"menu_order":0,"comment_status":"closed","ping_status":"closed","template":"","meta":{"_mo_disable_npp":"","footnotes":""},"class_list":["post-11146","page","type-page","status-publish","hentry"],"_links":{"self":[{"href":"https:\/\/perfectvenue.eu\/it\/wp-json\/wp\/v2\/pages\/11146","targetHints":{"allow":["GET"]}}],"collection":[{"href":"https:\/\/perfectvenue.eu\/it\/wp-json\/wp\/v2\/pages"}],"about":[{"href":"https:\/\/perfectvenue.eu\/it\/wp-json\/wp\/v2\/types\/page"}],"author":[{"embeddable":true,"href":"https:\/\/perfectvenue.eu\/it\/wp-json\/wp\/v2\/users\/1"}],"replies":[{"embeddable":true,"href":"https:\/\/perfectvenue.eu\/it\/wp-json\/wp\/v2\/comments?post=11146"}],"version-history":[{"count":0,"href":"https:\/\/perfectvenue.eu\/it\/wp-json\/wp\/v2\/pages\/11146\/revisions"}],"wp:attachment":[{"href":"https:\/\/perfectvenue.eu\/it\/wp-json\/wp\/v2\/media?parent=11146"}],"curies":[{"name":"wp","href":"https:\/\/api.w.org\/{rel}","templated":true}]}}