{"id":33367,"date":"2026-02-23T12:15:03","date_gmt":"2026-02-23T11:15:03","guid":{"rendered":"https:\/\/perfectvenue.eu\/?post_type=product&#038;p=33367"},"modified":"2026-02-23T10:26:22","modified_gmt":"2026-02-23T09:26:22","slug":"french-alps-winter-proposal","status":"publish","type":"product","link":"https:\/\/perfectvenue.eu\/it\/product\/proposta-invernale-sulle-alpi-francesi-amore-nella-serenita-innevata\/","title":{"rendered":"Proposta invernale sulle Alpi francesi: amore nella serenit\u00e0 innevata"},"content":{"rendered":"<p><\/p>\n<p style=\"text-align: justify;\">Anche se l&#8217;estate ha il suo fascino, c&#8217;\u00e8 qualcosa di veramente magico nel fare una proposta di matrimonio nel paese delle meraviglie innevato delle Alpi francesi. Se tu e il tuo partner siete appassionati della neve e vi godete la bellezza delle piste innevate e dei paesaggi mozzafiato, perch\u00e9 non intraprendere una vacanza da sogno sulle Alpi francesi?<\/p>\n<p style=\"text-align: justify;\">Immagina una proposta ambientata sullo sfondo della grandiosit\u00e0 alpina, tra emozionanti discese lungo le piste. Immagina di inginocchiarti sulla neve, respirare l&#8217;aria frizzante invernale e dichiarare il tuo amore. Oppure, dopo un&#8217;esaltante giornata sugli sci, immagina un momento di accogliente romanticismo nel tuo chalet privato, rannicchiato accanto al fuoco, sorseggiando vin brul\u00e8 e guardando i fiocchi di neve danzare all&#8217;esterno.<\/p>\n<p style=\"text-align: justify;\">Questo \u00e8 il tipo di proposta che completa perfettamente la grandiosit\u00e0 delle Alpi francesi, un&#8217;esperienza che rimarr\u00e0 impressa nei vostri cuori per sempre. Nella nostra azienda, siamo specializzati nella creazione di momenti di bellezza naturale e romanticismo sereno, intrecciando la tua storia d&#8217;amore nell&#8217;arazzo innevato delle Alpi.<\/p>\n<p style=\"text-align: justify;\">Lasciamoci essere le vostre guide verso una proposta alpina indimenticabile. Contattaci oggi e creiamo un paese delle meraviglie invernale dove convergono amore, neve e montagne. La tua proposta sulle Alpi francesi ti aspetta, dove la passione per la neve diventa passione per l&#8217;amore.<\/p>\n<p><\/p>","protected":false},"excerpt":{"rendered":"<p>Ti aspetta la proposta sulle Alpi francesi, dove la passione per la neve diventa passione per l&#8217;amore. <strong>Prezzo su richiesta. Prenota in anticipo.<\/strong><\/p>\n","protected":false},"featured_media":41115,"comment_status":"open","ping_status":"closed","template":"","meta":{"_mo_disable_npp":""},"product_brand":[],"product_cat":[3003],"product_tag":[3290,3288,3289,3394],"class_list":{"0":"post-33367","1":"product","2":"type-product","3":"status-publish","4":"has-post-thumbnail","6":"product_cat-marriage-proposal-packages-in-europe","7":"product_tag-pedida-de-mano-invernal","8":"product_tag-pedida-de-mano-invernal-en-los-alpes-franceses","9":"product_tag-pedida-de-mano-invernal-en-los-alpes-franceses-amor-en-la-nieve","10":"product_tag-proposal-french-alps","12":"first","13":"instock","14":"taxable","15":"shipping-taxable","16":"product-type-simple"},"_links":{"self":[{"href":"https:\/\/perfectvenue.eu\/it\/wp-json\/wp\/v2\/product\/33367","targetHints":{"allow":["GET"]}}],"collection":[{"href":"https:\/\/perfectvenue.eu\/it\/wp-json\/wp\/v2\/product"}],"about":[{"href":"https:\/\/perfectvenue.eu\/it\/wp-json\/wp\/v2\/types\/product"}],"replies":[{"embeddable":true,"href":"https:\/\/perfectvenue.eu\/it\/wp-json\/wp\/v2\/comments?post=33367"}],"wp:featuredmedia":[{"embeddable":true,"href":"https:\/\/perfectvenue.eu\/it\/wp-json\/wp\/v2\/media\/41115"}],"wp:attachment":[{"href":"https:\/\/perfectvenue.eu\/it\/wp-json\/wp\/v2\/media?parent=33367"}],"wp:term":[{"taxonomy":"product_brand","embeddable":true,"href":"https:\/\/perfectvenue.eu\/it\/wp-json\/wp\/v2\/product_brand?post=33367"},{"taxonomy":"product_cat","embeddable":true,"href":"https:\/\/perfectvenue.eu\/it\/wp-json\/wp\/v2\/product_cat?post=33367"},{"taxonomy":"product_tag","embeddable":true,"href":"https:\/\/perfectvenue.eu\/it\/wp-json\/wp\/v2\/product_tag?post=33367"}],"curies":[{"name":"wp","href":"https:\/\/api.w.org\/{rel}","templated":true}]}}