{"id":33481,"date":"2024-04-17T09:48:34","date_gmt":"2024-04-17T08:48:34","guid":{"rendered":"https:\/\/perfectvenue.eu\/?post_type=product&#038;p=33481"},"modified":"2026-03-30T04:25:37","modified_gmt":"2026-03-30T03:25:37","slug":"elopement-wedding-package-in-italy","status":"publish","type":"product","link":"https:\/\/perfectvenue.eu\/it\/product\/elopement-wedding-package-in-italy\/","title":{"rendered":"Pacchetto matrimonio in fuga in Italia a Villa Balbianello, pronuncia il fatidico &#8220;S\u00ec, lo voglio&#8221; sul Lago di Como"},"content":{"rendered":"<p><\/p>\n<p style=\"text-align: justify;\">Preparatevi a vivere un&#8217;esperienza di nozze senza eguali! Riuscite a immaginare di dire &#8220;S\u00ec, lo voglio&#8221; nell&#8217;idilliaca cornice del Lago di Como, una delle destinazioni pi\u00f9 romantiche al mondo? Quindi smettete di sognare e trasformatelo in realt\u00e0 con questo esclusivo pacchetto di matrimonio in Italia a Villa Balbianello!<\/p>\n<p style=\"text-align: justify;\">Con questo pacchetto di matrimonio in Italia a Villa Balbianello, potrai goderti una cerimonia intima e rilassata, dove ogni momento sar\u00e0 un tesoro impresso per sempre nella tua memoria.<\/p>\n<p style=\"text-align: justify;\">Se ti stai chiedendo cosa include questo pacchetto, te lo diremo in anticipo: tutto ci\u00f2 di cui hai bisogno per rendere il tuo giorno speciale davvero indimenticabile!<\/p>\n<p style=\"text-align: justify;\">Quindi, se cercate un modo unico ed emozionante per celebrare il vostro amore, non cercate oltre. Scopri perch\u00e9 il nostro pacchetto di nozze in Italia a Villa Balbianello \u00e8 la scelta perfetta per te e il tuo partner!<\/p>\n<h3 style=\"text-align: justify;\">Perch\u00e9 scegliere questo pacchetto di matrimonio in Italia a Villa Balbianello<\/h3>\n<p style=\"text-align: justify;\">Chi pu\u00f2 resistere al fascino di Villa Balbianello? Questo posto sembra uscito da una fiaba, con la sua atmosfera magica e la sua splendida architettura. Scambiarsi le promesse con lo splendido Lago di Como come sfondo \u00e8 puro romanticismo.<\/p>\n<p style=\"text-align: justify;\">Inoltre, Villa Balbianello \u00e8 famosa per essere una delle mete <a href=\"https:\/\/perfectvenue.eu\/2022\/10\/25\/quieres-organizar-tu-boda-en-italia\/\">per matrimoni pi\u00f9 ambite in Italia<\/a>. Ogni anno coppie provenienti da tutto il mondo scelgono questo luogo per suggellare il loro amore in una cornice davvero spettacolare. Non \u00e8 difficile capirne il motivo, vero?<\/p>\n<p style=\"text-align: justify;\">E perch\u00e9 questo pacchetto ha tutto! Dai dettagli essenziali ai lussi extra che desideri aggiungere, siamo qui per rendere il tuo giorno speciale ancora pi\u00f9 memorabile. Quindi non preoccuparti di nulla, concentrati solo sul goderti ogni momento con il tuo partner!<\/p>\n<p style=\"text-align: justify;\">Abbiamo tutto pronto per realizzare il tuo sogno!<\/p>\n<h3 style=\"text-align: justify;\">Incluso nel pacchetto matrimonio in Italia a Villa Balbianello<\/h3>\n<p style=\"text-align: justify;\">Scopriamo insieme tutto quello che questo pacchetto per un matrimonio romantico a Villa Balbianello ha da offrire!<\/p>\n<p style=\"text-align: justify;\">Per prima cosa, ti offriamo l&#8217;affitto di questo splendido e unico spazio dove potrai celebrare il tuo amore. Dal momento in cui metterete piede in questo posto, sentirete la magia fluttuare nell&#8217;aria.<\/p>\n<p style=\"text-align: justify;\">E naturalmente, cosa sarebbe un matrimonio senza foto che catturino ogni momento speciale? Con il nostro pacchetto avrete a disposizione un fotografo di talento per immortalare tutti quei momenti pieni di emozione e amore.<\/p>\n<p style=\"text-align: justify;\">Ma aspetta, c&#8217;\u00e8 di pi\u00f9. Sono incluse le decorazioni per la cerimonia, per aggiungere un tocco extra di romanticismo e magia al tuo giorno speciale! Dai fiori freschi ai dettagli affascinanti, ogni elemento \u00e8 attentamente curato per creare l&#8217;atmosfera perfetta.<\/p>\n<p style=\"text-align: justify;\">E non possiamo dimenticare il dettaglio pi\u00f9 importante: il bouquet della sposa! Perch\u00e9 ogni sposa merita di portare con s\u00e9 uno splendido bouquet che esalti la sua bellezza in questo giorno speciale.<\/p>\n<p style=\"text-align: justify;\">Quindi s\u00ec, a Villa Balbianello troverete tutto ci\u00f2 che vi serve per un matrimonio da sogno. Cosa si pu\u00f2 chiedere di pi\u00f9? \u00c8 tempo di lasciare che questo luogo magico diventi la cornice del tuo grande giorno.<\/p>\n<h3 style=\"text-align: justify;\">Aggiungi tutti gli extra che desideri<\/h3>\n<p style=\"text-align: justify;\">Nella nostra ricerca della perfezione, ti offriamo la libert\u00e0 di aggiungere tutti gli extra che desideri per personalizzare davvero la tua esperienza. Che ne dite di musica dal vivo per dare alla vostra cerimonia un tocco ancora pi\u00f9 magico? Oppure una cena romantica sotto le stelle per celebrare il vostro amore dopo aver detto &#8220;S\u00ec, lo voglio&#8221;? Le possibilit\u00e0 sono infinite!<\/p>\n<p style=\"text-align: justify;\">E se preferisci condividere questo momento unico con i tuoi cari, abbiamo l&#8217;opzione perfetta anche per te! Potete invitare un familiare o un amico a vivere questo momento speciale nell&#8217;incomparabile cornice del Lago di Como.<\/p>\n<h3 style=\"text-align: justify;\">Servizio di organizzazione e coordinamento<\/h3>\n<p style=\"text-align: justify;\">A Villa Balbianello comprendiamo l&#8217;importanza di un&#8217;organizzazione impeccabile, soprattutto considerando la logistica unica di questo luogo davvero speciale. Per questo motivo, vi consigliamo vivamente di affidarvi a un wedding planner e a un coordinatore di fiducia.<\/p>\n<p style=\"text-align: justify;\">Noi di <a href=\"https:\/\/nataliaortizevents.com\/es\/\">Weddings and Events di Natalia Ortiz<\/a> siamo qui per voi in ogni fase del processo. Dalla pianificazione iniziale fino all&#8217;ultimo dettaglio del giorno delle nozze, il nostro team si occuper\u00e0 di tutto per garantire che ogni momento sia perfetto. Quindi rilassati e lascia che a tutto il lavoro duro pensiamo noi, concentrati solo sul vivere al meglio questa giornata magica!<\/p>\n<p style=\"text-align: justify;\">Con noi al vostro fianco, potete essere certi che il vostro matrimonio a Villa Balbianello sar\u00e0 un&#8217;esperienza indimenticabile e senza pensieri. Siamo qui per realizzare i tuoi sogni, quindi lascia che ci prendiamo cura di ogni dettaglio mentre tu ti immergi nella felicit\u00e0 di questo giorno speciale!<\/p>\n<h3 style=\"text-align: justify;\">Il momento migliore per celebrare il tuo matrimonio in Italia a Villa Balbianello<\/h3>\n<p style=\"text-align: justify;\">Se cercate il clima pi\u00f9 piacevole e incantevole per il vostro giorno speciale sul Lago di Como, vi consigliamo di considerare il periodo da met\u00e0 aprile a inizio ottobre per le vostre nozze. In questo periodo il clima \u00e8 semplicemente perfetto: non troppo freddo, non troppo caldo, ma proprio quello che ci vuole per un&#8217;esperienza davvero indimenticabile!<\/p>\n<p style=\"text-align: justify;\">Villa Del Balbianello \u00e8 aperta da met\u00e0 marzo a fine ottobre, ma queste date specifiche offrono le condizioni ideali per rendere il vostro matrimonio ancora pi\u00f9 magico. Quindi segnatevi queste date sul calendario e preparatevi a trascorrere una giornata piena di amore e romanticismo in questo posto incredibilmente bello.<\/p>\n<h3 style=\"text-align: justify;\">I prezzi possono variare<\/h3>\n<p style=\"text-align: justify;\">S\u00ec, i prezzi possono variare in base a diversi fattori, come la stagione, il giorno della settimana e il numero di persone coinvolte nel matrimonio.<\/p>\n<p style=\"text-align: justify;\"><strong>Stagione<\/strong>: le tariffe possono variare a seconda che si scelga un matrimonio in primavera, estate o autunno. Ad esempio, i matrimoni celebrati in alta stagione, come l&#8217;estate, potrebbero avere prezzi pi\u00f9 elevati a causa dell&#8217;elevata domanda e delle condizioni meteorologiche pi\u00f9 favorevoli.<\/p>\n<p style=\"text-align: justify;\"><strong>Giorno della settimana<\/strong>: i matrimoni che si svolgono durante la settimana sono spesso pi\u00f9 economici di quelli che si svolgono nel fine settimana, in quanto i fornitori potrebbero offrire tariffe speciali per gli eventi infrasettimanali.<\/p>\n<p style=\"text-align: justify;\"><strong>Numero di persone<\/strong>: se decidete di organizzare un matrimonio intimo solo per voi e il vostro partner, i costi potrebbero essere inferiori rispetto a un matrimonio a cui prendono parte anche i familiari e gli amici pi\u00f9 stretti.<\/p>\n<p style=\"text-align: justify;\">Quando si pianifica un matrimonio romantico a Villa Balbianello \u00e8 importante tenere in considerazione questi fattori, per essere certi di adattare il budget alle proprie preferenze ed esigenze specifiche. Si prega di notare che i prezzi sono indicativi e possono variare a seconda delle scelte individuali. <strong>Prezzo su richiesta.<\/strong><\/p>\n<h3 style=\"text-align: justify;\">Sei a un clic dal realizzare il tuo sogno per matrimonio in Italia a Villa Balbianello<\/h3>\n<p style=\"text-align: justify;\">Noi di Perfect Venue abbiamo il piano perfetto per te. Quindi, se vuoi vivere questa esperienza, ci\u00f2 di cui hai bisogno \u00e8 il tuo pacchetto di nozze in Italia a Villa Balbianello. Pronuncia il tuo &#8220;s\u00ec&#8221; sul lago di Como. Noi di <a href=\"https:\/\/nataliaortizevents.com\/es\/\">Weddings and Events by Natalia Ortiz<\/a> organizziamo tutto questo per voi.<\/p>\n<p style=\"text-align: justify;\">Basta prenotare con un solo clic e poi pensare a divertirsi.<\/p>\n<p style=\"text-align: justify;\">Contattaci per maggiori dettagli!<\/p>\n<p><\/p>","protected":false},"excerpt":{"rendered":"<p style=\"text-align: justify;\">Quando si pianifica un matrimonio romantico a Villa Balbianello \u00e8 importante tenere in considerazione questi fattori, per essere certi di adattare il budget alle proprie preferenze ed esigenze specifiche. <strong>Prezzo su richiesta.<\/strong><\/p>\n","protected":false},"featured_media":33486,"comment_status":"open","ping_status":"closed","template":"","meta":{"_mo_disable_npp":""},"product_brand":[],"product_cat":[3004],"product_tag":[2749,2753,2754,2750,2752,2751],"class_list":{"0":"post-33481","1":"product","2":"type-product","3":"status-publish","4":"has-post-thumbnail","6":"product_cat-elopement-packages-in-europe","7":"product_tag-boda-elopement","8":"product_tag-boda-elopement-en-italia","9":"product_tag-boda-elopement-en-villa-balbianello","10":"product_tag-boda-en-italia","11":"product_tag-boda-en-italia-en-villa-balbianello","12":"product_tag-boda-en-villa-balbianello","14":"first","15":"instock","16":"taxable","17":"shipping-taxable","18":"product-type-simple"},"_links":{"self":[{"href":"https:\/\/perfectvenue.eu\/it\/wp-json\/wp\/v2\/product\/33481","targetHints":{"allow":["GET"]}}],"collection":[{"href":"https:\/\/perfectvenue.eu\/it\/wp-json\/wp\/v2\/product"}],"about":[{"href":"https:\/\/perfectvenue.eu\/it\/wp-json\/wp\/v2\/types\/product"}],"replies":[{"embeddable":true,"href":"https:\/\/perfectvenue.eu\/it\/wp-json\/wp\/v2\/comments?post=33481"}],"wp:featuredmedia":[{"embeddable":true,"href":"https:\/\/perfectvenue.eu\/it\/wp-json\/wp\/v2\/media\/33486"}],"wp:attachment":[{"href":"https:\/\/perfectvenue.eu\/it\/wp-json\/wp\/v2\/media?parent=33481"}],"wp:term":[{"taxonomy":"product_brand","embeddable":true,"href":"https:\/\/perfectvenue.eu\/it\/wp-json\/wp\/v2\/product_brand?post=33481"},{"taxonomy":"product_cat","embeddable":true,"href":"https:\/\/perfectvenue.eu\/it\/wp-json\/wp\/v2\/product_cat?post=33481"},{"taxonomy":"product_tag","embeddable":true,"href":"https:\/\/perfectvenue.eu\/it\/wp-json\/wp\/v2\/product_tag?post=33481"}],"curies":[{"name":"wp","href":"https:\/\/api.w.org\/{rel}","templated":true}]}}