{"id":35592,"date":"2024-11-15T14:59:03","date_gmt":"2024-11-15T13:59:03","guid":{"rendered":"https:\/\/perfectvenue.eu\/?post_type=product&#038;p=35592"},"modified":"2025-07-02T14:58:55","modified_gmt":"2025-07-02T13:58:55","slug":"proposal-in-a-vineyard-in-france","status":"publish","type":"product","link":"https:\/\/perfectvenue.eu\/it\/product\/proposal-in-a-vineyard-in-france\/","title":{"rendered":"Proposta in un vigneto in Francia"},"content":{"rendered":"<p><\/p>\n<p style=\"text-align: justify;\">La cornice perfetta per una proposta in un vigneto in Francia. Questo luogo idilliaco offre un&#8217;atmosfera romantica ed esclusiva, ideale per un momento speciale come il fidanzamento. Con uno splendido mazzo di fiori a tua disposizione, potrai sorprendere il tuo partner con un gesto pieno di amore e dedizione durante la tua proposta di matrimonio in un vigneto da sogno in Francia.<\/p>\n<p style=\"text-align: justify;\">Giunti ai vigneti, verrete accolti da un sentiero di petali di rosa che vi condurr\u00e0 ad un affascinante decoro che comprende lettere a terra che dicono: &#8220;Mi vuoi sposare?&#8221; Questo dettaglio curato con cura aggiunger\u00e0 un tocco di magia e raffinatezza al momento, creando un&#8217;atmosfera romantica che rimarr\u00e0 per sempre nei vostri cuori.<\/p>\n<p style=\"text-align: justify;\">Un fotografo professionista avr\u00e0 il compito di immortalare ogni momento della vostra proposta in un vigneto in Francia, catturando la sorpresa e la gioia sul volto del vostro partner. Dal primo sguardo all&#8217;arredamento al momento emozionante in cui senti il \u200b\u200btanto atteso &#8220;s\u00ec&#8221;, ogni emozione sar\u00e0 catturata in bellissime immagini che racconterai con affetto negli anni a venire. Come il buon vino, l&#8217;amore migliora con l&#8217;et\u00e0!<\/p>\n<p style=\"text-align: justify;\">Ci occupiamo noi di tutta l&#8217;organizzazione e la pianificazione affinch\u00e9 tu possa concentrarti sul goderti questo momento unico con il tuo partner. Rendi la tua proposta un ricordo indimenticabile in uno dei luoghi pi\u00f9 romantici e pittoreschi della Francia, un vigneto che render\u00e0 questo momento davvero eccezionale.<\/p>\n<h3 style=\"text-align: justify;\">Cosa comprende la tua proposta in un vigneto in Francia:<\/h3>\n<ul style=\"text-align: justify;\">\n<li>Fotografo<\/li>\n<li>Mazzo di fiori<\/li>\n<li>Petali di rosa e lettere &#8220;Mi vuoi sposare&#8221;.<\/li>\n<li>Organizzazione e pianificazione della proposta di matrimonio<\/li>\n<\/ul>\n<p style=\"text-align: justify;\"><strong>Prezzo: su richiesta<\/strong><\/p>\n<h3 style=\"text-align: justify;\">Puoi aggiungere:<\/h3>\n<ul style=\"text-align: justify;\">\n<li>Video (controlla il prezzo)<\/li>\n<li>Musica dal vivo (controlla il prezzo)<\/li>\n<li>Trasporto (controlla il prezzo)<\/li>\n<li>Configuralo come vuoi!<\/li>\n<\/ul>\n<h3 style=\"text-align: justify;\">Facilit\u00e0 di pagamento<\/h3>\n<p style=\"text-align: justify;\">S\u00ec! E non \u00e8 necessario pagare l&#8217;intero importo della proposta di matrimonio in un vigneto in Francia. \u00c8 semplicemente necessario prenotare in anticipo e dare il resto il giorno dell&#8217;evento.<\/p>\n<p style=\"text-align: justify;\">Conforto per te!<\/p>\n<p style=\"text-align: justify;\">*Le quote non sono rimborsabili se l&#8217;evento viene annullato per qualsiasi motivo.<\/p>\n<p><\/p>","protected":false},"excerpt":{"rendered":"<p style=\"text-align: justify;\">Un incantevole vigneto in Francia \u00e8 la cornice perfetta per una proposta indimenticabile, con petali di rosa, decorazioni e un fotografo professionista. <strong>Prezzo su richiesta. E&#8217; necessario formalizzare la prenotazione con un anticipo.<\/strong><\/p>\n","protected":false},"featured_media":36129,"comment_status":"open","ping_status":"closed","template":"","meta":{"_mo_disable_npp":""},"product_brand":[],"product_cat":[3003],"product_tag":[3287,3285,3286],"class_list":{"0":"post-35592","1":"product","2":"type-product","3":"status-publish","4":"has-post-thumbnail","6":"product_cat-marriage-proposal-packages-in-europe","7":"product_tag-pedida-de-mano-elegante-en-un-vinedo-en-francia","8":"product_tag-pedida-de-mano-en-un-vinedo-en-francia","9":"product_tag-pedida-de-mano-en-un-vinedo-en-francia-2026","11":"first","12":"instock","13":"taxable","14":"shipping-taxable","15":"product-type-simple"},"_links":{"self":[{"href":"https:\/\/perfectvenue.eu\/it\/wp-json\/wp\/v2\/product\/35592","targetHints":{"allow":["GET"]}}],"collection":[{"href":"https:\/\/perfectvenue.eu\/it\/wp-json\/wp\/v2\/product"}],"about":[{"href":"https:\/\/perfectvenue.eu\/it\/wp-json\/wp\/v2\/types\/product"}],"replies":[{"embeddable":true,"href":"https:\/\/perfectvenue.eu\/it\/wp-json\/wp\/v2\/comments?post=35592"}],"wp:featuredmedia":[{"embeddable":true,"href":"https:\/\/perfectvenue.eu\/it\/wp-json\/wp\/v2\/media\/36129"}],"wp:attachment":[{"href":"https:\/\/perfectvenue.eu\/it\/wp-json\/wp\/v2\/media?parent=35592"}],"wp:term":[{"taxonomy":"product_brand","embeddable":true,"href":"https:\/\/perfectvenue.eu\/it\/wp-json\/wp\/v2\/product_brand?post=35592"},{"taxonomy":"product_cat","embeddable":true,"href":"https:\/\/perfectvenue.eu\/it\/wp-json\/wp\/v2\/product_cat?post=35592"},{"taxonomy":"product_tag","embeddable":true,"href":"https:\/\/perfectvenue.eu\/it\/wp-json\/wp\/v2\/product_tag?post=35592"}],"curies":[{"name":"wp","href":"https:\/\/api.w.org\/{rel}","templated":true}]}}