{"id":35599,"date":"2024-10-24T12:57:34","date_gmt":"2024-10-24T11:57:34","guid":{"rendered":"https:\/\/perfectvenue.eu\/?post_type=product&#038;p=35599"},"modified":"2026-03-30T04:31:05","modified_gmt":"2026-03-30T03:31:05","slug":"photoshoot-with-a-floating-dress-in-venice-a-perfect-plan-for-a-true-goddess","status":"publish","type":"product","link":"https:\/\/perfectvenue.eu\/it\/product\/photoshoot-with-a-floating-dress-in-venice-a-perfect-plan-for-a-true-goddess\/","title":{"rendered":"Sessione fotografica con un abito fluttuante a Venezia: un piano perfetto per una vera dea"},"content":{"rendered":"<p><\/p>\n<p style=\"text-align: justify;\">Fare un servizio fotografico con un abito fluttuante a Venezia \u00e8 un&#8217;esperienza unica che ti far\u00e0 sentire un&#8217;antica dea in un posto cos\u00ec bello. Questa esperienza \u00e8 perfetta per chi viaggia da solo, in coppia, per Instagrammer, per una proposta di matrimonio, mamme, modelle o servizi fotografici di moda. Qualunque sia il motivo della tua sessione, sarai senza dubbio una vera dea.<\/p>\n<p style=\"text-align: justify;\">In questo articolo ti raccontiamo tutto ci\u00f2 che include questo Piano Perfetto affinch\u00e9 tu possa avere una sessione fotografica unica in un ambiente da sogno e mostrare le tue immagini sui social network. Continua a leggere per saperne di pi\u00f9!<\/p>\n<h3 style=\"text-align: justify;\">Una citt\u00e0 da sogno per il tuo servizio fotografico con abiti fluttuanti<\/h3>\n<p style=\"text-align: justify;\">Venezia \u00e8 una citt\u00e0 da sogno per un servizio fotografico con abiti fluttuanti, poich\u00e9 offre spazi incredibili e un&#8217;atmosfera romantica. Nella tua sessione fotografica in abito fluttuante a Venezia, potrai catturare la magia dei canali, dei ponti iconici e delle strade acciottolate. Riflessi nell&#8217;acqua, luce del sole che splende sulle facciate storiche e romantici tramonti creeranno l&#8217;ambientazione perfetta.<\/p>\n<p style=\"text-align: justify;\">Immagina di posare in luoghi iconici come Piazza San Marco, il Ponte di Rialto o accanto alle gondole sul Canal Grande. Ogni angolo di questa citt\u00e0 ti far\u00e0 sentire una vera dea in un ambiente da sogno.<\/p>\n<p style=\"text-align: justify;\">Se desideri che la tua sessione fotografica con abiti fluttuanti si svolga in un&#8217;altra citt\u00e0, non ti resta che contattarci e ti forniremo un elenco delle migliori location per questo tipo di sessione fotografica. La tua avventura fotografica ti aspetta!<\/p>\n<h3 style=\"text-align: justify;\">Uno spettacolare abito da volo incluso nel tuo piano<\/h3>\n<p style=\"text-align: justify;\">Questa \u00e8 la cosa principale e puoi scegliere il colore che ti piace. L&#8217;abito da volo \u00e8 realizzato in raso super leggero e lucido che cattura il vento in modo naturale e fa un&#8217;ottima impressione sulla fotocamera.<\/p>\n<p style=\"text-align: justify;\">Nei toni del bordeaux, pesca, azzurro cielo, verde menta&#8230; troviamo per te l&#8217;abito che pi\u00f9 ti piace, che pi\u00f9 si adatta alla tua figura, nel colore e con la scollatura e l&#8217;apertura che desideri, sarai incredibile !<\/p>\n<p style=\"text-align: justify;\">Tieni presente che i modelli sono progettati per adattarsi perfettamente a qualsiasi figura. Quindi studia il catalogo, scegli il tuo abito elegante e siamo pronti per una sessione brillante!<\/p>\n<h2 style=\"text-align: justify;\">Un fotografo professionista a tua completa disposizione<\/h2>\n<p style=\"text-align: justify;\">Per la tua sessione fotografica in abito fluttuante a Venezia avrai per te il miglior fotografo per un&#8217;ora intera, in pi\u00f9 noi abbiamo il meglio, s\u00ec, hai letto bene. In una sessione fotografica spettacolare come questa, \u00e8 estremamente importante avere dei veri professionisti.<\/p>\n<p style=\"text-align: justify;\">La cosa migliore \u00e8 che noi di Perfect Venue lavoriamo solo con i migliori professionisti della fotografia, in modo che tu abbia le foto che sogni il giorno della tua sessione fotografica con abiti fluttuanti.<\/p>\n<h3 style=\"text-align: justify;\">Fotoritocco incluso nella sessione fotografica<\/h3>\n<p style=\"text-align: justify;\">S\u00ec, dopo l&#8217;esperienza il fotografo inizier\u00e0 a ritoccare le tue foto per consegnarteli completamente modificati in modo che il risultato sia ancora pi\u00f9 spettacolare.<\/p>\n<p style=\"text-align: justify;\">Con l&#8217;editing potremo migliorare l&#8217;immagine, regolando elementi come luci, contrasto, colori e altre regolazioni che favoriranno la tua immagine. La modifica gioca un ruolo importante nel migliorarlo e nel terminare il processo.<\/p>\n<h3 style=\"text-align: justify;\">Extra per il tuo servizio fotografico in abito fluttuante a Venezia<\/h3>\n<p style=\"text-align: justify;\">Se lo desideri possiamo anche aggiungere un videografo per filmare i momenti pi\u00f9 belli e il volo del tuo abito. Lavoriamo anche con i migliori!<\/p>\n<p style=\"text-align: justify;\">Inoltre, conosciamo i migliori parrucchieri e truccatori in ogni citt\u00e0 per lasciarti raggiante prima del servizio fotografico.<\/p>\n<p style=\"text-align: justify;\">E se vuoi, offriamo anche il servizio di trasporto per portarti in ciascuna location del servizio fotografico.<\/p>\n<p style=\"text-align: justify;\">Cos\u00ec avrai un pack completo, per non farti mancare nulla!<\/p>\n<h3 style=\"text-align: justify;\">Prezzi da consultare<\/h3>\n<p style=\"text-align: justify;\">Il prezzo di un servizio fotografico con abiti fluttuanti dipender\u00e0 sempre da diversi fattori come, ad esempio, l&#8217;ubicazione dello spazio, la data in cui verr\u00e0 allestito e gli elementi di cui avrai esattamente bisogno: trasporto, operatore video, decorazione , trucco e capelli\u2026<\/p>\n<p style=\"text-align: justify;\">Pertanto, la cosa migliore che puoi fare \u00e8 contattarci in modo che possiamo darti un prezzo fisso.<\/p>\n<p style=\"text-align: justify;\">A Perfect Venue abbiamo il tuo Piano Perfetto, quindi se vuoi vivere l&#8217;esperienza di una sessione fotografica con abiti fluttuanti organizziamo tutto per te.<\/p>\n<p style=\"text-align: justify;\">Devi solo prenotare con un solo clic e poi divertirti.<\/p>\n<p style=\"text-align: justify;\">Ti stiamo aspettando!<\/p>\n<p style=\"text-align: justify;\">*Il pagamento non verr\u00e0 rimborsato in caso di annullamento dell&#8217;evento.<\/p>\n<p><\/p>","protected":false},"excerpt":{"rendered":"<p style=\"text-align: justify;\">Ti raccontiamo com&#8217;\u00e8 il Piano Perfetto per una sessione fotografica con un abito fluttuante a Venezia per avere un ricordo incredibile. <strong>Prezzo su richiesta. \u00c8 necessario prenotare in anticipo.<\/strong><\/p>\n","protected":false},"featured_media":35609,"comment_status":"open","ping_status":"closed","template":"","meta":{"_mo_disable_npp":""},"product_brand":[],"product_cat":[3006],"product_tag":[],"class_list":{"0":"post-35599","1":"product","2":"type-product","3":"status-publish","4":"has-post-thumbnail","6":"product_cat-perfect-plans-in-europe","8":"first","9":"instock","10":"taxable","11":"shipping-taxable","12":"product-type-simple"},"_links":{"self":[{"href":"https:\/\/perfectvenue.eu\/it\/wp-json\/wp\/v2\/product\/35599","targetHints":{"allow":["GET"]}}],"collection":[{"href":"https:\/\/perfectvenue.eu\/it\/wp-json\/wp\/v2\/product"}],"about":[{"href":"https:\/\/perfectvenue.eu\/it\/wp-json\/wp\/v2\/types\/product"}],"replies":[{"embeddable":true,"href":"https:\/\/perfectvenue.eu\/it\/wp-json\/wp\/v2\/comments?post=35599"}],"wp:featuredmedia":[{"embeddable":true,"href":"https:\/\/perfectvenue.eu\/it\/wp-json\/wp\/v2\/media\/35609"}],"wp:attachment":[{"href":"https:\/\/perfectvenue.eu\/it\/wp-json\/wp\/v2\/media?parent=35599"}],"wp:term":[{"taxonomy":"product_brand","embeddable":true,"href":"https:\/\/perfectvenue.eu\/it\/wp-json\/wp\/v2\/product_brand?post=35599"},{"taxonomy":"product_cat","embeddable":true,"href":"https:\/\/perfectvenue.eu\/it\/wp-json\/wp\/v2\/product_cat?post=35599"},{"taxonomy":"product_tag","embeddable":true,"href":"https:\/\/perfectvenue.eu\/it\/wp-json\/wp\/v2\/product_tag?post=35599"}],"curies":[{"name":"wp","href":"https:\/\/api.w.org\/{rel}","templated":true}]}}