{"id":35873,"date":"2026-02-17T15:00:29","date_gmt":"2026-02-17T14:00:29","guid":{"rendered":"https:\/\/perfectvenue.eu\/?post_type=product&#038;p=35873"},"modified":"2026-03-30T04:23:54","modified_gmt":"2026-03-30T03:23:54","slug":"elopement-wedding-paris-tuileries-garden","status":"publish","type":"product","link":"https:\/\/perfectvenue.eu\/it\/product\/matrimonio-damore-a-parigi-nel-giardino-delle-tuileries\/","title":{"rendered":"Matrimonio d&#8217;amore a Parigi nel Giardino delle Tuileries"},"content":{"rendered":"<p><\/p>\n<p style=\"text-align: justify;\">Questo pacchetto di nozze d&#8217;amore a Parigi, nello splendido Giardino delle Tuileries, \u00e8 l&#8217;occasione perfetta per celebrare una cerimonia intima circondati dalla bellezza di uno dei parchi pi\u00f9 iconici della citt\u00e0.<\/p>\n<p style=\"text-align: justify;\">Con i suoi affascinanti sentieri, le sue fontane rilassanti e le incredibili viste sul Louvre, questa location \u00e8 la cornice ideale per un matrimonio di fuga d&#8217;amore che riflette tutto ci\u00f2 che provate l&#8217;uno per l&#8217;altro.<\/p>\n<p style=\"text-align: justify;\">Con questo pacchetto potrai goderti una cerimonia privata, decorata con stile per mettere in risalto la bellezza naturale del giardino. Un maestro di cerimonie si occuper\u00e0 di formalizzare il vostro matrimonio in un&#8217;atmosfera calda ed accogliente, assicurandosi che tutto sia perfetto.<\/p>\n<p style=\"text-align: justify;\">Inoltre avrete a disposizione un fotografo professionista che vi accompagner\u00e0 per 3 ore, immortalando ogni momento speciale di questo grande giorno: dai preparativi allo scambio dei voti nuziali e alle emozioni che scaturiscono dopo la cerimonia. Ci occupiamo di organizzare e coordinare tutto affinch\u00e9 tu possa solo goderti ogni momento.<\/p>\n<p style=\"text-align: justify;\">E se vuoi renderlo ancora pi\u00f9 speciale, puoi personalizzare il tuo matrimonio d&#8217;amore ai Giardini delle Tuileries con extra come un servizio video per rivivere ogni dettaglio, un musicista dal vivo per dare un tocco magico alla cerimonia, o anche il trasporto per raggiungere l\u00ec senza preoccupazioni.<\/p>\n<p style=\"text-align: justify;\">Rendi il tuo matrimonio d&#8217;amore a Parigi ai Giardini delle Tuileries un giorno indimenticabile!<\/p>\n<h3 style=\"text-align: justify;\">Cosa include il tuo matrimonio d&#8217;amore a Parigi ai Giardini delle Tuileries:<\/h3>\n<ul style=\"text-align: justify;\">\n<li>Fotografo per 3 ore<\/li>\n<li>Decorazione della cerimonia<\/li>\n<li>Maestro di cerimonia<\/li>\n<li>Organizzazione e coordinamento della giornata<\/li>\n<\/ul>\n<p style=\"text-align: justify;\"><strong>Prezzo: su richiesta<\/strong><\/p>\n<h3 style=\"text-align: justify;\">Puoi aggiungere:<\/h3>\n<ul style=\"text-align: justify;\">\n<li>Video (controlla il prezzo)<\/li>\n<li>Musicista dal vivo (controlla il prezzo)<\/li>\n<li>Trasporto (controlla il prezzo)<\/li>\n<li>Configuralo come vuoi!<\/li>\n<\/ul>\n<h3 style=\"text-align: justify;\">Facilit\u00e0 di pagamento<\/h3>\n<p style=\"text-align: justify;\">S\u00ec! E non \u00e8 necessario pagare per intero il pacchetto di matrimonio elopement a Parigi ai Giardini delle Tuileries. \u00c8 semplicemente necessario prenotare in anticipo e dare il resto il giorno dell&#8217;evento.<\/p>\n<p style=\"text-align: justify;\">Conforto per te!<\/p>\n<p style=\"text-align: justify;\">*Le quote non sono rimborsabili se l&#8217;evento viene annullato per qualsiasi motivo.<\/p>\n<p><\/p>","protected":false},"excerpt":{"rendered":"<p style=\"text-align: justify;\">Festeggia il tuo matrimonio d&#8217;amore a Parigi nei Giardini delle Tuileries, uno dei parchi pi\u00f9 iconici della citt\u00e0 con fontane, sentieri e panorami da sogno. <strong>Prezzo su richiesta. E&#8217; necessario formalizzare la prenotazione con un anticipo.<\/strong><\/p>\n","protected":false},"featured_media":41129,"comment_status":"open","ping_status":"closed","template":"","meta":{"_mo_disable_npp":""},"product_brand":[],"product_cat":[3004],"product_tag":[3361,3669,3670],"class_list":{"0":"post-35873","1":"product","2":"type-product","3":"status-publish","4":"has-post-thumbnail","6":"product_cat-elopement-packages-in-europe","7":"product_tag-boda-elopement-en-paris","8":"product_tag-boda-elopement-en-paris-en-el-jardin-de-las-tullerias","9":"product_tag-boda-elopement-en-paris-en-el-jardin-de-las-tullerias-elegante","11":"first","12":"instock","13":"taxable","14":"shipping-taxable","15":"product-type-simple"},"_links":{"self":[{"href":"https:\/\/perfectvenue.eu\/it\/wp-json\/wp\/v2\/product\/35873","targetHints":{"allow":["GET"]}}],"collection":[{"href":"https:\/\/perfectvenue.eu\/it\/wp-json\/wp\/v2\/product"}],"about":[{"href":"https:\/\/perfectvenue.eu\/it\/wp-json\/wp\/v2\/types\/product"}],"replies":[{"embeddable":true,"href":"https:\/\/perfectvenue.eu\/it\/wp-json\/wp\/v2\/comments?post=35873"}],"wp:featuredmedia":[{"embeddable":true,"href":"https:\/\/perfectvenue.eu\/it\/wp-json\/wp\/v2\/media\/41129"}],"wp:attachment":[{"href":"https:\/\/perfectvenue.eu\/it\/wp-json\/wp\/v2\/media?parent=35873"}],"wp:term":[{"taxonomy":"product_brand","embeddable":true,"href":"https:\/\/perfectvenue.eu\/it\/wp-json\/wp\/v2\/product_brand?post=35873"},{"taxonomy":"product_cat","embeddable":true,"href":"https:\/\/perfectvenue.eu\/it\/wp-json\/wp\/v2\/product_cat?post=35873"},{"taxonomy":"product_tag","embeddable":true,"href":"https:\/\/perfectvenue.eu\/it\/wp-json\/wp\/v2\/product_tag?post=35873"}],"curies":[{"name":"wp","href":"https:\/\/api.w.org\/{rel}","templated":true}]}}