{"id":35905,"date":"2026-02-18T12:24:27","date_gmt":"2026-02-18T11:24:27","guid":{"rendered":"https:\/\/perfectvenue.eu\/?post_type=product&#038;p=35905"},"modified":"2026-02-18T12:23:49","modified_gmt":"2026-02-18T11:23:49","slug":"proposal-in-paris","status":"publish","type":"product","link":"https:\/\/perfectvenue.eu\/it\/product\/proposta-di-matrimonio-a-parigi-con-grandi-lettere-marry-me-e-la-torre-eiffel-sullo-sfondo\/","title":{"rendered":"Proposta di matrimonio a Parigi con grandi lettere Marry Me e la Torre Eiffel sullo sfondo"},"content":{"rendered":"<p><\/p>\n<p style=\"text-align: justify;\">Il pacchetto proposta a Parigi con le grandi lettere &#8220;Marry Me&#8221; \u00e8 un&#8217;esperienza unica per chi vuole fare una proposta memorabile in un luogo pubblico ed emblematico. Con l&#8217;iconica Torre Eiffel come sfondo, questo spazio arredato con cura cattura l&#8217;attenzione di tutti e garantisce che ogni dettaglio sembri speciale. \u00c8 la cornice perfetta per sorprendere il proprio partner e rendere indimenticabile il grande momento.<\/p>\n<p style=\"text-align: justify;\">In una location esclusiva, un tappeto che riporta la grande scritta \u201cMarry Me\u201d segna il passaggio ad uno spazio decorato con petali di rosa e candele, creando un&#8217;atmosfera romantica e magica. Ogni passo verso il luogo della proposta \u00e8 progettato per farvi sentire entrambi come se foste in un mondo da sogno. Con il bagliore delle candele e la maestosit\u00e0 di Parigi come sfondo, l&#8217;ambientazione \u00e8 semplicemente spettacolare.<\/p>\n<p style=\"text-align: justify;\">Quando arriva il momento perfetto, potrete inginocchiarvi davanti alle grandi lettere \u201cMarry Me\u201d e fare la proposta con la Torre Eiffel all&#8217;orizzonte, circondati da un&#8217;atmosfera piena di amore ed emozione. Questo momento \u00e8 l&#8217;ideale per gli innamorati che desiderano unire grandiosit\u00e0 ed eleganza parigina nel loro fidanzamento, creando un ricordo indimenticabile per entrambi.<\/p>\n<p style=\"text-align: justify;\">Se vuoi puoi aggiungere servizi come musica dal vivo o un brindisi con champagne per festeggiare il \u201cs\u00ec\u201d con un tocco di lusso e stile in pi\u00f9. Rendi il tuo fidanzamento a Parigi un ricordo unico e speciale!<\/p>\n<h3 style=\"text-align: justify;\">Cosa comprende la tua proposta a Parigi con le grandi lettere Marry Me e la Torre Eiffel sullo sfondo:<\/h3>\n<ul style=\"text-align: justify;\">\n<li>Fotografo<\/li>\n<li>Testo Sposami<\/li>\n<li>Decorazione con petali di rosa e candele<\/li>\n<li>Mazzo di fiori<\/li>\n<li>Pianificazione della proposta di matrimonio<\/li>\n<\/ul>\n<p style=\"text-align: justify;\"><strong>Prezzo: su richiesta<\/strong><\/p>\n<h3 style=\"text-align: justify;\">Puoi aggiungere:<\/h3>\n<ul style=\"text-align: justify;\">\n<li>Video<\/li>\n<li>Musica dal vivo (chitarra o violino)<\/li>\n<li>Trasporto.<\/li>\n<li>Champagne o spumante<\/li>\n<li>Configuralo come vuoi!<\/li>\n<\/ul>\n<h3 style=\"text-align: justify;\">Facilit\u00e0 di pagamento per una proposta a Parigi con le grandi lettere &#8220;Marry Me&#8221;<\/h3>\n<p style=\"text-align: justify;\">S\u00ec! E non \u00e8 necessario pagare per intero l&#8217;importo della proposta a Parigi con le grandi lettere Marry Me e la Torre Eiffel sullo sfondo. \u00c8 semplicemente necessario prenotare in anticipo e dare il resto il giorno dell&#8217;evento.<\/p>\n<p style=\"text-align: justify;\">Conforto per te!<\/p>\n<p style=\"text-align: justify;\">*Le quote non sono rimborsabili se l&#8217;evento viene annullato per qualsiasi motivo.<\/p>\n<p><\/p>","protected":false},"excerpt":{"rendered":"<p style=\"text-align: justify;\">Una proposta a Parigi con grandi lettere &#8220;Marry Me&#8221;, decorata con petali, candele e un tappeto rosso verso la Torre Eiffel, crea un momento unico e indimenticabile. <strong>Prezzo su richiesta. E&#8217; necessario formalizzare la prenotazione con un anticipo.<\/strong><\/p>\n","protected":false},"featured_media":41163,"comment_status":"open","ping_status":"closed","template":"","meta":{"_mo_disable_npp":""},"product_brand":[],"product_cat":[3003],"product_tag":[3041,3034],"class_list":{"0":"post-35905","1":"product","2":"type-product","3":"status-publish","4":"has-post-thumbnail","6":"product_cat-marriage-proposal-packages-in-europe","7":"product_tag-marriage-proposal-in-europe","8":"product_tag-marriage-proposal-in-france","10":"first","11":"instock","12":"taxable","13":"shipping-taxable","14":"product-type-simple"},"_links":{"self":[{"href":"https:\/\/perfectvenue.eu\/it\/wp-json\/wp\/v2\/product\/35905","targetHints":{"allow":["GET"]}}],"collection":[{"href":"https:\/\/perfectvenue.eu\/it\/wp-json\/wp\/v2\/product"}],"about":[{"href":"https:\/\/perfectvenue.eu\/it\/wp-json\/wp\/v2\/types\/product"}],"replies":[{"embeddable":true,"href":"https:\/\/perfectvenue.eu\/it\/wp-json\/wp\/v2\/comments?post=35905"}],"wp:featuredmedia":[{"embeddable":true,"href":"https:\/\/perfectvenue.eu\/it\/wp-json\/wp\/v2\/media\/41163"}],"wp:attachment":[{"href":"https:\/\/perfectvenue.eu\/it\/wp-json\/wp\/v2\/media?parent=35905"}],"wp:term":[{"taxonomy":"product_brand","embeddable":true,"href":"https:\/\/perfectvenue.eu\/it\/wp-json\/wp\/v2\/product_brand?post=35905"},{"taxonomy":"product_cat","embeddable":true,"href":"https:\/\/perfectvenue.eu\/it\/wp-json\/wp\/v2\/product_cat?post=35905"},{"taxonomy":"product_tag","embeddable":true,"href":"https:\/\/perfectvenue.eu\/it\/wp-json\/wp\/v2\/product_tag?post=35905"}],"curies":[{"name":"wp","href":"https:\/\/api.w.org\/{rel}","templated":true}]}}