{"id":35920,"date":"2026-02-20T10:23:57","date_gmt":"2026-02-20T09:23:57","guid":{"rendered":"https:\/\/perfectvenue.eu\/?post_type=product&#038;p=35920"},"modified":"2026-02-20T10:24:06","modified_gmt":"2026-02-20T09:24:06","slug":"proposal-in-paris-aboard-a-yacht","status":"publish","type":"product","link":"https:\/\/perfectvenue.eu\/it\/product\/proposta-a-parigi-per-un-giro-in-yacht-sulla-senna\/","title":{"rendered":"Proposta a Parigi per un giro in yacht sulla Senna"},"content":{"rendered":"<p><\/p>\n<p style=\"text-align: justify;\">Una proposta a Parigi a bordo di uno yacht sulla Senna\u00a0\u00e8 un&#8217;esperienza magica che nessun amante della citt\u00e0 pu\u00f2 perdersi, e con l&#8217;illuminazione del Pont des Arts, della Cattedrale di Notre Dame e dell&#8217;emblematica Torre Eiffel Insomma, non c&#8217;\u00e8 niente di meglio di questo pacchetto per un momento cos\u00ec speciale.<\/p>\n<p style=\"text-align: justify;\">A bordo di un elegante yacht che dondola dolcemente, l&#8217;atmosfera diventa calda e romantica grazie alla luce soffusa delle candele. Il bouquet di fiori freschi e bicchieri di champagne gli daranno un tocco speciale. Ogni dettaglio \u00e8 studiato per rendere questo momento indimenticabile ed unico!<\/p>\n<p style=\"text-align: justify;\">Quando arriva il momento giusto, puoi inginocchiarti, con la Torre Eiffel come sfondo. Considera l&#8217;idea di abbinarlo allo abbagliante spettacolo di luci della torre, creando un&#8217;atmosfera magica che lascer\u00e0 senza fiato il tuo partner. Questa proposta unisce tradizione, eleganza e l&#8217;inconfondibile fascino parigino, trasformando questo momento in un ricordo indimenticabile.<\/p>\n<p style=\"text-align: justify;\">Se lo desideri, puoi personalizzare la tua esperienza con opzioni aggiuntive come video del momento, musica dal vivo con chitarra o violino, trasporto e un picnic esclusivo con spumante, champagne e frutta fresca. Rendi la tua proposta di matrimonio un ricordo indimenticabile, navigando lungo la Senna in uno degli scenari pi\u00f9 romantici del mondo.<\/p>\n<p style=\"text-align: justify;\">A Parigi si festeggia l&#8217;amore!<\/p>\n<h3 style=\"text-align: justify;\">Cosa include la tua una proposta a Parigi a bordo di uno yacht sulla Senna:<\/h3>\n<ul style=\"text-align: justify;\">\n<li>Fotografo<\/li>\n<li>Noleggio barche<\/li>\n<li>Mazzo di fiori<\/li>\n<li>Decorazione di base<\/li>\n<li>Pianificazione della proposta di matrimonio<\/li>\n<\/ul>\n<p style=\"text-align: justify;\"><strong>Prezzo: su richiesta<\/strong><\/p>\n<h3 style=\"text-align: justify;\">Puoi aggiungere:<\/h3>\n<ul style=\"text-align: justify;\">\n<li>Video<\/li>\n<li>Musica dal vivo (chitarra o violino)<\/li>\n<li>Trasporto.<\/li>\n<li>Picnic: spumante, champagne, frutta, ecc.<\/li>\n<li>Configuralo come vuoi!<\/li>\n<\/ul>\n<h3 style=\"text-align: justify;\">Facilit\u00e0 di pagamento<\/h3>\n<p style=\"text-align: justify;\">S\u00ec! E non \u00e8 necessario pagare l&#8217;intero importo della proposta a Parigi per un viaggio in yacht sulla Senna. \u00c8 semplicemente necessario prenotare in anticipo e dare il resto il giorno dell&#8217;evento.<\/p>\n<p style=\"text-align: justify;\">Conforto per te!<\/p>\n<p style=\"text-align: justify;\">*Le quote non sono rimborsabili se l&#8217;evento viene annullato per qualsiasi motivo.<\/p>\n<p><\/p>","protected":false},"excerpt":{"rendered":"<p style=\"text-align: justify;\">Una proposta a Parigi a bordo di uno yacht sulla Senna, con la Torre Eiffel sullo sfondo e dettagli romantici come fiori e champagne, \u00e8 il pacchetto che fa per voi.<strong> Prezzo su richiesta. E&#8217; necessario formalizzare la prenotazione con un anticipo.<\/strong><\/p>\n","protected":false},"featured_media":41169,"comment_status":"open","ping_status":"closed","template":"","meta":{"_mo_disable_npp":""},"product_brand":[],"product_cat":[3003],"product_tag":[3041,3034],"class_list":{"0":"post-35920","1":"product","2":"type-product","3":"status-publish","4":"has-post-thumbnail","6":"product_cat-marriage-proposal-packages-in-europe","7":"product_tag-marriage-proposal-in-europe","8":"product_tag-marriage-proposal-in-france","10":"first","11":"instock","12":"taxable","13":"shipping-taxable","14":"product-type-simple"},"_links":{"self":[{"href":"https:\/\/perfectvenue.eu\/it\/wp-json\/wp\/v2\/product\/35920","targetHints":{"allow":["GET"]}}],"collection":[{"href":"https:\/\/perfectvenue.eu\/it\/wp-json\/wp\/v2\/product"}],"about":[{"href":"https:\/\/perfectvenue.eu\/it\/wp-json\/wp\/v2\/types\/product"}],"replies":[{"embeddable":true,"href":"https:\/\/perfectvenue.eu\/it\/wp-json\/wp\/v2\/comments?post=35920"}],"wp:featuredmedia":[{"embeddable":true,"href":"https:\/\/perfectvenue.eu\/it\/wp-json\/wp\/v2\/media\/41169"}],"wp:attachment":[{"href":"https:\/\/perfectvenue.eu\/it\/wp-json\/wp\/v2\/media?parent=35920"}],"wp:term":[{"taxonomy":"product_brand","embeddable":true,"href":"https:\/\/perfectvenue.eu\/it\/wp-json\/wp\/v2\/product_brand?post=35920"},{"taxonomy":"product_cat","embeddable":true,"href":"https:\/\/perfectvenue.eu\/it\/wp-json\/wp\/v2\/product_cat?post=35920"},{"taxonomy":"product_tag","embeddable":true,"href":"https:\/\/perfectvenue.eu\/it\/wp-json\/wp\/v2\/product_tag?post=35920"}],"curies":[{"name":"wp","href":"https:\/\/api.w.org\/{rel}","templated":true}]}}