{"id":37728,"date":"2026-03-06T11:35:33","date_gmt":"2026-03-06T10:35:33","guid":{"rendered":"https:\/\/perfectvenue.eu\/?post_type=product&#038;p=37728"},"modified":"2026-03-06T16:41:17","modified_gmt":"2026-03-06T15:41:17","slug":"marriage-proposal-in-paris-bleriot","status":"publish","type":"product","link":"https:\/\/perfectvenue.eu\/it\/product\/proposta-a-parigi-sulla-terrazza-bleriot-allultimo-piano-di-un-palazzo\/","title":{"rendered":"Proposta a Parigi sulla Terrazza Bl\u00e9riot, all&#8217;ultimo piano di un palazzo"},"content":{"rendered":"<p><\/p>\n<p style=\"text-align: justify;\">Rendi la tua proposta a Parigi un momento davvero unico. Dopo una romantica passeggiata lungo la Senna, vi dirigerete verso un luogo segreto: una terrazza privata arredata alla perfezione, pronta a ospitare la vostra storia d&#8217;amore.<\/p>\n<p style=\"text-align: justify;\">Luci soffuse, petali di rosa freschi, un&#8217;insegna al neon con un messaggio romantico, fiori che adornano ogni angolo e bicchieri di champagne pronti per un brindisi. Tutto \u00e8 studiato per rendere la tua proposta degna di un film. In pi\u00f9, una dolce musica di sottofondo vi accompagner\u00e0 mentre farete la fatidica domanda.<\/p>\n<p style=\"text-align: justify;\">Niente folla, niente fretta, solo lo skyline parigino e l&#8217;amore come protagonisti del vostro fidanzamento a Parigi.<\/p>\n<h3 style=\"text-align: justify;\">Cosa include la tua proposta a Parigi presso la Terrazza Bl\u00e9riot:<\/h3>\n<p style=\"text-align: justify;\">Affitto privato della terrazza per 1 ora.<\/p>\n<p style=\"text-align: justify;\">Decorazione romantica:<\/p>\n<ul style=\"text-align: justify;\">\n<li>Candele.<\/li>\n<li>6 composizioni floreali artificiali.<\/li>\n<li>2 supporti trasparenti.<\/li>\n<li>Petali di rosa naturali.<\/li>\n<li>Insegna al neon.<\/li>\n<li>6 soliflore con rosa.<\/li>\n<li>Luci a corda.<\/li>\n<\/ul>\n<p style=\"text-align: justify;\">2 bicchieri da champagne.<\/p>\n<p style=\"text-align: justify;\">Musica ambientale tramite altoparlanti.<\/p>\n<p style=\"text-align: justify;\"><strong>Prezzo: su richiesta<\/strong><\/p>\n<h3 style=\"text-align: justify;\">Puoi aggiungere:<\/h3>\n<ul style=\"text-align: justify;\">\n<li style=\"font-weight: 400;\" aria-level=\"1\">Video (controlla il prezzo)<\/li>\n<li style=\"font-weight: 400;\" aria-level=\"1\">Violino (controlla il prezzo)<\/li>\n<li style=\"font-weight: 400;\" aria-level=\"1\">Trasporto (verifica prezzo)<\/li>\n<li style=\"font-weight: 400;\" aria-level=\"1\">Decorazione con petali di rosa<\/li>\n<li style=\"font-weight: 400;\" aria-level=\"1\">Decorazione di prima qualit\u00e0<\/li>\n<li style=\"font-weight: 400;\" aria-level=\"1\">Configuralo come preferisci!<\/li>\n<\/ul>\n<h3 style=\"text-align: justify;\">Facilit\u00e0 di pagamento<\/h3>\n<p style=\"text-align: justify;\">S\u00ec! E non \u00e8 necessario pagare l&#8217;intero importo della proposta di fidanzamento a Parigi, sulla terrazza Bl\u00e9riot. \u00c8 sufficiente prenotare versando un acconto di 300 \u20ac e saldando il saldo il giorno dell&#8217;evento.<\/p>\n<p style=\"text-align: justify;\">Comodit\u00e0 per te!<\/p>\n<p style=\"text-align: justify;\">*Le quote non sono rimborsabili se l&#8217;evento viene annullato per qualsiasi motivo.<\/p>\n<p style=\"text-align: justify;\">\n<p><\/p>","protected":false},"excerpt":{"rendered":"<p style=\"text-align: justify;\">Sorprendi il tuo partner con una proposta indimenticabile a Parigi, una delle citt\u00e0 pi\u00f9 romantiche del mondo. Fate una passeggiata al tramonto lungo le rive della Senna e poi fate una proposta di matrimonio sulla Terrazza Bl\u00e9riot, situata all&#8217;ultimo piano. <strong>Prezzo su richiesta. Per prenotare \u00e8 richiesto un deposito.<\/strong><\/p>\n","protected":false},"featured_media":41290,"comment_status":"open","ping_status":"closed","template":"","meta":{"_mo_disable_npp":""},"product_brand":[],"product_cat":[2756],"product_tag":[],"class_list":{"0":"post-37728","1":"product","2":"type-product","3":"status-publish","4":"has-post-thumbnail","6":"product_cat-marriage-proposal-packages-in-france","8":"first","9":"instock","10":"taxable","11":"shipping-taxable","12":"product-type-simple"},"_links":{"self":[{"href":"https:\/\/perfectvenue.eu\/it\/wp-json\/wp\/v2\/product\/37728","targetHints":{"allow":["GET"]}}],"collection":[{"href":"https:\/\/perfectvenue.eu\/it\/wp-json\/wp\/v2\/product"}],"about":[{"href":"https:\/\/perfectvenue.eu\/it\/wp-json\/wp\/v2\/types\/product"}],"replies":[{"embeddable":true,"href":"https:\/\/perfectvenue.eu\/it\/wp-json\/wp\/v2\/comments?post=37728"}],"wp:featuredmedia":[{"embeddable":true,"href":"https:\/\/perfectvenue.eu\/it\/wp-json\/wp\/v2\/media\/41290"}],"wp:attachment":[{"href":"https:\/\/perfectvenue.eu\/it\/wp-json\/wp\/v2\/media?parent=37728"}],"wp:term":[{"taxonomy":"product_brand","embeddable":true,"href":"https:\/\/perfectvenue.eu\/it\/wp-json\/wp\/v2\/product_brand?post=37728"},{"taxonomy":"product_cat","embeddable":true,"href":"https:\/\/perfectvenue.eu\/it\/wp-json\/wp\/v2\/product_cat?post=37728"},{"taxonomy":"product_tag","embeddable":true,"href":"https:\/\/perfectvenue.eu\/it\/wp-json\/wp\/v2\/product_tag?post=37728"}],"curies":[{"name":"wp","href":"https:\/\/api.w.org\/{rel}","templated":true}]}}