{"id":37814,"date":"2025-06-08T14:13:00","date_gmt":"2025-06-08T13:13:00","guid":{"rendered":"https:\/\/perfectvenue.eu\/?post_type=product&#038;p=37814"},"modified":"2025-09-09T16:20:56","modified_gmt":"2025-09-09T15:20:56","slug":"marriage-proposal-at-lake-como-villa","status":"publish","type":"product","link":"https:\/\/perfectvenue.eu\/it\/product\/proposta-sul-lago-di-como-immersa-nella-natura-a-villa-carlotta\/","title":{"rendered":"Proposta sul Lago di Como immersa nella natura a Villa Carlotta"},"content":{"rendered":"<p><\/p>\n<p style=\"text-align: justify;\">Immagina la tua proposta sul Lago di Como, circondata da fiori esotici, sculture secolari e dal sereno blu del lago. La proposta di matrimonio a Villa Carlotta \u00e8 un&#8217;esperienza esclusiva che unisce natura, arte e storia in un ambiente che sembra uscito da una fiaba.<\/p>\n<p style=\"text-align: justify;\">Situata direttamente sulle rive del lago, Villa Carlotta offre un giardino botanico di fama internazionale e un museo che conserva l&#8217;atmosfera aristocratica del XIX secolo. Sebbene non siano consentite decorazioni o esposizioni personalizzate, la bellezza naturale dei dintorni rende superfluo qualsiasi intervento aggiuntivo. L&#8217;eleganza della location, da sola, rende questo momento magico e autentico.<\/p>\n<p style=\"text-align: justify;\">La disponibilit\u00e0 per la proposta di matrimonio \u00e8 limitata alla fascia oraria tra le 10:30 e le 12:00, garantendo un&#8217;atmosfera pi\u00f9 intima e riservata. Il servizio fotografico professionale, incluso nella proposta, dura 1 ora e 30 minuti e pu\u00f2 essere realizzato durante l&#8217;orario di apertura generale (dalle 10:00 alle 18:00). Questa fascia oraria vi permetter\u00e0 di trovare la luce perfetta e di scegliere angoli iconici del giardino per catturare ogni momento.<\/p>\n<p style=\"text-align: justify;\">A differenza di altre location, questa proposta sul Lago di Como include l&#8217;affitto privato di una parte del giardino (ma non dell&#8217;intera villa), consentendo una maggiore privacy senza perdere il fascino del contesto storico.<\/p>\n<h3 style=\"text-align: justify;\">Cosa include la tua proposta sul Lago di Como immersa nella natura<\/h3>\n<ul style=\"text-align: justify;\">\n<li aria-level=\"1\">Affitto privato di un&#8217;area del giardino (non dell&#8217;intera villa)<\/li>\n<li aria-level=\"1\">Fotografo professionista<\/li>\n<li aria-level=\"1\">Pianificazione personalizzata della proposta di matrimonio<\/li>\n<li aria-level=\"1\">Assistenza durante tutta l&#8217;esperienza<\/li>\n<li aria-level=\"1\">Servizio fotografico di 1 ora e 30 minuti durante l&#8217;orario di apertura (10:00-18:00)<\/li>\n<\/ul>\n<p style=\"text-align: justify;\"><strong>Prezzo: su richiesta<\/strong><\/p>\n<p style=\"text-align: justify;\"><strong>Tempo extra facoltativo (8:30\u201310:00 o 19:00\u201320:30)<\/strong><\/p>\n<h3 style=\"text-align: justify;\">Puoi aggiungere:<\/h3>\n<ul style=\"text-align: justify;\">\n<li style=\"font-weight: 400;\" aria-level=\"1\">Video professionale<\/li>\n<li style=\"font-weight: 400;\" aria-level=\"1\">Musica dal vivo (chitarra o violino)<\/li>\n<li style=\"font-weight: 400;\" aria-level=\"1\">Trasporto privato<\/li>\n<li style=\"font-weight: 400;\" aria-level=\"1\">Brindisi con champagne o cava<\/li>\n<\/ul>\n<p style=\"text-align: justify;\">Configuralo come preferisci!<\/p>\n<h3 style=\"text-align: justify;\">Facilit\u00e0 di pagamento<\/h3>\n<p style=\"text-align: justify;\">Non \u00e8 necessario pagare l&#8217;intero importo per la tua proposta di fidanzamento sul Lago di Como al momento della prenotazione. Con un acconto, la data \u00e8 garantita e il saldo pu\u00f2 essere pagato il giorno dell&#8217;evento.<\/p>\n<p style=\"text-align: justify;\">Tranquillit\u00e0 e flessibilit\u00e0 per te.<\/p>\n<p style=\"text-align: justify;\">* Nota importante: le quote non sono rimborsabili in caso di annullamento dell&#8217;evento per qualsiasi motivo.<\/p>\n<p><\/p>","protected":false},"excerpt":{"rendered":"<p style=\"text-align: justify;\">Una proposta romantica tra giardini botanici, sculture e vista sul lago in uno dei luoghi pi\u00f9 iconici di Como. <strong>Prezzo su richiesta. Prenotazione obbligatoria.<\/strong><\/p>\n","protected":false},"featured_media":37817,"comment_status":"open","ping_status":"closed","template":"","meta":{"_mo_disable_npp":""},"product_brand":[],"product_cat":[732],"product_tag":[3291,3292,3342],"class_list":{"0":"post-37814","1":"product","2":"type-product","3":"status-publish","4":"has-post-thumbnail","6":"product_cat-uncategorized","7":"product_tag-pedida-de-mano-en-el-lago-di-como","8":"product_tag-pedida-de-mano-en-el-lago-di-como-2026","9":"product_tag-pedida-de-mano-en-el-lago-di-como-romantica","11":"first","12":"instock","13":"taxable","14":"shipping-taxable","15":"product-type-simple"},"_links":{"self":[{"href":"https:\/\/perfectvenue.eu\/it\/wp-json\/wp\/v2\/product\/37814","targetHints":{"allow":["GET"]}}],"collection":[{"href":"https:\/\/perfectvenue.eu\/it\/wp-json\/wp\/v2\/product"}],"about":[{"href":"https:\/\/perfectvenue.eu\/it\/wp-json\/wp\/v2\/types\/product"}],"replies":[{"embeddable":true,"href":"https:\/\/perfectvenue.eu\/it\/wp-json\/wp\/v2\/comments?post=37814"}],"wp:featuredmedia":[{"embeddable":true,"href":"https:\/\/perfectvenue.eu\/it\/wp-json\/wp\/v2\/media\/37817"}],"wp:attachment":[{"href":"https:\/\/perfectvenue.eu\/it\/wp-json\/wp\/v2\/media?parent=37814"}],"wp:term":[{"taxonomy":"product_brand","embeddable":true,"href":"https:\/\/perfectvenue.eu\/it\/wp-json\/wp\/v2\/product_brand?post=37814"},{"taxonomy":"product_cat","embeddable":true,"href":"https:\/\/perfectvenue.eu\/it\/wp-json\/wp\/v2\/product_cat?post=37814"},{"taxonomy":"product_tag","embeddable":true,"href":"https:\/\/perfectvenue.eu\/it\/wp-json\/wp\/v2\/product_tag?post=37814"}],"curies":[{"name":"wp","href":"https:\/\/api.w.org\/{rel}","templated":true}]}}