{"id":37891,"date":"2025-09-08T14:10:46","date_gmt":"2025-09-08T13:10:46","guid":{"rendered":"https:\/\/perfectvenue.eu\/?post_type=product&#038;p=37891"},"modified":"2025-09-12T07:01:57","modified_gmt":"2025-09-12T06:01:57","slug":"marriage-proposal-at-lake-como-decoration","status":"publish","type":"product","link":"https:\/\/perfectvenue.eu\/it\/product\/proposta-sul-lago-di-como-con-decorazioni-personalizzate-a-villa-geno\/","title":{"rendered":"Proposta sul Lago di Como con decorazioni personalizzate a Villa Geno"},"content":{"rendered":"<p><\/p>\n<p style=\"text-align: justify;\">Con vista diretta sul Lago di Como e situata accanto alla famosa Fontana di Como, Villa Geno \u00e8 uno degli spazi pi\u00f9 eleganti e convenienti per una romantica e privata proposta sul Lago di Como. La sua terrazza sul lungolago, il giardino curato e la vicinanza al centro citt\u00e0 la rendono il luogo perfetto per un &#8220;s\u00ec&#8221; indimenticabile.<\/p>\n<p style=\"text-align: justify;\">L&#8217;esperienza include l&#8217;affitto privato dello spazio per due ore, ideale per godersi un momento intimo, pianificato con cura e con il tempo necessario per catturare l&#8217;emozione del momento.<\/p>\n<p style=\"text-align: justify;\">Uno dei grandi vantaggi di questa proposta \u00e8 che le decorazioni sono consentite, dandovi la possibilit\u00e0 di trasformare lo spazio in base al vostro stile e alla vostra visione. Da un semplice allestimento con candele e petali a un allestimento floreale pi\u00f9 elaborato, ogni dettaglio pu\u00f2 essere personalizzato.<\/p>\n<p style=\"text-align: justify;\">Inoltre, sarete accompagnati da un fotografo professionista che catturer\u00e0 ogni momento con sensibilit\u00e0 e discrezione, e da un team che vi aiuter\u00e0 a coordinare ogni fase della vostra proposta sul Lago di Como.<\/p>\n<h3 style=\"text-align: justify;\">Cosa include la tua proposta sul Lago di Como con decorazioni personalizzate<\/h3>\n<ul style=\"text-align: justify;\">\n<li aria-level=\"1\">Affitto di una location privata per 2 ore<\/li>\n<li aria-level=\"1\">Fotografo professionista<\/li>\n<li aria-level=\"1\">Pianificazione personalizzata della proposta di matrimonio<\/li>\n<li aria-level=\"1\">Assistenza durante tutta l&#8217;esperienza<\/li>\n<\/ul>\n<p style=\"text-align: justify;\"><b style=\"color: inherit; font-family: inherit; font-size: inherit;\">Prezzo: su richiesta<\/b><\/p>\n<h3 style=\"text-align: justify;\">Puoi aggiungere:<\/h3>\n<ul style=\"text-align: justify;\">\n<li style=\"font-weight: 400;\" aria-level=\"1\">Video professionale<\/li>\n<li style=\"font-weight: 400;\" aria-level=\"1\">Musica dal vivo (chitarra o violino)<\/li>\n<li style=\"font-weight: 400;\" aria-level=\"1\">Trasporto privato<\/li>\n<li style=\"font-weight: 400;\" aria-level=\"1\">Brindisi con champagne o cava<\/li>\n<li style=\"font-weight: 400;\" aria-level=\"1\">Decorazioni personalizzate<\/li>\n<\/ul>\n<p style=\"text-align: justify;\">Configuralo come preferisci!<\/p>\n<h3 style=\"text-align: justify;\">Facilit\u00e0 di pagamento<\/h3>\n<p style=\"text-align: justify;\">Non \u00e8 richiesto alcun pagamento anticipato. Puoi prenotare la tua festa di fidanzamento sul Lago di Como versando un acconto e saldando il saldo il giorno dell&#8217;evento.<\/p>\n<p style=\"text-align: justify;\">Un&#8217;esperienza pensata per te, con la massima flessibilit\u00e0.<\/p>\n<p style=\"text-align: justify;\">* Nota importante: le quote non sono rimborsabili in caso di annullamento dell&#8217;evento per qualsiasi motivo.<\/p>\n<p><\/p>","protected":false},"excerpt":{"rendered":"<p style=\"text-align: justify;\">Un momento indimenticabile di fronte all&#8217;iconica fontana di Como, con una proposta intima e personalizzata.<strong> Prezzo su richiesta. Prenotazione obbligatoria.<\/strong><\/p>\n","protected":false},"featured_media":37893,"comment_status":"open","ping_status":"closed","template":"","meta":{"_mo_disable_npp":""},"product_brand":[],"product_cat":[3003],"product_tag":[3291,3292,3342,3395,3396],"class_list":{"0":"post-37891","1":"product","2":"type-product","3":"status-publish","4":"has-post-thumbnail","6":"product_cat-marriage-proposal-packages-in-europe","7":"product_tag-pedida-de-mano-en-el-lago-di-como","8":"product_tag-pedida-de-mano-en-el-lago-di-como-2026","9":"product_tag-pedida-de-mano-en-el-lago-di-como-romantica","10":"product_tag-proposal-lake-como","11":"product_tag-proposal-villa-geno","13":"first","14":"instock","15":"taxable","16":"shipping-taxable","17":"product-type-simple"},"_links":{"self":[{"href":"https:\/\/perfectvenue.eu\/it\/wp-json\/wp\/v2\/product\/37891","targetHints":{"allow":["GET"]}}],"collection":[{"href":"https:\/\/perfectvenue.eu\/it\/wp-json\/wp\/v2\/product"}],"about":[{"href":"https:\/\/perfectvenue.eu\/it\/wp-json\/wp\/v2\/types\/product"}],"replies":[{"embeddable":true,"href":"https:\/\/perfectvenue.eu\/it\/wp-json\/wp\/v2\/comments?post=37891"}],"wp:featuredmedia":[{"embeddable":true,"href":"https:\/\/perfectvenue.eu\/it\/wp-json\/wp\/v2\/media\/37893"}],"wp:attachment":[{"href":"https:\/\/perfectvenue.eu\/it\/wp-json\/wp\/v2\/media?parent=37891"}],"wp:term":[{"taxonomy":"product_brand","embeddable":true,"href":"https:\/\/perfectvenue.eu\/it\/wp-json\/wp\/v2\/product_brand?post=37891"},{"taxonomy":"product_cat","embeddable":true,"href":"https:\/\/perfectvenue.eu\/it\/wp-json\/wp\/v2\/product_cat?post=37891"},{"taxonomy":"product_tag","embeddable":true,"href":"https:\/\/perfectvenue.eu\/it\/wp-json\/wp\/v2\/product_tag?post=37891"}],"curies":[{"name":"wp","href":"https:\/\/api.w.org\/{rel}","templated":true}]}}