{"id":37919,"date":"2025-06-05T12:05:08","date_gmt":"2025-06-05T11:05:08","guid":{"rendered":"https:\/\/perfectvenue.eu\/?post_type=product&#038;p=37919"},"modified":"2026-03-30T04:27:22","modified_gmt":"2026-03-30T03:27:22","slug":"flying-dress-photoshoot-on-lake-como","status":"publish","type":"product","link":"https:\/\/perfectvenue.eu\/it\/product\/servizio-fotografico-con-abito-galleggiante-sul-lago-di-como-un-piano-perfetto-per-una-vera-modella\/","title":{"rendered":"Servizio fotografico con abito galleggiante sul Lago di Como: un piano perfetto per una vera modella"},"content":{"rendered":"<p><\/p>\n<p style=\"text-align: justify;\">Fare un Servizio fotografico con abito galleggiante sul Lago di Como \u00e8 un&#8217;esperienza unica che ti far\u00e0 sentire come una dea antica in un luogo cos\u00ec bello. <strong>Questa esperienza \u00e8 perfetta per viaggiatori singoli, coppie, Instagrammer, per una proposta di matrimonio, foto di maternit\u00e0, modelle o servizi fotografici di moda.<\/strong> Qualunque sia il motivo della tua sessione, sarai senza dubbio una vera dea.<\/p>\n<p style=\"text-align: justify;\">In questo articolo, ti spiegheremo tutto ci\u00f2 che \u00e8 incluso in questo Piano Perfetto, cos\u00ec potrai realizzare un servizio fotografico unico in una cornice da sogno e mostrare le tue immagini sui social media. Continua a leggere per saperne di pi\u00f9!<\/p>\n<h3 class=\"western\" style=\"text-align: justify;\" align=\"justify\">Una citt\u00e0 da sogno per il tuo servizio fotografico con abiti fluidi<\/h3>\n<p style=\"text-align: justify;\">Como \u00e8 una citt\u00e0 da sogno per un servizio fotografico in abito galleggiante, offrendo location incredibili e un&#8217;atmosfera tipicamente italiana. Durante il tuo servizio fotografico in abito galleggiante sul Lago di Como, potrai catturare la magia di citt\u00e0 famose come Lecco, Varenna o Bellagio con le loro meravigliose vie e ville, cos\u00ec come l&#8217;iconico Lago di Como. I riflessi sull&#8217;acqua, la luce del sole che splende sulle facciate storiche e i romantici tramonti creeranno la cornice perfetta.<\/p>\n<p style=\"text-align: justify;\"><strong>Immagina di posare in luoghi iconici come il Lago di Como, Lecco o Villa Carlotta.<\/strong> Ogni angolo di questa citt\u00e0 ti far\u00e0 sentire una vera dea in una cornice da sogno.<\/p>\n<p style=\"text-align: justify;\">Se desideri che il tuo servizio fotografico in abito galleggiante si svolga in un&#8217;altra citt\u00e0, contattaci e ti forniremo un elenco delle migliori location per questo tipo di servizio fotografico. La tua avventura fotografica ti aspetta!<\/p>\n<h3 class=\"western\" style=\"text-align: justify;\" align=\"justify\">Uno spettacolare abito da volo incluso nel tuo piano<\/h3>\n<p style=\"text-align: justify;\">Questa \u00e8 la cosa pi\u00f9 importante, e puoi scegliere il colore che preferisci. L&#8217;abito fluido \u00e8 realizzato <strong>in raso super leggero e lucido che cattura naturalmente il vento<\/strong> e fa un&#8217;ottima impressione in macchina fotografica.<\/p>\n<p style=\"text-align: justify;\"><strong>Nelle tonalit\u00e0 del bordeaux, pesca, azzurro cielo, verde menta&#8230; troveremo l&#8217;abito che pi\u00f9 ti piace, quello che meglio si adatta alla tua figura, nel colore, nella scollatura e nello spacco che desideri: sarai fantastica!<\/strong><\/p>\n<p style=\"text-align: justify;\">Ricorda che <strong>i modelli sono pensati per adattarsi perfettamente a qualsiasi figura.<\/strong> Quindi, dai un&#8217;occhiata al catalogo, scegli il tuo abito elegante e siamo pronte per un servizio fotografico fantastico!<\/p>\n<h3 class=\"western\" style=\"text-align: justify;\" align=\"justify\">Un fotografo professionista a tua disposizione<\/h3>\n<p style=\"text-align: justify;\">Per il tuo servizio fotografico in abito galleggiante sul Lago di Como, avrai a disposizione il miglior fotografo per un&#8217;ora intera. E noi abbiamo il migliore, s\u00ec, hai letto bene.<strong> Per un servizio fotografico spettacolare come questo, \u00e8 estremamente importante avere dei veri professionisti.<\/strong><\/p>\n<p style=\"text-align: justify;\">La cosa migliore \u00e8 che noi di Perfect Venue lavoriamo solo con i <strong>migliori fotografi professionisti,<\/strong> cos\u00ec potrai avere le foto che sogni il giorno del tuo servizio fotografico in abito galleggiante.<\/p>\n<h3 style=\"text-align: justify;\" align=\"justify\">Fotoritocco incluso nel tuo servizio fotografico<\/h3>\n<p style=\"text-align: justify;\">S\u00ec, dopo l&#8217;esperienza, il fotografo ritoccher\u00e0 le tue foto per consegnartele completamente modificate, rendendo<strong> il risultato ancora pi\u00f9 spettacolare.<\/strong><\/p>\n<p style=\"text-align: justify;\">Con l&#8217;editing, miglioreremo l&#8217;immagine, regolando elementi come illuminazione, contrasto, colori e altre impostazioni che ne valorizzeranno l&#8217;immagine.<strong> L&#8217;editing gioca un ruolo importante<\/strong> nel migliorare l&#8217;immagine e nel completare il processo.<\/p>\n<h3 class=\"western\" style=\"text-align: justify;\" align=\"justify\">Extra per il tuo servizio fotografico con abito galleggiante sul Lago di Como<\/h3>\n<p style=\"text-align: justify;\">Se lo desideri, possiamo anche aggiungere un <strong>videografo<\/strong> per filmare i momenti migliori e la fluidit\u00e0 del tuo abito. Collaboriamo anche con i migliori!<\/p>\n<p style=\"text-align: justify;\">Conosciamo anche i migliori <strong>parrucchieri e truccatori<\/strong> di ogni citt\u00e0 per lasciarti radiosa prima del servizio fotografico.<\/p>\n<p style=\"text-align: justify;\">E se lo desideri, offriamo anche il <strong>trasporto<\/strong> per raggiungerti in ogni location del servizio fotografico.<\/p>\n<p style=\"text-align: justify;\">Cos\u00ec avrai un pacchetto completo, cos\u00ec non ti perderai nulla!<\/p>\n<h3 style=\"text-align: justify;\" align=\"justify\">Prezzi su richiesta<\/h3>\n<p style=\"text-align: justify;\"><strong>Il prezzo di un servizio fotografico con abiti fluidi dipender\u00e0 sempre da diversi fattori<\/strong>, come la location, la data del servizio e l&#8217;attrezzatura specifica di cui avrete bisogno: trasporto, riprese video, decorazioni, trucco e acconciatura.<\/p>\n<p style=\"text-align: justify;\">Pertanto, la cosa migliore che potete fare \u00e8 <strong>contattarci per offrirvi un prezzo fisso.<\/strong><\/p>\n<p style=\"text-align: justify;\">Da Perfect Venue, abbiamo il vostro Piano Perfetto: <strong>se desiderate provare un servizio fotografico con abiti fluidi, organizzeremo tutto per voi.<\/strong><\/p>\n<p style=\"text-align: justify;\">Prenotate con un clic, rilassatevi e godetevi il servizio.<\/p>\n<p style=\"text-align: justify;\">Vi aspettiamo!<\/p>\n<p style=\"text-align: justify;\"><strong>*Il pagamento non \u00e8 rimborsabile in caso di annullamento dell&#8217;evento.<\/strong><\/p>\n<p><\/p>","protected":false},"excerpt":{"rendered":"<p style=\"text-align: justify;\">Ti suggeriremo il piano perfetto per un servizio fotografico in abito galleggiante sul Lago di Como, cos\u00ec potrai creare un ricordo incredibile. <strong>Prezzo su richiesta. Prenotazione obbligatoria.<\/strong><\/p>\n","protected":false},"featured_media":37920,"comment_status":"open","ping_status":"closed","template":"","meta":{"_mo_disable_npp":""},"product_brand":[],"product_cat":[3006],"product_tag":[3352,3353,3354],"class_list":{"0":"post-37919","1":"product","2":"type-product","3":"status-publish","4":"has-post-thumbnail","6":"product_cat-perfect-plans-in-europe","7":"product_tag-vestido-flotante-en-el-lago-di-como","8":"product_tag-vestido-flotante-en-el-lago-di-como-2026","9":"product_tag-vestido-flotante-en-el-lago-di-como-chic","11":"first","12":"instock","13":"taxable","14":"shipping-taxable","15":"product-type-simple"},"_links":{"self":[{"href":"https:\/\/perfectvenue.eu\/it\/wp-json\/wp\/v2\/product\/37919","targetHints":{"allow":["GET"]}}],"collection":[{"href":"https:\/\/perfectvenue.eu\/it\/wp-json\/wp\/v2\/product"}],"about":[{"href":"https:\/\/perfectvenue.eu\/it\/wp-json\/wp\/v2\/types\/product"}],"replies":[{"embeddable":true,"href":"https:\/\/perfectvenue.eu\/it\/wp-json\/wp\/v2\/comments?post=37919"}],"wp:featuredmedia":[{"embeddable":true,"href":"https:\/\/perfectvenue.eu\/it\/wp-json\/wp\/v2\/media\/37920"}],"wp:attachment":[{"href":"https:\/\/perfectvenue.eu\/it\/wp-json\/wp\/v2\/media?parent=37919"}],"wp:term":[{"taxonomy":"product_brand","embeddable":true,"href":"https:\/\/perfectvenue.eu\/it\/wp-json\/wp\/v2\/product_brand?post=37919"},{"taxonomy":"product_cat","embeddable":true,"href":"https:\/\/perfectvenue.eu\/it\/wp-json\/wp\/v2\/product_cat?post=37919"},{"taxonomy":"product_tag","embeddable":true,"href":"https:\/\/perfectvenue.eu\/it\/wp-json\/wp\/v2\/product_tag?post=37919"}],"curies":[{"name":"wp","href":"https:\/\/api.w.org\/{rel}","templated":true}]}}