{"id":38211,"date":"2025-06-30T09:35:53","date_gmt":"2025-06-30T08:35:53","guid":{"rendered":"https:\/\/perfectvenue.eu\/?post_type=product&#038;p=38211"},"modified":"2025-09-09T16:13:08","modified_gmt":"2025-09-09T15:13:08","slug":"marriage-proposal-in-lisbon-petals","status":"publish","type":"product","link":"https:\/\/perfectvenue.eu\/it\/product\/proposta-a-lisbona-con-decorazione-di-petali-di-rosa-in-un-ambiente-romantico-e-memorabile\/","title":{"rendered":"Proposta a Lisbona con decorazione di petali di rosa in un ambiente romantico e memorabile"},"content":{"rendered":"<p><\/p>\n<p style=\"text-align: justify;\">Questa proposta a Lisbona \u00e8 pensata per creare un momento magico, in un&#8217;atmosfera ricca di romanticismo ed eleganza. L&#8217;allestimento include un cuore di petali di rosa e grandi lettere che compongono la frase &#8220;MARRY ME&#8221;, creando uno spazio visivamente suggestivo ed emotivamente potente per rendere il momento assolutamente indimenticabile.<\/p>\n<p style=\"text-align: justify;\">Se desiderate immortalare ogni secondo per sempre, un fotografo professionista catturer\u00e0 il momento della fatidica proposta. Ma non finisce qui: dopo la proposta, proseguirete con un servizio fotografico di fidanzamento nei dintorni. Che sia sulle strade acciottolate del centro storico, in un giardino con vista sul fiume Tago o in uno dei punti panoramici pi\u00f9 belli della citt\u00e0, il servizio fotografico regaler\u00e0 ricordi unici in una delle citt\u00e0 pi\u00f9 fotogeniche d&#8217;Europa.<\/p>\n<p style=\"text-align: justify;\">Questa proposta di fidanzamento a Lisbona \u00e8 ideale per le coppie che cercano un momento speciale e intimo e che danno valore sia all&#8217;estetica che alle emozioni.<\/p>\n<h3 style=\"text-align: justify;\">Cosa \u00e8 incluso nella tua proposta a Lisbona con decorazione a petali di rosa:<\/h3>\n<ul style=\"text-align: justify;\">\n<li aria-level=\"1\">Fotografo professionista<\/li>\n<li aria-level=\"1\">Bouquet di fiori<\/li>\n<li aria-level=\"1\">Decorazione con petali di rosa e scritta &#8220;MARRY ME&#8221;<\/li>\n<li aria-level=\"1\">Pianificazione completa della proposta di matrimonio<\/li>\n<\/ul>\n<p style=\"text-align: justify;\"><b>Prezzo: su richiesta<\/b><\/p>\n<h3 style=\"text-align: justify;\">Puoi aggiungere:<\/h3>\n<ul style=\"text-align: justify;\">\n<li style=\"font-weight: 400;\" aria-level=\"1\">Video professionale<\/li>\n<li style=\"font-weight: 400;\" aria-level=\"1\">Musica dal vivo (chitarra o violino)<\/li>\n<li style=\"font-weight: 400;\" aria-level=\"1\">Trasporto privato<\/li>\n<li style=\"font-weight: 400;\" aria-level=\"1\">Mazzo di fiori aggiuntivo<\/li>\n<\/ul>\n<p style=\"text-align: justify;\">Configuralo come preferisci!<\/p>\n<h3 style=\"text-align: justify;\">Facilit\u00e0 di pagamento<\/h3>\n<p style=\"text-align: justify;\">Questa cerimonia di fidanzamento a Lisbona \u00e8 completamente personalizzabile e pu\u00f2 essere adattata ai vostri desideri, al vostro stile e al vostro budget. Diteci semplicemente come immaginate questo momento e noi ci occuperemo del resto. Prenotate senza problemi, con pagamento semplice e un&#8217;attenzione personalizzata.<\/p>\n<p style=\"text-align: justify;\">Rendete la vostra cerimonia di fidanzamento a Lisbona unica come la vostra storia d&#8217;amore con decorazioni a petali di rosa.<\/p>\n<p style=\"text-align: justify;\">Nota: le tariffe non sono rimborsabili in caso di cancellazione per qualsiasi motivo.<\/p>\n<p><\/p>","protected":false},"excerpt":{"rendered":"<p style=\"text-align: justify;\">Una proposta di matrimonio a Lisbona decorata con petali di rosa \u00e8 perfetta per chi sogna un momento ricco di emozione, bellezza e significato. Lisbona, con i suoi paesaggi incantevoli, \u00e8 la cornice ideale. <strong>Prezzo su richiesta. \u00c8 possibile prenotare con pagamento anticipato e pagare il saldo il giorno dell&#8217;evento.<\/strong><\/p>\n","protected":false},"featured_media":38216,"comment_status":"open","ping_status":"closed","template":"","meta":{"_mo_disable_npp":""},"product_brand":[],"product_cat":[3003],"product_tag":[3346,3347,3349],"class_list":{"0":"post-38211","1":"product","2":"type-product","3":"status-publish","4":"has-post-thumbnail","6":"product_cat-marriage-proposal-packages-in-europe","7":"product_tag-pedida-de-mano-en-lisboa","8":"product_tag-pedida-de-mano-en-lisboa-2026","9":"product_tag-pedida-de-mano-en-lisboa-con-petalos-de-rosa","11":"first","12":"instock","13":"taxable","14":"shipping-taxable","15":"product-type-simple"},"_links":{"self":[{"href":"https:\/\/perfectvenue.eu\/it\/wp-json\/wp\/v2\/product\/38211","targetHints":{"allow":["GET"]}}],"collection":[{"href":"https:\/\/perfectvenue.eu\/it\/wp-json\/wp\/v2\/product"}],"about":[{"href":"https:\/\/perfectvenue.eu\/it\/wp-json\/wp\/v2\/types\/product"}],"replies":[{"embeddable":true,"href":"https:\/\/perfectvenue.eu\/it\/wp-json\/wp\/v2\/comments?post=38211"}],"wp:featuredmedia":[{"embeddable":true,"href":"https:\/\/perfectvenue.eu\/it\/wp-json\/wp\/v2\/media\/38216"}],"wp:attachment":[{"href":"https:\/\/perfectvenue.eu\/it\/wp-json\/wp\/v2\/media?parent=38211"}],"wp:term":[{"taxonomy":"product_brand","embeddable":true,"href":"https:\/\/perfectvenue.eu\/it\/wp-json\/wp\/v2\/product_brand?post=38211"},{"taxonomy":"product_cat","embeddable":true,"href":"https:\/\/perfectvenue.eu\/it\/wp-json\/wp\/v2\/product_cat?post=38211"},{"taxonomy":"product_tag","embeddable":true,"href":"https:\/\/perfectvenue.eu\/it\/wp-json\/wp\/v2\/product_tag?post=38211"}],"curies":[{"name":"wp","href":"https:\/\/api.w.org\/{rel}","templated":true}]}}