{"id":38217,"date":"2025-06-30T09:31:11","date_gmt":"2025-06-30T08:31:11","guid":{"rendered":"https:\/\/perfectvenue.eu\/?post_type=product&#038;p=38217"},"modified":"2025-09-09T16:15:22","modified_gmt":"2025-09-09T15:15:22","slug":"marriage-proposal-in-lisbon-hotel","status":"publish","type":"product","link":"https:\/\/perfectvenue.eu\/it\/product\/proposta-a-lisbona-in-una-camera-dalbergo-privata-con-grandi-lettere-marry-me\/","title":{"rendered":"Proposta a Lisbona in una camera d&#8217;albergo privata con grandi lettere MARRY ME"},"content":{"rendered":"<p><\/p>\n<p style=\"text-align: justify;\">Se cercate un modo speciale per fare la fatidica domanda, questa proposta a Lisbona offre tutto ci\u00f2 di cui avete bisogno per un momento da sogno. La cornice sar\u00e0 una camera d&#8217;albergo privata, arredata esclusivamente per voi, con grandi lettere &#8220;MARRY ME&#8221; che creano un impatto visivo romantico e cinematografico.<\/p>\n<p style=\"text-align: justify;\">Oltre alle lettere principali, potrete personalizzare ulteriormente l&#8217;ambiente con le iniziali dei vostri nomi, creando un&#8217;atmosfera assolutamente unica. Un fotografo professionista catturer\u00e0 l&#8217;esatto momento della proposta e seguir\u00e0 una breve sessione fotografica nello stesso spazio, garantendovi ricordi che dureranno una vita. Avere un fotografo professionista specializzato in fidanzamenti \u00e8 essenziale per catturare i momenti migliori del fidanzamento, cos\u00ec da poterli godere per il resto della vostra vita.<\/p>\n<p style=\"text-align: justify;\">Questa esperienza \u00e8 pensata per chi apprezza la privacy, il comfort e un ambiente intimo. Non dovrete pi\u00f9 dipendere dal meteo o dagli spazi pubblici: tutto si svolger\u00e0 in un luogo accogliente, arredato e preparato appositamente per voi. Ogni dettaglio di questa proposta a Lisbona \u00e8 attentamente pianificato, cos\u00ec dovrete solo preoccuparvi di godervi il momento.<\/p>\n<h3 style=\"text-align: justify;\">Cosa include la tua proposta a Lisbona in una camera d&#8217;albergo privata con grandi lettere MARRY ME<\/h3>\n<ul style=\"text-align: justify;\">\n<li aria-level=\"1\">Affitto di uno spazio privato in hotel<\/li>\n<li aria-level=\"1\">Fotografo professionista<\/li>\n<li aria-level=\"1\">Bouquet di fiori<\/li>\n<li aria-level=\"1\">Grandi lettere decorative (iniziali del nome)<\/li>\n<li aria-level=\"1\">Allestimento personalizzato della proposta di matrimonio<\/li>\n<\/ul>\n<p style=\"text-align: justify;\"><b>Prezzo: su richiesta<\/b><\/p>\n<h3 style=\"text-align: justify;\">Puoi aggiungere:<\/h3>\n<ul style=\"text-align: justify;\">\n<li style=\"font-weight: 400;\" aria-level=\"1\"><span style=\"color: inherit; font-family: inherit; font-size: inherit;\">Video professionale<br \/>\nBouquet aggiuntivo<br \/>\nCena romantica per due nella stessa sala privata<br \/>\nMusica dal vivo (chitarra o violino)<br \/>\nTrasporto privato<\/span><\/li>\n<\/ul>\n<p style=\"text-align: justify;\">Configuralo come preferisci!<\/p>\n<h3 style=\"text-align: justify;\">Facilit\u00e0 di pagamento<\/h3>\n<p style=\"text-align: justify;\">Questa proposta a Lisbona \u00e8 completamente personalizzabile, con opzioni per adattarla al tuo stile, ai tuoi gusti e al tuo budget. Una proposta intima e flessibile, pensata per rendere tutto perfetto.<\/p>\n<p style=\"text-align: justify;\">Rendi la tua proposta a Lisbona, in una camera d&#8217;albergo privata con grandi lettere MARRY ME, un momento unico come la tua storia d&#8217;amore.<\/p>\n<p style=\"text-align: justify;\">Nota bene: le quote non sono rimborsabili in caso di annullamento dell&#8217;evento per qualsiasi motivo.<\/p>\n<p><\/p>","protected":false},"excerpt":{"rendered":"<p style=\"text-align: justify;\">Sorprendi il tuo partner con una proposta a Lisbona in una camera d&#8217;albergo privata con la scritta MARRY ME in grassetto, pensata per chi desidera un momento intimo, elegante e assolutamente indimenticabile.<strong> Prezzo su richiesta. Prenota con un acconto e paga il saldo il giorno dell&#8217;evento.<\/strong><\/p>\n","protected":false},"featured_media":38222,"comment_status":"open","ping_status":"closed","template":"","meta":{"_mo_disable_npp":""},"product_brand":[],"product_cat":[3003],"product_tag":[3346,3347,3348],"class_list":{"0":"post-38217","1":"product","2":"type-product","3":"status-publish","4":"has-post-thumbnail","6":"product_cat-marriage-proposal-packages-in-europe","7":"product_tag-pedida-de-mano-en-lisboa","8":"product_tag-pedida-de-mano-en-lisboa-2026","9":"product_tag-pedida-de-mano-en-lisboa-romantica","11":"first","12":"instock","13":"taxable","14":"shipping-taxable","15":"product-type-simple"},"_links":{"self":[{"href":"https:\/\/perfectvenue.eu\/it\/wp-json\/wp\/v2\/product\/38217","targetHints":{"allow":["GET"]}}],"collection":[{"href":"https:\/\/perfectvenue.eu\/it\/wp-json\/wp\/v2\/product"}],"about":[{"href":"https:\/\/perfectvenue.eu\/it\/wp-json\/wp\/v2\/types\/product"}],"replies":[{"embeddable":true,"href":"https:\/\/perfectvenue.eu\/it\/wp-json\/wp\/v2\/comments?post=38217"}],"wp:featuredmedia":[{"embeddable":true,"href":"https:\/\/perfectvenue.eu\/it\/wp-json\/wp\/v2\/media\/38222"}],"wp:attachment":[{"href":"https:\/\/perfectvenue.eu\/it\/wp-json\/wp\/v2\/media?parent=38217"}],"wp:term":[{"taxonomy":"product_brand","embeddable":true,"href":"https:\/\/perfectvenue.eu\/it\/wp-json\/wp\/v2\/product_brand?post=38217"},{"taxonomy":"product_cat","embeddable":true,"href":"https:\/\/perfectvenue.eu\/it\/wp-json\/wp\/v2\/product_cat?post=38217"},{"taxonomy":"product_tag","embeddable":true,"href":"https:\/\/perfectvenue.eu\/it\/wp-json\/wp\/v2\/product_tag?post=38217"}],"curies":[{"name":"wp","href":"https:\/\/api.w.org\/{rel}","templated":true}]}}