{"id":38231,"date":"2025-06-30T09:27:18","date_gmt":"2025-06-30T08:27:18","guid":{"rendered":"https:\/\/perfectvenue.eu\/?post_type=product&#038;p=38231"},"modified":"2025-09-09T16:16:59","modified_gmt":"2025-09-09T15:16:59","slug":"marriage-proposal-in-lisbon-decoration","status":"publish","type":"product","link":"https:\/\/perfectvenue.eu\/it\/product\/proposta-a-lisbona-in-una-camera-dalbergo-decorata-con-petali-e-lettere-marry-me\/","title":{"rendered":"Proposta a Lisbona in una camera d&#8217;albergo decorata con petali e lettere MARRY ME"},"content":{"rendered":"<p><\/p>\n<p style=\"text-align: justify;\">Questa proposta a Lisbona si svolge nella tranquillit\u00e0 di una camera d&#8217;albergo preparata appositamente per voi. L&#8217;arredamento include le lettere &#8220;MARRY ME&#8221; e un cuore di petali di rosa, creando un&#8217;atmosfera romantica e accogliente, perfetta per la fatidica domanda. Tutto \u00e8 preparato con cura e discrezione, curando ogni dettaglio affinch\u00e9 l&#8217;atmosfera sia magica fin dal primo momento. Sorprendi il tuo partner con l&#8217;eleganza di un hotel, un arredamento romantico e un&#8217;organizzazione impeccabile, cos\u00ec potrai semplicemente vivere e goderti questo momento memorabile e accogliere con entusiasmo il &#8220;s\u00ec, lo voglio&#8221; pi\u00f9 atteso.<\/p>\n<p style=\"text-align: justify;\">Un fotografo professionista catturer\u00e0 l&#8217;esatto momento della proposta, cos\u00ec come i minuti successivi, garantendo ricordi indimenticabili di questo momento speciale. Avere un fotografo professionista specializzato in fidanzamenti \u00e8 essenziale per catturare i momenti migliori del fidanzamento, cos\u00ec da poterli godere per tutta la vita. La camera diventa cos\u00ec un rifugio intimo per vivere uno dei giorni pi\u00f9 importanti della vostra vita insieme.<\/p>\n<p style=\"text-align: justify;\">Questa proposta di matrimonio a Lisbona \u00e8 ideale per chi apprezza il comfort di un ambiente privato senza rinunciare al romanticismo e alla bellezza di una proposta ben organizzata.<\/p>\n<h3 style=\"text-align: justify;\">Cosa include la tua proposta a Lisbona in una camera d&#8217;albergo<\/h3>\n<ul style=\"text-align: justify;\">\n<li aria-level=\"1\">Decorazione con lettere &#8220;MARRY ME&#8221; e petali di rosa<\/li>\n<li aria-level=\"1\">Fotografo professionista<\/li>\n<li aria-level=\"1\">Pianificazione completa della proposta di matrimonio<\/li>\n<\/ul>\n<p style=\"text-align: justify;\"><b>Prezzo: su richiesta<\/b><\/p>\n<h3 style=\"text-align: justify;\">Puoi aggiungere:<\/h3>\n<ul style=\"text-align: justify;\">\n<li style=\"font-weight: 400;\" aria-level=\"1\">Video professionale<\/li>\n<li style=\"font-weight: 400;\" aria-level=\"1\">Mazzo di fiori aggiuntivo<\/li>\n<li style=\"font-weight: 400;\" aria-level=\"1\">Musica dal vivo (chitarra o violino)<\/li>\n<li style=\"font-weight: 400;\" aria-level=\"1\">Trasporto privato<\/li>\n<\/ul>\n<p style=\"text-align: justify;\">Configuralo come preferisci!<\/p>\n<h3 style=\"text-align: justify;\">Facilit\u00e0 di pagamento<\/h3>\n<p style=\"text-align: justify;\">Con questo fidanzamento a Lisbona, tutto \u00e8 pronto per farti vivere un momento magico, intimo e significativo. Progettiamo ogni dettaglio secondo i tuoi gusti affinch\u00e9 tutto vada alla perfezione.<\/p>\n<p style=\"text-align: justify;\">Rendi il tuo fidanzamento a Lisbona, in una camera d&#8217;albergo, un ricordo che custodirai per sempre. Lascia che pensiamo a tutto noi e tu potrai goderti il \u200b\u200bmomento senza preoccupazioni!<\/p>\n<p style=\"text-align: justify;\">Nota importante: le quote non sono rimborsabili in caso di annullamento dell&#8217;evento per qualsiasi motivo.<\/p>\n<p><\/p>","protected":false},"excerpt":{"rendered":"<p style=\"text-align: justify;\">Se cercate una proposta intima, romantica e premurosa, questo fidanzamento a Lisbona in una camera d&#8217;albergo \u00e8 l&#8217;opzione perfetta. Perfetto per chi cerca un ambiente privato ed elegante. <strong>Prezzo su richiesta. Prenotate con un acconto e pagate il saldo il giorno dell&#8217;evento.<\/strong><\/p>\n","protected":false},"featured_media":38235,"comment_status":"open","ping_status":"closed","template":"","meta":{"_mo_disable_npp":""},"product_brand":[],"product_cat":[3003],"product_tag":[3346,3347,3350,3400],"class_list":{"0":"post-38231","1":"product","2":"type-product","3":"status-publish","4":"has-post-thumbnail","6":"product_cat-marriage-proposal-packages-in-europe","7":"product_tag-pedida-de-mano-en-lisboa","8":"product_tag-pedida-de-mano-en-lisboa-2026","9":"product_tag-pedida-de-mano-en-lisboa-habitacion-de-hotel-decorada","10":"product_tag-3400","12":"first","13":"instock","14":"taxable","15":"shipping-taxable","16":"product-type-simple"},"_links":{"self":[{"href":"https:\/\/perfectvenue.eu\/it\/wp-json\/wp\/v2\/product\/38231","targetHints":{"allow":["GET"]}}],"collection":[{"href":"https:\/\/perfectvenue.eu\/it\/wp-json\/wp\/v2\/product"}],"about":[{"href":"https:\/\/perfectvenue.eu\/it\/wp-json\/wp\/v2\/types\/product"}],"replies":[{"embeddable":true,"href":"https:\/\/perfectvenue.eu\/it\/wp-json\/wp\/v2\/comments?post=38231"}],"wp:featuredmedia":[{"embeddable":true,"href":"https:\/\/perfectvenue.eu\/it\/wp-json\/wp\/v2\/media\/38235"}],"wp:attachment":[{"href":"https:\/\/perfectvenue.eu\/it\/wp-json\/wp\/v2\/media?parent=38231"}],"wp:term":[{"taxonomy":"product_brand","embeddable":true,"href":"https:\/\/perfectvenue.eu\/it\/wp-json\/wp\/v2\/product_brand?post=38231"},{"taxonomy":"product_cat","embeddable":true,"href":"https:\/\/perfectvenue.eu\/it\/wp-json\/wp\/v2\/product_cat?post=38231"},{"taxonomy":"product_tag","embeddable":true,"href":"https:\/\/perfectvenue.eu\/it\/wp-json\/wp\/v2\/product_tag?post=38231"}],"curies":[{"name":"wp","href":"https:\/\/api.w.org\/{rel}","templated":true}]}}