{"id":38927,"date":"2026-02-20T10:14:40","date_gmt":"2026-02-20T09:14:40","guid":{"rendered":"https:\/\/perfectvenue.eu\/?post_type=product&#038;p=38927"},"modified":"2026-02-20T10:23:04","modified_gmt":"2026-02-20T09:23:04","slug":"marriage-proposal-dubai-yacht","status":"publish","type":"product","link":"https:\/\/perfectvenue.eu\/it\/product\/proposta-a-dubai-su-uno-yacht-un-sogno-di-lusso\/","title":{"rendered":"Proposta a Dubai su uno yacht: un sogno di lusso!"},"content":{"rendered":"<p><\/p>\n<p style=\"text-align: justify;\">Dubai ti attrae ma non sai come fare la proposta? Quale opzione migliore di una proposta a Dubai su uno yacht? \u00c8 un&#8217;alternativa che unisce glamour e lusso in egual misura. Inoltre, puoi prenotarla in orari specifici o anche per tutto il giorno!<\/p>\n<p style=\"text-align: justify;\">\u00c8 un&#8217;esperienza unica, dove privacy, romanticismo ed eleganza si fondono in perfetta armonia per creare un&#8217;atmosfera intima e sofisticata. Dalle luci brillanti della citt\u00e0 alle acque cristalline del Golfo Persico. Cosa si pu\u00f2 desiderare di pi\u00f9?<\/p>\n<p style=\"text-align: justify;\">Beh, puoi anche contare su un fotografo professionista, un bouquet di fiori, champagne, candele, foto o qualsiasi altra cosa ti venga in mente! \u00c8 un momento irripetibile e va immortalato nel modo migliore. Inoltre, facendo la proposta a Dubai su uno yacht, potrai approfittare del tempo successivo per ammirare lo skyline della citt\u00e0, con i suoi iconici grattacieli e l&#8217;imponente silhouette del Burj Khalifa illuminato di notte.<\/p>\n<p style=\"text-align: justify;\">Essere semplicemente accompagnati dalla musica, dalla brezza marina, dal dolce ondeggiare dello yacht e dalla vista panoramica sulla citt\u00e0 rende ogni momento degno di essere vissuto. Ecco perch\u00e9 questa cornice esclusiva sar\u00e0 l&#8217;inizio perfetto per la vostra storia d&#8217;amore.<\/p>\n<p style=\"text-align: justify;\">Non esitate a fare la proposta di matrimonio a Dubai su uno yacht!<\/p>\n<h3 style=\"text-align: justify;\">Cosa include la tua proposta a Dubai su uno yacht:<\/h3>\n<ul style=\"text-align: justify;\">\n<li style=\"font-weight: 400;\" aria-level=\"1\">Fotografo<\/li>\n<li style=\"font-weight: 400;\" aria-level=\"1\">Noleggio yacht<\/li>\n<li style=\"font-weight: 400;\" aria-level=\"1\">Decorazioni di base<\/li>\n<li style=\"font-weight: 400;\" aria-level=\"1\">Pianificazione della proposta di matrimonio<\/li>\n<\/ul>\n<p style=\"text-align: justify;\"><strong>Prezzo: su richiesta<\/strong><\/p>\n<h3 style=\"text-align: justify;\">Puoi aggiungere:<\/h3>\n<ul style=\"text-align: justify;\">\n<li style=\"font-weight: 400;\" aria-level=\"1\">Video<\/li>\n<li style=\"font-weight: 400;\" aria-level=\"1\">Bouquet di fiori<\/li>\n<li style=\"font-weight: 400;\" aria-level=\"1\">Cena per due<\/li>\n<li style=\"font-weight: 400;\" aria-level=\"1\">Musica dal vivo (chitarra o violino)<\/li>\n<li style=\"font-weight: 400;\" aria-level=\"1\">Trasporto<\/li>\n<li aria-level=\"1\">Decorazioni personalizzate<\/li>\n<li aria-level=\"1\">Allestiscilo come preferisci!<\/li>\n<\/ul>\n<h3 style=\"text-align: justify;\">Facilit\u00e0 di pagamento<\/h3>\n<p style=\"text-align: justify;\"><span style=\"font-weight: 400;\">No es necesario pagar \u00edntegramente el importe de la pedida de mano en Dubai en un yate. Simplemente es necesario reservar con un adelanto y el resto darla en el d\u00eda del evento.\u00a0<\/span><\/p>\n<p style=\"text-align: justify;\"><span style=\"font-weight: 400;\">\u00a1Despreocupate y vive tu nueva vida con clase!<\/span><\/p>\n<p style=\"text-align: justify;\"><span style=\"font-weight: 400;\">*Las tarifas no son reembolsables si el evento se cancela por cualquier motivo.<\/span><\/p>\n<p><\/p>","protected":false},"excerpt":{"rendered":"<p style=\"text-align: justify;\">Questo pacchetto di proposta a Dubai su uno yacht offre un ambiente romantico e lussuoso, creando un&#8217;esperienza unica per dichiarare il vostro amore. <strong>Prezzi su richiesta. \u00c8 richiesta la prenotazione anticipata.<\/strong><\/p>\n","protected":false},"featured_media":41178,"comment_status":"open","ping_status":"closed","template":"","meta":{"_mo_disable_npp":""},"product_brand":[],"product_cat":[3003],"product_tag":[],"class_list":{"0":"post-38927","1":"product","2":"type-product","3":"status-publish","4":"has-post-thumbnail","6":"product_cat-marriage-proposal-packages-in-europe","8":"first","9":"instock","10":"taxable","11":"shipping-taxable","12":"product-type-simple"},"_links":{"self":[{"href":"https:\/\/perfectvenue.eu\/it\/wp-json\/wp\/v2\/product\/38927","targetHints":{"allow":["GET"]}}],"collection":[{"href":"https:\/\/perfectvenue.eu\/it\/wp-json\/wp\/v2\/product"}],"about":[{"href":"https:\/\/perfectvenue.eu\/it\/wp-json\/wp\/v2\/types\/product"}],"replies":[{"embeddable":true,"href":"https:\/\/perfectvenue.eu\/it\/wp-json\/wp\/v2\/comments?post=38927"}],"wp:featuredmedia":[{"embeddable":true,"href":"https:\/\/perfectvenue.eu\/it\/wp-json\/wp\/v2\/media\/41178"}],"wp:attachment":[{"href":"https:\/\/perfectvenue.eu\/it\/wp-json\/wp\/v2\/media?parent=38927"}],"wp:term":[{"taxonomy":"product_brand","embeddable":true,"href":"https:\/\/perfectvenue.eu\/it\/wp-json\/wp\/v2\/product_brand?post=38927"},{"taxonomy":"product_cat","embeddable":true,"href":"https:\/\/perfectvenue.eu\/it\/wp-json\/wp\/v2\/product_cat?post=38927"},{"taxonomy":"product_tag","embeddable":true,"href":"https:\/\/perfectvenue.eu\/it\/wp-json\/wp\/v2\/product_tag?post=38927"}],"curies":[{"name":"wp","href":"https:\/\/api.w.org\/{rel}","templated":true}]}}