{"id":38971,"date":"2026-02-17T14:21:33","date_gmt":"2026-02-17T13:21:33","guid":{"rendered":"https:\/\/perfectvenue.eu\/?post_type=product&#038;p=38971"},"modified":"2026-02-17T14:19:23","modified_gmt":"2026-02-17T13:19:23","slug":"marriage-proposal-dubai-views","status":"publish","type":"product","link":"https:\/\/perfectvenue.eu\/it\/product\/proposta-a-dubai-con-vista-sul-burj-al-arab-sulla-spiaggia-imbattibile\/","title":{"rendered":"Proposta a Dubai con vista sul Burj Al Arab sulla spiaggia: imbattibile!"},"content":{"rendered":"<p><\/p>\n<p style=\"text-align: justify;\">Volete sorprendere la vostra dolce met\u00e0 con una proposta a Dubai con vista sul Burj Al Arab sulla spiaggia? Beh, dovreste! Potrete inginocchiarvi in una splendida baia, circondati dalla bellezza naturale e da quell&#8217;atmosfera lussuosa che solo Dubai offre. Che sia all&#8217;alba o al tramonto, questa citt\u00e0 non delude mai.<\/p>\n<p style=\"text-align: justify;\">\u00c8 senza dubbio la cornice perfetta per una proposta di matrimonio, poich\u00e9 ogni dettaglio conferisce glamour e romanticismo in egual misura. Dalla sabbia bianca e dalle acque cristalline all&#8217;illuminazione che esalta la vista spettacolare del Burj Al Arab.<\/p>\n<p style=\"text-align: justify;\">Il contrasto tra la natura e l&#8217;eleganza unica della citt\u00e0 rende tutto perfetto. Potete aggiungere tocchi personali, come un tappeto rosso, un cuore floreale gigante, lettere di legno con la scritta &#8220;Sposami&#8221;, foto e qualsiasi altra cosa vi venga in mente! In questo modo, renderete la proposta di matrimonio a Dubai con vista sul Burj Al Arab, sulla spiaggia, ancora pi\u00f9 memorabile.<\/p>\n<p style=\"text-align: justify;\">Inoltre, dopo aver pronunciato il fatidico &#8220;S\u00ec, lo voglio&#8221;, potrete cenare in un ristorante gourmet o persino fare un romantico picnic a lume di candela in citt\u00e0, accompagnati dalla dolce brezza marina e persino dalla musica. Questo creer\u00e0 un&#8217;atmosfera di pace e serenit\u00e0, permeata dalla bellezza del paesaggio circostante, facendo sentire il vostro partner davvero speciale in questo momento cos\u00ec importante.<\/p>\n<p style=\"text-align: justify;\">Senza dubbio, questa proposta di matrimonio a Dubai, con vista sul Burj Al Arab e sulla spiaggia, sar\u00e0 la storia che entrambi racconterete con affetto per tutta la vita. Quindi non esitate!<\/p>\n<h3 style=\"text-align: justify;\">Cosa \u00e8 incluso nella tua proposta a Dubai con vista sul Burj Al Arab sulla spiaggia:<\/h3>\n<ul style=\"text-align: justify;\">\n<li style=\"font-weight: 400;\" aria-level=\"1\">Fotografo<\/li>\n<li style=\"font-weight: 400;\" aria-level=\"1\">Decorazioni di base<\/li>\n<li style=\"font-weight: 400;\" aria-level=\"1\">Pianificazione della proposta di matrimonio<\/li>\n<\/ul>\n<p style=\"text-align: justify;\"><strong>Prezzo: su richiesta<\/strong><\/p>\n<h3 style=\"text-align: justify;\">Puoi aggiungere:<\/h3>\n<ul style=\"text-align: justify;\">\n<li style=\"font-weight: 400;\" aria-level=\"1\">Video<\/li>\n<li style=\"font-weight: 400;\" aria-level=\"1\">Bouquet di fiori<\/li>\n<li style=\"font-weight: 400;\" aria-level=\"1\">Cena per due<\/li>\n<li style=\"font-weight: 400;\" aria-level=\"1\">Musica dal vivo (chitarra o violino)<\/li>\n<li style=\"font-weight: 400;\" aria-level=\"1\">Trasporto<\/li>\n<li style=\"font-weight: 400;\" aria-level=\"1\">Decorazioni personalizzate<\/li>\n<li style=\"font-weight: 400;\" aria-level=\"1\">Allestiscilo come preferisci!<\/li>\n<\/ul>\n<h3 style=\"text-align: justify;\">Facilit\u00e0 di pagamento<\/h3>\n<p style=\"text-align: justify;\">Non \u00e8 necessario pagare l&#8217;intero importo per la tua festa di fidanzamento a Dubai con vista sul Burj Al Arab sulla spiaggia. Basta prenotare un acconto e pagare il saldo il giorno dell&#8217;evento.<\/p>\n<p style=\"text-align: justify;\">Non preoccuparti e vivi la tua nuova vita con stile!<\/p>\n<p style=\"text-align: justify;\">*Le quote non sono rimborsabili in caso di annullamento dell&#8217;evento per qualsiasi motivo.<\/p>\n<p><\/p>","protected":false},"excerpt":{"rendered":"<p style=\"text-align: justify;\">Questo pacchetto di proposta a Dubai con vista sul Burj Al Arab sulla spiaggia offre un ambiente romantico e lussuoso, creando un&#8217;esperienza unica per dichiarare il vostro amore. <strong>Prezzi su richiesta. \u00c8 richiesta la prenotazione anticipata.<\/strong><\/p>\n","protected":false},"featured_media":41121,"comment_status":"open","ping_status":"closed","template":"","meta":{"_mo_disable_npp":""},"product_brand":[],"product_cat":[3003],"product_tag":[3385,3383,3384],"class_list":{"0":"post-38971","1":"product","2":"type-product","3":"status-publish","4":"has-post-thumbnail","6":"product_cat-marriage-proposal-packages-in-europe","7":"product_tag-dubai-proposal","8":"product_tag-3383","9":"product_tag-3384","11":"first","12":"instock","13":"taxable","14":"shipping-taxable","15":"product-type-simple"},"_links":{"self":[{"href":"https:\/\/perfectvenue.eu\/it\/wp-json\/wp\/v2\/product\/38971","targetHints":{"allow":["GET"]}}],"collection":[{"href":"https:\/\/perfectvenue.eu\/it\/wp-json\/wp\/v2\/product"}],"about":[{"href":"https:\/\/perfectvenue.eu\/it\/wp-json\/wp\/v2\/types\/product"}],"replies":[{"embeddable":true,"href":"https:\/\/perfectvenue.eu\/it\/wp-json\/wp\/v2\/comments?post=38971"}],"wp:featuredmedia":[{"embeddable":true,"href":"https:\/\/perfectvenue.eu\/it\/wp-json\/wp\/v2\/media\/41121"}],"wp:attachment":[{"href":"https:\/\/perfectvenue.eu\/it\/wp-json\/wp\/v2\/media?parent=38971"}],"wp:term":[{"taxonomy":"product_brand","embeddable":true,"href":"https:\/\/perfectvenue.eu\/it\/wp-json\/wp\/v2\/product_brand?post=38971"},{"taxonomy":"product_cat","embeddable":true,"href":"https:\/\/perfectvenue.eu\/it\/wp-json\/wp\/v2\/product_cat?post=38971"},{"taxonomy":"product_tag","embeddable":true,"href":"https:\/\/perfectvenue.eu\/it\/wp-json\/wp\/v2\/product_tag?post=38971"}],"curies":[{"name":"wp","href":"https:\/\/api.w.org\/{rel}","templated":true}]}}