{"id":39067,"date":"2026-02-18T12:44:26","date_gmt":"2026-02-18T11:44:26","guid":{"rendered":"https:\/\/perfectvenue.eu\/?post_type=product&#038;p=39067"},"modified":"2026-02-20T12:48:14","modified_gmt":"2026-02-20T11:48:14","slug":"marriage-proposal-venice-music","status":"publish","type":"product","link":"https:\/\/perfectvenue.eu\/it\/product\/una-proposta-a-venezia-in-gondola-con-musica-un-momento-da-film\/","title":{"rendered":"Una proposta a Venezia in gondola con musica: un momento da film"},"content":{"rendered":"<p><\/p>\n<p style=\"text-align: justify;\">Fare la proposta a Venezia in gondola con musica dal vivo \u00e8 un&#8217;esperienza che unisce la magia della citt\u00e0 a un&#8217;atmosfera degna delle storie d&#8217;amore pi\u00f9 romantiche. Immagina di dichiararti il tuo amore mentre un violino suona tra i canali, creando un momento tanto intimo quanto indimenticabile.<\/p>\n<p style=\"text-align: justify;\">La proposta si svolge in una gondola privata, decorata con gusto e delicatezza con fiori freschi ed eleganti cuscini. Durante il tragitto, scoprirai luoghi iconici come il Ponte di Rialto e la Basilica di Santa Maria della Salute. Una volta raggiunto il ponte, il gondoliere si fermer\u00e0 per permetterti di fare la proposta e creare il momento perfetto per il tuo partner.<\/p>\n<p style=\"text-align: justify;\">Puoi scegliere tra diversi stili musicali: da una serenata classica con fisarmonica e voce, a un duetto voce e chitarra, o, se preferisci qualcosa di pi\u00f9 classico, il violino. Il repertorio si adatta all&#8217;umore e al gusto della coppia, assicurando che ogni nota accompagni il momento esatto in cui viene posta la fatidica domanda.<\/p>\n<p style=\"text-align: justify;\">Inoltre, un fotografo professionista seguir\u00e0 discretamente il viaggio da un&#8217;altra gondola per catturare l&#8217;emozione e la bellezza del momento senza interrompere l&#8217;esperienza, lasciando un ricordo visivo di quell&#8217;attimo unico.<\/p>\n<p style=\"text-align: justify;\">Questa proposta \u00e8 perfetta per le coppie che sognano un ambiente elegante, ricco di romanticismo e con un tocco artistico e musicale che esalti il tutto. Venezia, con la sua storia, la sua luce e la sua bellezza, \u00e8 la cornice ideale per iniziare un nuovo capitolo della vostra vita di coppia.<\/p>\n<p style=\"text-align: justify;\">Ricordate che questa esperienza \u00e8 soggetta a disponibilit\u00e0 e richiede la prenotazione anticipata, poich\u00e9 le gondole con musicisti dal vivo sono molto richieste. Tutto \u00e8 pensato per rendere quel momento tanto atteso semplicemente perfetto.<\/p>\n<p style=\"text-align: justify;\">Regalate alla vostra storia d&#8217;amore una colonna sonora indimenticabile. Dichiarate il vostro amore su una gondola a Venezia, mentre la musica avvolge ogni secondo di un ricordo eterno.<\/p>\n<h3 style=\"text-align: justify;\">Cosa include la tua proposta a Venezia in gondola con musica:<\/h3>\n<ul style=\"text-align: justify;\">\n<li aria-level=\"1\">Giro privato in gondola di 30 minuti<\/li>\n<li aria-level=\"1\">Fotografo<\/li>\n<li aria-level=\"1\">Musica dal vivo<\/li>\n<li aria-level=\"1\">Bouquet di rose<\/li>\n<li aria-level=\"1\">Organizzazione della proposta di matrimonio<\/li>\n<\/ul>\n<p style=\"text-align: justify;\"><strong>Prezzo: su richiesta<\/strong><\/p>\n<h3 style=\"text-align: justify;\">Puoi aggiungere:<\/h3>\n<ul style=\"text-align: justify;\">\n<li style=\"font-weight: 400;\" aria-level=\"1\">Video<\/li>\n<li style=\"font-weight: 400;\" aria-level=\"1\">Decorazioni personalizzate<\/li>\n<li style=\"font-weight: 400;\" aria-level=\"1\">Spedizione<\/li>\n<li aria-level=\"1\">Configuralo come preferisci!<\/li>\n<\/ul>\n<h3 style=\"text-align: justify;\">Facilit\u00e0 di pagamento<\/h3>\n<p style=\"text-align: justify;\">S\u00ec! Non \u00e8 necessario pagare l&#8217;intero importo per il servizio fotografico in gondola a Venezia. \u00c8 sufficiente prenotare un acconto e pagare il saldo il giorno dell&#8217;evento.<\/p>\n<p style=\"text-align: justify;\">Comodit\u00e0 per te!<\/p>\n<p style=\"text-align: justify;\">*Le quote non sono rimborsabili in caso di annullamento dell&#8217;evento per qualsiasi motivo.<\/p>\n<p><\/p>","protected":false},"excerpt":{"rendered":"<p>Una proposta di matrimonio a Venezia in gondola con musica, una proposta davvero speciale lungo il canale pi\u00f9 famoso del mondo. <strong>Prezzo: su richiesta. Prenotazione obbligatoria.<\/strong><\/p>\n","protected":false},"featured_media":41216,"comment_status":"open","ping_status":"closed","template":"","meta":{"_mo_disable_npp":""},"product_brand":[],"product_cat":[3003],"product_tag":[3334,3330,3335],"class_list":{"0":"post-39067","1":"product","2":"type-product","3":"status-publish","4":"has-post-thumbnail","6":"product_cat-marriage-proposal-packages-in-europe","7":"product_tag-pedida-de-mano-en-venecia","8":"product_tag-pedida-de-mano-en-venecia-en-gondola","9":"product_tag-pedida-de-mano-en-venecia-en-gondola-con-musica","11":"first","12":"instock","13":"taxable","14":"shipping-taxable","15":"product-type-simple"},"_links":{"self":[{"href":"https:\/\/perfectvenue.eu\/it\/wp-json\/wp\/v2\/product\/39067","targetHints":{"allow":["GET"]}}],"collection":[{"href":"https:\/\/perfectvenue.eu\/it\/wp-json\/wp\/v2\/product"}],"about":[{"href":"https:\/\/perfectvenue.eu\/it\/wp-json\/wp\/v2\/types\/product"}],"replies":[{"embeddable":true,"href":"https:\/\/perfectvenue.eu\/it\/wp-json\/wp\/v2\/comments?post=39067"}],"wp:featuredmedia":[{"embeddable":true,"href":"https:\/\/perfectvenue.eu\/it\/wp-json\/wp\/v2\/media\/41216"}],"wp:attachment":[{"href":"https:\/\/perfectvenue.eu\/it\/wp-json\/wp\/v2\/media?parent=39067"}],"wp:term":[{"taxonomy":"product_brand","embeddable":true,"href":"https:\/\/perfectvenue.eu\/it\/wp-json\/wp\/v2\/product_brand?post=39067"},{"taxonomy":"product_cat","embeddable":true,"href":"https:\/\/perfectvenue.eu\/it\/wp-json\/wp\/v2\/product_cat?post=39067"},{"taxonomy":"product_tag","embeddable":true,"href":"https:\/\/perfectvenue.eu\/it\/wp-json\/wp\/v2\/product_tag?post=39067"}],"curies":[{"name":"wp","href":"https:\/\/api.w.org\/{rel}","templated":true}]}}