{"id":39073,"date":"2026-02-20T10:21:42","date_gmt":"2026-02-20T09:21:42","guid":{"rendered":"https:\/\/perfectvenue.eu\/?post_type=product&#038;p=39073"},"modified":"2026-02-20T10:21:47","modified_gmt":"2026-02-20T09:21:47","slug":"marriage-proposal-venice-video","status":"publish","type":"product","link":"https:\/\/perfectvenue.eu\/it\/product\/una-proposta-a-venezia-in-gondola-con-un-video-una-storia-che-dura-nel-tempo\/","title":{"rendered":"Una proposta a Venezia in gondola con un video: una storia che dura nel tempo."},"content":{"rendered":"<p><\/p>\n<p style=\"text-align: justify;\">Immagina una proposta a Venezia in gondola con un video e una serenata dal vivo lungo i canali. Ecco di cosa parla questa proposta: una proposta unica che unisce il fascino veneziano all&#8217;arte della musica e al valore eterno di un ricordo audiovisivo.<\/p>\n<p style=\"text-align: justify;\">L&#8217;esperienza inizia a bordo di una gondola privata, accuratamente decorata con fiori, dettagli eleganti e un&#8217;atmosfera intima creata per quel momento speciale. Durante il tragitto, visiterai luoghi iconici come il Canal Grande, il Ponte degli Scalzi o angoli meno battuti dove regnano il silenzio e la magia.<\/p>\n<p style=\"text-align: justify;\">Un musicista (un violinista, un fisarmonicista o anche un piccolo duo) ti accompagner\u00e0 con una selezione di melodie romantiche che si armonizzano con ogni emozione del viaggio. La musica non solo crea un&#8217;atmosfera indimenticabile, ma detta anche il ritmo perfetto per quel &#8220;mi vuoi sposare?&#8221; che rimarr\u00e0 per sempre impresso nella tua memoria.<\/p>\n<p style=\"text-align: justify;\">E proprio quel momento sar\u00e0 immortalato da un videografo professionista, che ti seguir\u00e0 con discrezione da un&#8217;altra gondola o da punti strategici della citt\u00e0. Senza interferire con l&#8217;esperienza, documenteranno con sensibilit\u00e0 ogni gesto, ogni sorriso e ogni secondo del viaggio. Successivamente verr\u00e0 montato un video personalizzato che cattura sia l&#8217;ambiente circostante che le emozioni vissute.<\/p>\n<p style=\"text-align: justify;\">Scegliete voi il momento migliore della giornata: una passeggiata al tramonto con i riflessi dorati del sole sull&#8217;acqua, o una notte tranquilla illuminata dalle luci dei palazzi veneziani. Tutto \u00e8 progettato per regalarvi un&#8217;esperienza tanto reale quanto cinematografica.<\/p>\n<p style=\"text-align: justify;\">Questo fidanzamento \u00e8 perfetto per chi cerca un momento intimo, romantico e assolutamente indimenticabile. Venezia, con la sua atmosfera sospesa nel tempo, \u00e8 il luogo ideale per creare un ricordo eterno come il vostro amore.<\/p>\n<p style=\"text-align: justify;\">Si prega di notare che questa esperienza richiede la prenotazione anticipata, poich\u00e9 sia il musicista che il videografo dovranno coordinare l&#8217;itinerario e i dettagli personalizzati della gondola. Tutto \u00e8 organizzato con cura, curando ogni elemento affinch\u00e9 tutto scorra in modo naturale e perfetto.<\/p>\n<p style=\"text-align: justify;\">Date alla vostra storia d&#8217;amore una colonna sonora unica e un ricordo duraturo. Una proposta di matrimonio a Venezia, con musica dal vivo e un video, \u00e8 molto pi\u00f9 di un semplice s\u00ec: \u00e8 l&#8217;inizio di una storia raccontata autenticamente.<\/p>\n<h3 style=\"text-align: justify;\">Cosa include la tua proposta a Venezia in gondola con un video:<\/h3>\n<ul style=\"text-align: justify;\">\n<li aria-level=\"1\">Giro privato in gondola di 30 minuti<\/li>\n<li aria-level=\"1\">Videografo (1 ora)<\/li>\n<li aria-level=\"1\">Musica dal vivo<\/li>\n<li aria-level=\"1\">Bouquet di rose<\/li>\n<li aria-level=\"1\">Organizzazione della proposta di matrimonio<\/li>\n<\/ul>\n<p style=\"text-align: justify;\"><strong>Prezzo: su richiesta<\/strong><\/p>\n<h3 style=\"text-align: justify;\">Puoi aggiungere:<\/h3>\n<ul style=\"text-align: justify;\">\n<li style=\"font-weight: 400;\" aria-level=\"1\">Fotografo<\/li>\n<li style=\"font-weight: 400;\" aria-level=\"1\">Decorazioni personalizzate<\/li>\n<li style=\"font-weight: 400;\" aria-level=\"1\">Spedizione<\/li>\n<li style=\"font-weight: 400;\" aria-level=\"1\">Configuralo come preferisci!<\/li>\n<\/ul>\n<h3 style=\"text-align: justify;\">Facilit\u00e0 di pagamento<\/h3>\n<p style=\"text-align: justify;\">S\u00ec! Non \u00e8 necessario pagare l&#8217;intero importo per il servizio di proposta a Venezia in gondola con un video. \u00c8 sufficiente prenotare un acconto e pagare il saldo il giorno dell&#8217;evento.<\/p>\n<p style=\"text-align: justify;\">Comodit\u00e0 per te!<\/p>\n<p style=\"text-align: justify;\">*Le quote non sono rimborsabili in caso di annullamento dell&#8217;evento per qualsiasi motivo.<\/p>\n<p><\/p>","protected":false},"excerpt":{"rendered":"<p style=\"text-align: justify;\">Una proposta di matrimonio in gondola a Venezia con video, una proposta davvero speciale lungo il canale pi\u00f9 famoso del mondo.<strong> Prezzo: su richiesta. Prenotazione obbligatoria.<\/strong><\/p>\n","protected":false},"featured_media":41182,"comment_status":"open","ping_status":"closed","template":"","meta":{"_mo_disable_npp":""},"product_brand":[],"product_cat":[3003],"product_tag":[3340,3339,3341],"class_list":{"0":"post-39073","1":"product","2":"type-product","3":"status-publish","4":"has-post-thumbnail","6":"product_cat-marriage-proposal-packages-in-europe","7":"product_tag-pedida-de-mano-en-venecia-en-una-gondola","8":"product_tag-pedida-de-mano-en-venecia-en-una-gondola-con-video","9":"product_tag-pedida-de-mano-en-venecia-en-una-gondola-con-video-2026","11":"first","12":"instock","13":"taxable","14":"shipping-taxable","15":"product-type-simple"},"_links":{"self":[{"href":"https:\/\/perfectvenue.eu\/it\/wp-json\/wp\/v2\/product\/39073","targetHints":{"allow":["GET"]}}],"collection":[{"href":"https:\/\/perfectvenue.eu\/it\/wp-json\/wp\/v2\/product"}],"about":[{"href":"https:\/\/perfectvenue.eu\/it\/wp-json\/wp\/v2\/types\/product"}],"replies":[{"embeddable":true,"href":"https:\/\/perfectvenue.eu\/it\/wp-json\/wp\/v2\/comments?post=39073"}],"wp:featuredmedia":[{"embeddable":true,"href":"https:\/\/perfectvenue.eu\/it\/wp-json\/wp\/v2\/media\/41182"}],"wp:attachment":[{"href":"https:\/\/perfectvenue.eu\/it\/wp-json\/wp\/v2\/media?parent=39073"}],"wp:term":[{"taxonomy":"product_brand","embeddable":true,"href":"https:\/\/perfectvenue.eu\/it\/wp-json\/wp\/v2\/product_brand?post=39073"},{"taxonomy":"product_cat","embeddable":true,"href":"https:\/\/perfectvenue.eu\/it\/wp-json\/wp\/v2\/product_cat?post=39073"},{"taxonomy":"product_tag","embeddable":true,"href":"https:\/\/perfectvenue.eu\/it\/wp-json\/wp\/v2\/product_tag?post=39073"}],"curies":[{"name":"wp","href":"https:\/\/api.w.org\/{rel}","templated":true}]}}