{"id":39163,"date":"2026-03-03T12:03:20","date_gmt":"2026-03-03T11:03:20","guid":{"rendered":"http:\/\/perfectvenue.eu\/es\/?post_type=product&#038;p=39163"},"modified":"2026-03-03T12:34:44","modified_gmt":"2026-03-03T11:34:44","slug":"pedida-mano-embarcadero-del-lago-garda-romanticismo-al-atardecer","status":"publish","type":"product","link":"https:\/\/perfectvenue.eu\/it\/product\/marriage-proposal-at-lake-garda\/","title":{"rendered":"Proposta sul molo del Lago di Garda: romanticismo al tramonto"},"content":{"rendered":"<p><\/p>\n<p style=\"text-align: justify;\">Il Lago di Garda, con le sue acque tranquille e i paesaggi da cartolina, offre uno degli scenari pi\u00f9 romantici d&#8217;Italia. Questa proposta sul molo del Lago di Garda, decorata con un arco floreale, un tappeto, candele e un cartello luminoso con la scritta &#8220;Sposami&#8221;, che culminer\u00e0 in una cena intima in riva all&#8217;acqua, \u00e8 il modo perfetto per trasformare quel &#8220;s\u00ec&#8221; tanto atteso in un ricordo che durer\u00e0 una vita.<\/p>\n<p style=\"text-align: justify;\">L&#8217;esperienza inizia con l&#8217;arrivo al molo riservato esclusivamente alla coppia. L&#8217;ambiente \u00e8 attentamente studiato per emozionare fin dal primo momento: un tappeto conduce a un arco ricoperto di fiori freschi, circondato da lanterne e candele accese che creano un&#8217;atmosfera calda e magica. Proprio di fronte al lago, un cartello illuminato con la scritta &#8220;Sposami&#8221; vi attende, indicando il punto esatto in cui verr\u00e0 posta la fatidica domanda.<\/p>\n<p style=\"text-align: justify;\">Il suono dell&#8217;acqua, la luce soffusa del tramonto e l&#8217;intimit\u00e0 dell&#8217;ambiente trasformano questo momento in un momento di assoluta connessione. L&#8217;allestimento floreale, i colori e ogni dettaglio sono pensati per riflettere il vostro stile e rendere la proposta un&#8217;esperienza personale, delicata ed emozionante.<\/p>\n<p style=\"text-align: justify;\">Dopo la proposta e il primo brindisi, l&#8217;esperienza continua senza lasciare la location. Un tavolo per due elegantemente decorato vi aspetta sul bordo del molo per una cena privata sotto le stelle. Il men\u00f9 pu\u00f2 essere personalizzato in base ai vostri gusti, includendo prodotti locali, piatti della tradizione italiana o anche un&#8217;opzione gourmet personalizzata.<\/p>\n<p style=\"text-align: justify;\">Questo tipo di proposta \u00e8 ideale per le coppie che sognano un ambiente romantico all&#8217;aperto e che apprezzano sia l&#8217;estetica che l&#8217;emozione del momento. Il Lago di Garda, con la sua serenit\u00e0, la sua bellezza naturale e la luce dorata a fine giornata, \u00e8 la cornice perfetta per iniziare una nuova vita.<\/p>\n<p style=\"text-align: justify;\">\u00c8 richiesta la prenotazione anticipata per garantire la disponibilit\u00e0 del molo, degli allestimenti, dell&#8217;illuminazione e del servizio di cena. Tutto \u00e8 attentamente coordinato, curando ogni dettaglio per un&#8217;esperienza impeccabile e personalizzata.<\/p>\n<p style=\"text-align: justify;\">Rendi la tua proposta intima, elegante e assolutamente indimenticabile. Ambientato sul Lago di Garda, con candele, fiori, cena alla luce del tramonto e una promessa che inizia a battere nel cuore dell&#8217;acqua.<\/p>\n<h3 style=\"text-align: justify;\">Cosa include la tua proposta sul molo del Lago di Garda<\/h3>\n<ul style=\"text-align: justify;\">\n<li aria-level=\"1\">Uso esclusivo di un molo privato sul Lago di Garda<\/li>\n<li aria-level=\"1\">Cartello &#8220;SPOSAMI&#8221;, arco floreale e tappeto rosso<\/li>\n<li aria-level=\"1\">Dettagli romantici a lume di candela<\/li>\n<li aria-level=\"1\">Cena privata per due nella stessa location<\/li>\n<li aria-level=\"1\">Organizzazione della proposta di matrimonio.<\/li>\n<li aria-level=\"1\">Opzionale: 1 notte al resort (su richiesta)<\/li>\n<\/ul>\n<p style=\"text-align: justify;\"><strong>Prezzo: su richiesta<\/strong><\/p>\n<h3 style=\"text-align: justify;\">Puoi aggiungere:<\/h3>\n<ul style=\"text-align: justify;\">\n<li style=\"font-weight: 400;\" aria-level=\"1\">Fotografo<\/li>\n<li style=\"font-weight: 400;\" aria-level=\"1\">Videografo<\/li>\n<li style=\"font-weight: 400;\" aria-level=\"1\">Trasporti<\/li>\n<li style=\"font-weight: 400;\" aria-level=\"1\">Organizzalo come preferisci!<\/li>\n<\/ul>\n<h3 style=\"text-align: justify;\">Facilit\u00e0 di pagamento<\/h3>\n<p style=\"text-align: justify;\">S\u00ec! Non \u00e8 necessario pagare l&#8217;intero importo per la proposta sul molo del Lago di Garda. \u00c8 sufficiente prenotare un acconto e pagare il saldo il giorno dell&#8217;evento.<\/p>\n<p style=\"text-align: justify;\">Comodit\u00e0 per te!<\/p>\n<p style=\"text-align: justify;\">*Le quote non sono rimborsabili se l&#8217;evento viene annullato per qualsiasi motivo.<\/p>\n<p><\/p>","protected":false},"excerpt":{"rendered":"<p style=\"text-align: justify;\">Questa proposta sul molo del Lago di Garda \u00e8 un modo unico per dichiarare il tuo amore al tuo partner, circondati da una natura maestosa. <strong>Prezzo: su richiesta. Prenotazione anticipata obbligatoria.<\/strong><\/p>\n","protected":false},"featured_media":41118,"comment_status":"open","ping_status":"closed","template":"","meta":{"_mo_disable_npp":""},"product_brand":[],"product_cat":[3003],"product_tag":[],"class_list":{"0":"post-39163","1":"product","2":"type-product","3":"status-publish","4":"has-post-thumbnail","6":"product_cat-marriage-proposal-packages-in-europe","8":"first","9":"instock","10":"taxable","11":"shipping-taxable","12":"product-type-simple"},"_links":{"self":[{"href":"https:\/\/perfectvenue.eu\/it\/wp-json\/wp\/v2\/product\/39163","targetHints":{"allow":["GET"]}}],"collection":[{"href":"https:\/\/perfectvenue.eu\/it\/wp-json\/wp\/v2\/product"}],"about":[{"href":"https:\/\/perfectvenue.eu\/it\/wp-json\/wp\/v2\/types\/product"}],"replies":[{"embeddable":true,"href":"https:\/\/perfectvenue.eu\/it\/wp-json\/wp\/v2\/comments?post=39163"}],"wp:featuredmedia":[{"embeddable":true,"href":"https:\/\/perfectvenue.eu\/it\/wp-json\/wp\/v2\/media\/41118"}],"wp:attachment":[{"href":"https:\/\/perfectvenue.eu\/it\/wp-json\/wp\/v2\/media?parent=39163"}],"wp:term":[{"taxonomy":"product_brand","embeddable":true,"href":"https:\/\/perfectvenue.eu\/it\/wp-json\/wp\/v2\/product_brand?post=39163"},{"taxonomy":"product_cat","embeddable":true,"href":"https:\/\/perfectvenue.eu\/it\/wp-json\/wp\/v2\/product_cat?post=39163"},{"taxonomy":"product_tag","embeddable":true,"href":"https:\/\/perfectvenue.eu\/it\/wp-json\/wp\/v2\/product_tag?post=39163"}],"curies":[{"name":"wp","href":"https:\/\/api.w.org\/{rel}","templated":true}]}}